{"id":764,"date":"2023-06-08T11:18:38","date_gmt":"2023-06-08T09:18:38","guid":{"rendered":"https:\/\/www.billia.it\/centrocongressi\/?page_id=764"},"modified":"2024-04-12T09:06:04","modified_gmt":"2024-04-12T07:06:04","slug":"salle-zerbion","status":"publish","type":"page","link":"https:\/\/www.billia.it\/centrocongressi\/fr\/salle-zerbion\/","title":{"rendered":"Salle Zerbion"},"content":{"rendered":"[vc_row css=\u00a0\u00bb.vc_custom_1463131158685{margin-bottom: 30px !important;}\u00a0\u00bb][vc_column offset=\u00a0\u00bbvc_col-lg-6 vc_col-md-12&Prime;][vc_gallery type=\u00a0\u00bbflexslider_slide\u00a0\u00bb interval=\u00a0\u00bb3&Prime; images=\u00a0\u00bb774,770&Prime; onclick=\u00a0\u00bb\u00a0\u00bb][\/vc_column][vc_column offset=\u00a0\u00bbvc_col-lg-6 vc_col-md-12&Prime;]<h4 class=\"calluna-heading calluna-heading-none text-align-center \" style=\"color: #7fa69d;\"><span>Fiche technique<\/span><\/h4>[vc_tta_tour style=\u00a0\u00bbmodern\u00a0\u00bb shape=\u00a0\u00bbround\u00a0\u00bb color=\u00a0\u00bbwhite\u00a0\u00bb active_section=\u00a0\u00bb1&Prime;][vc_tta_section title=\u00a0\u00bbDescription\u00a0\u00bb tab_id=\u00a0\u00bb1461744278037-3ab293cc-7831&Prime;][vc_column_text css_animation=\u00a0\u00bbright-to-left\u00a0\u00bb]\n<p class=\"p1\">La salle est de forme r\u00e9guli\u00e8re et se trouve au rez-de-chauss\u00e9e sur le c\u00f4t\u00e9 nord et donne avec ses grandes portes vitr\u00e9es sur le Mont Zerbion, la montagne qui domine Saint-Vincent. L\u2019espace permet d\u2019accueillir 70 places avec sc\u00e8ne et podium, ou permet des am\u00e9nagements avec des bancs d\u2019\u00e9cole. La cloison vitr\u00e9e &#8211; qui assure la lumi\u00e8re naturelle &#8211; cr\u00e9e un environnement particuli\u00e8rement accueillant.<\/p>\n[\/vc_column_text][\/vc_tta_section][vc_tta_section title=\u00a0\u00bbTailles\u00a0\u00bb tab_id=\u00a0\u00bb1459924885113-5f03a884-4e0b\u00a0\u00bb][vc_column_text css_animation=\u00a0\u00bbright-to-left\u00a0\u00bb]\n<p class=\"p1\">Zone m\u00b2 = 78<\/p>\n<p class=\"p1\">Taille = m. 10,7 x 7,3<\/p>\n<p class=\"p1\">Hauteur m. = 3<\/p>\n[\/vc_column_text][\/vc_tta_section][vc_tta_section title=\u00a0\u00bbCapacit\u00e9\u00a0\u00bb tab_id=\u00a0\u00bb1459924885163-8073b0b9-ae33&Prime;][vc_column_text css_animation=\u00a0\u00bbright-to-left\u00a0\u00bb]\n<p class=\"p1\">Capacit\u00e9 maximale = 70 personnes<\/p>\n<p class=\"p1\">Capacit\u00e9 avec une disposition en fer \u00e0 cheval = 28<\/p>\n<p class=\"p1\">Capacit\u00e9 avec une table = 32<\/p>\n<p class=\"p1\">Capacit\u00e9 \u00e0 classe = 36<\/p>\n<p class=\"p1\">Capacit\u00e9s avec le th\u00e9\u00e2tre layout = 70<\/p>\n[\/vc_column_text][\/vc_tta_section][vc_tta_section title=\u00a0\u00bb\u00c9quipement technique\u00a0\u00bb tab_id=\u00a0\u00bb1686048854509-b14d9df3-3278&Prime;][vc_column_text]\n<ul class=\"ul1\">\n<li class=\"li1\">Projecteur Panasonic Full HD 6.000 lumen; les signaux sont transmis sur c\u00e2ble optique HDMI<\/li>\n<li class=\"li1\">\u00c9cran motoris\u00e9 (pour projection frontale) d\u2019environ 4&#215;3 m<\/li>\n<li class=\"li1\">Syst\u00e8me audio (mono), avec microphones fixes, sans fil et lavalier Shure<\/li>\n<li class=\"li1\">Mixer audio Midas<\/li>\n<\/ul>\n[\/vc_column_text][\/vc_tta_section][\/vc_tta_tour][\/vc_column][\/vc_row][vc_row css=\u00a0\u00bb.vc_custom_1462871997902{padding-top: 50px !important;background-color: #f1f2f2 !important;}\u00a0\u00bb][vc_column][vc_column_text css_animation=\u00a0\u00bbbottom-to-top\u00a0\u00bb css=\u00a0\u00bb.vc_custom_1686048973399{padding-top: 20px !important;padding-left: 20px !important;}\u00a0\u00bb]\n<p style=\"color: #1d1d1d;\">Contactez-nous pour tous les besoins, nous vous fournirons toutes les informations techniques et vous pouvez obtenir un devis gratuit sans engagement.<\/p>\n<p style=\"color: #1d1d1d;\">Tel: (+39)-0166-5231<\/p>\n<p class=\"p1\"><span class=\"s1\">E-mail: <a href=\"mailto:congress.billia@svrc.it\"><span class=\"s2\">congress.billia@svrc.it<\/span><\/a> <\/span><\/p>\n[\/vc_column_text][vc_raw_html]JTNDZGl2JTIwY2xhc3MlM0QlMjJib3R0b25lLWNlbnRyYWxlJTIyJTNFJTBBJTNDYSUyMGhyZWYlM0QlMjIlMkZmciUyRmNvbnRhY3RzJTJGJTIyJTIwY2xhc3MlM0QlMjJidG4tcHJpbWFyeSUyMiUzRSUwQUNvbnRhY3RzJTBBJTNDJTJGYSUzRSUzQyUyRmRpdiUzRSUwQQ==[\/vc_raw_html][vc_empty_space][\/vc_column][\/vc_row]\n","protected":false},"excerpt":{"rendered":"<p>[vc_row css=\u00a0\u00bb.vc_custom_1463131158685{margin-bottom: 30px !important;}\u00a0\u00bb][vc_column offset=\u00a0\u00bbvc_col-lg-6 vc_col-md-12&Prime;][vc_gallery type=\u00a0\u00bbflexslider_slide\u00a0\u00bb interval=\u00a0\u00bb3&Prime; images=\u00a0\u00bb774,770&Prime; onclick=\u00a0\u00bb\u00a0\u00bb][\/vc_column][vc_column offset=\u00a0\u00bbvc_col-lg-6 vc_col-md-12&Prime;][vc_tta_tour style=\u00a0\u00bbmodern\u00a0\u00bb shape=\u00a0\u00bbround\u00a0\u00bb color=\u00a0\u00bbwhite\u00a0\u00bb active_section=\u00a0\u00bb1&Prime;][vc_tta_section title=\u00a0\u00bbDescription\u00a0\u00bb tab_id=\u00a0\u00bb1461744278037-3ab293cc-7831&Prime;][vc_column_text css_animation=\u00a0\u00bbright-to-left\u00a0\u00bb] La salle est de forme r\u00e9guli\u00e8re et se trouve au rez-de-chauss\u00e9e sur le c\u00f4t\u00e9 nord et donne avec ses grandes portes vitr\u00e9es sur le Mont Zerbion, la montagne qui domine Saint-Vincent. L\u2019espace permet d\u2019accueillir 70 places [&hellip;]<\/p>\n","protected":false},"author":3,"featured_media":0,"parent":0,"menu_order":0,"comment_status":"closed","ping_status":"closed","template":"","meta":[],"yoast_head":"<!-- This site is optimized with the Yoast SEO plugin v18.2 - https:\/\/yoast.com\/wordpress\/plugins\/seo\/ -->\n<title>Salle Zerbion du Centre de Congr\u00e8s Billia \u00e0 Saint-Vincent, en Vall\u00e9e d&#039;Aoste<\/title>\n<meta name=\"description\" content=\"Salle Zerbion du Centre de Congr\u00e8s Billia \u00e0 Saint-Vincent, en Vall\u00e9e d&#039;Aoste. D\u00e9couvrez notre centre de congr\u00e8s en Vall\u00e9e d&#039;Aoste, cliquez ici...\" \/>\n<meta name=\"robots\" content=\"index, follow, max-snippet:-1, max-image-preview:large, max-video-preview:-1\" \/>\n<link rel=\"canonical\" href=\"https:\/\/www.billia.it\/centrocongressi\/fr\/salle-zerbion\/\" \/>\n<meta property=\"og:locale\" content=\"fr_FR\" \/>\n<meta property=\"og:type\" content=\"article\" \/>\n<meta property=\"og:title\" content=\"Salle Zerbion du Centre de Congr\u00e8s Billia \u00e0 Saint-Vincent, en Vall\u00e9e d&#039;Aoste\" \/>\n<meta property=\"og:description\" content=\"Salle Zerbion du Centre de Congr\u00e8s Billia \u00e0 Saint-Vincent, en Vall\u00e9e d&#039;Aoste. D\u00e9couvrez notre centre de congr\u00e8s en Vall\u00e9e d&#039;Aoste, cliquez ici...\" \/>\n<meta property=\"og:url\" content=\"https:\/\/www.billia.it\/centrocongressi\/fr\/salle-zerbion\/\" \/>\n<meta property=\"og:site_name\" content=\"Centro congressi Billia\" \/>\n<meta property=\"article:modified_time\" content=\"2024-04-12T07:06:04+00:00\" \/>\n<meta name=\"twitter:card\" content=\"summary\" \/>\n<meta name=\"twitter:label1\" content=\"Dur\u00e9e de lecture estim\u00e9e\" \/>\n\t<meta name=\"twitter:data1\" content=\"2 minutes\" \/>\n<script type=\"application\/ld+json\" class=\"yoast-schema-graph\">{\"@context\":\"https:\/\/schema.org\",\"@graph\":[{\"@type\":\"WebSite\",\"@id\":\"https:\/\/www.billia.it\/centrocongressi\/#website\",\"url\":\"https:\/\/www.billia.it\/centrocongressi\/\",\"name\":\"Centro congressi Billia\",\"description\":\"Centro congressi a Saint-Vincent, Valle d&#039;Aosta\",\"potentialAction\":[{\"@type\":\"SearchAction\",\"target\":{\"@type\":\"EntryPoint\",\"urlTemplate\":\"https:\/\/www.billia.it\/centrocongressi\/?s={search_term_string}\"},\"query-input\":\"required name=search_term_string\"}],\"inLanguage\":\"fr-FR\"},{\"@type\":\"WebPage\",\"@id\":\"https:\/\/www.billia.it\/centrocongressi\/fr\/salle-zerbion\/#webpage\",\"url\":\"https:\/\/www.billia.it\/centrocongressi\/fr\/salle-zerbion\/\",\"name\":\"Salle Zerbion du Centre de Congr\u00e8s Billia \u00e0 Saint-Vincent, en Vall\u00e9e d'Aoste\",\"isPartOf\":{\"@id\":\"https:\/\/www.billia.it\/centrocongressi\/#website\"},\"datePublished\":\"2023-06-08T09:18:38+00:00\",\"dateModified\":\"2024-04-12T07:06:04+00:00\",\"description\":\"Salle Zerbion du Centre de Congr\u00e8s Billia \u00e0 Saint-Vincent, en Vall\u00e9e d'Aoste. D\u00e9couvrez notre centre de congr\u00e8s en Vall\u00e9e d'Aoste, cliquez ici...\",\"breadcrumb\":{\"@id\":\"https:\/\/www.billia.it\/centrocongressi\/fr\/salle-zerbion\/#breadcrumb\"},\"inLanguage\":\"fr-FR\",\"potentialAction\":[{\"@type\":\"ReadAction\",\"target\":[\"https:\/\/www.billia.it\/centrocongressi\/fr\/salle-zerbion\/\"]}]},{\"@type\":\"BreadcrumbList\",\"@id\":\"https:\/\/www.billia.it\/centrocongressi\/fr\/salle-zerbion\/#breadcrumb\",\"itemListElement\":[{\"@type\":\"ListItem\",\"position\":1,\"name\":\"Home\",\"item\":\"https:\/\/www.billia.it\/centrocongressi\/fr\/\"},{\"@type\":\"ListItem\",\"position\":2,\"name\":\"Salle Zerbion\"}]}]}<\/script>\n<!-- \/ Yoast SEO plugin. -->","yoast_head_json":{"title":"Salle Zerbion du Centre de Congr\u00e8s Billia \u00e0 Saint-Vincent, en Vall\u00e9e d'Aoste","description":"Salle Zerbion du Centre de Congr\u00e8s Billia \u00e0 Saint-Vincent, en Vall\u00e9e d'Aoste. D\u00e9couvrez notre centre de congr\u00e8s en Vall\u00e9e d'Aoste, cliquez ici...","robots":{"index":"index","follow":"follow","max-snippet":"max-snippet:-1","max-image-preview":"max-image-preview:large","max-video-preview":"max-video-preview:-1"},"canonical":"https:\/\/www.billia.it\/centrocongressi\/fr\/salle-zerbion\/","og_locale":"fr_FR","og_type":"article","og_title":"Salle Zerbion du Centre de Congr\u00e8s Billia \u00e0 Saint-Vincent, en Vall\u00e9e d'Aoste","og_description":"Salle Zerbion du Centre de Congr\u00e8s Billia \u00e0 Saint-Vincent, en Vall\u00e9e d'Aoste. D\u00e9couvrez notre centre de congr\u00e8s en Vall\u00e9e d'Aoste, cliquez ici...","og_url":"https:\/\/www.billia.it\/centrocongressi\/fr\/salle-zerbion\/","og_site_name":"Centro congressi Billia","article_modified_time":"2024-04-12T07:06:04+00:00","twitter_card":"summary","twitter_misc":{"Dur\u00e9e de lecture estim\u00e9e":"2 minutes"},"schema":{"@context":"https:\/\/schema.org","@graph":[{"@type":"WebSite","@id":"https:\/\/www.billia.it\/centrocongressi\/#website","url":"https:\/\/www.billia.it\/centrocongressi\/","name":"Centro congressi Billia","description":"Centro congressi a Saint-Vincent, Valle d&#039;Aosta","potentialAction":[{"@type":"SearchAction","target":{"@type":"EntryPoint","urlTemplate":"https:\/\/www.billia.it\/centrocongressi\/?s={search_term_string}"},"query-input":"required name=search_term_string"}],"inLanguage":"fr-FR"},{"@type":"WebPage","@id":"https:\/\/www.billia.it\/centrocongressi\/fr\/salle-zerbion\/#webpage","url":"https:\/\/www.billia.it\/centrocongressi\/fr\/salle-zerbion\/","name":"Salle Zerbion du Centre de Congr\u00e8s Billia \u00e0 Saint-Vincent, en Vall\u00e9e d'Aoste","isPartOf":{"@id":"https:\/\/www.billia.it\/centrocongressi\/#website"},"datePublished":"2023-06-08T09:18:38+00:00","dateModified":"2024-04-12T07:06:04+00:00","description":"Salle Zerbion du Centre de Congr\u00e8s Billia \u00e0 Saint-Vincent, en Vall\u00e9e d'Aoste. D\u00e9couvrez notre centre de congr\u00e8s en Vall\u00e9e d'Aoste, cliquez ici...","breadcrumb":{"@id":"https:\/\/www.billia.it\/centrocongressi\/fr\/salle-zerbion\/#breadcrumb"},"inLanguage":"fr-FR","potentialAction":[{"@type":"ReadAction","target":["https:\/\/www.billia.it\/centrocongressi\/fr\/salle-zerbion\/"]}]},{"@type":"BreadcrumbList","@id":"https:\/\/www.billia.it\/centrocongressi\/fr\/salle-zerbion\/#breadcrumb","itemListElement":[{"@type":"ListItem","position":1,"name":"Home","item":"https:\/\/www.billia.it\/centrocongressi\/fr\/"},{"@type":"ListItem","position":2,"name":"Salle Zerbion"}]}]}},"_links":{"self":[{"href":"https:\/\/www.billia.it\/centrocongressi\/fr\/wp-json\/wp\/v2\/pages\/764"}],"collection":[{"href":"https:\/\/www.billia.it\/centrocongressi\/fr\/wp-json\/wp\/v2\/pages"}],"about":[{"href":"https:\/\/www.billia.it\/centrocongressi\/fr\/wp-json\/wp\/v2\/types\/page"}],"author":[{"embeddable":true,"href":"https:\/\/www.billia.it\/centrocongressi\/fr\/wp-json\/wp\/v2\/users\/3"}],"replies":[{"embeddable":true,"href":"https:\/\/www.billia.it\/centrocongressi\/fr\/wp-json\/wp\/v2\/comments?post=764"}],"version-history":[{"count":2,"href":"https:\/\/www.billia.it\/centrocongressi\/fr\/wp-json\/wp\/v2\/pages\/764\/revisions"}],"predecessor-version":[{"id":845,"href":"https:\/\/www.billia.it\/centrocongressi\/fr\/wp-json\/wp\/v2\/pages\/764\/revisions\/845"}],"wp:attachment":[{"href":"https:\/\/www.billia.it\/centrocongressi\/fr\/wp-json\/wp\/v2\/media?parent=764"}],"curies":[{"name":"wp","href":"https:\/\/api.w.org\/{rel}","templated":true}]}}