{"id":933,"date":"2022-02-24T16:15:59","date_gmt":"2022-02-24T15:15:59","guid":{"rendered":"https:\/\/www.billia.it\/fooddrink\/?page_id=933"},"modified":"2026-04-06T12:29:51","modified_gmt":"2026-04-06T10:29:51","slug":"ristorante-a-saint-vincent","status":"publish","type":"page","link":"https:\/\/www.billia.it\/fooddrink\/fr\/ristorante-a-saint-vincent\/","title":{"rendered":"Salles du restaurant"},"content":{"rendered":"[vc_row full_width=\u00a0\u00bbstretch_row_content_no_spaces\u00a0\u00bb css=\u00a0\u00bb.vc_custom_1457385742109{margin-top: 0px !important;margin-bottom: 0px !important;padding-top: 0px !important;padding-bottom: 0px !important;}\u00a0\u00bb][vc_column][vc_row_inner css=\u00a0\u00bb.vc_custom_1645716876393{background-color: #303030 !important;}\u00a0\u00bb][vc_column_inner css=\u00a0\u00bb.vc_custom_1457385035937{margin-top: 0px !important;margin-bottom: 0px !important;padding-top: 0px !important;padding-bottom: 0px !important;}\u00a0\u00bb]\n\t\t\t<section class=\"image-square right\">\n\t\t\t    <div class=\"col-md-6 image\">\n\t\t\t        <div class=\"background-image-holder\">\n\t\t\t            <img width=\"1920\" height=\"1110\" src=\"https:\/\/www.billia.it\/fooddrink\/wp-content\/uploads\/sites\/6\/2016\/03\/grande-vue.jpg\" class=\"background-image\" alt=\"Ristorante Grande vue\" loading=\"lazy\" srcset=\"https:\/\/www.billia.it\/fooddrink\/wp-content\/uploads\/sites\/6\/2016\/03\/grande-vue.jpg 1920w, https:\/\/www.billia.it\/fooddrink\/wp-content\/uploads\/sites\/6\/2016\/03\/grande-vue-300x173.jpg 300w, https:\/\/www.billia.it\/fooddrink\/wp-content\/uploads\/sites\/6\/2016\/03\/grande-vue-768x444.jpg 768w, https:\/\/www.billia.it\/fooddrink\/wp-content\/uploads\/sites\/6\/2016\/03\/grande-vue-1024x592.jpg 1024w\" sizes=\"(max-width: 1920px) 100vw, 1920px\" \/>\n\t\t\t        <\/div>\n\t\t\t    <\/div>\n\t\t\t    <div class=\"col-md-6 content\">\n\t\t\t        <h2 class=\"calluna-heading calluna-heading-h2 text-align-left \" style=\"color: #f0f0f0;\"><span>La Grande Vue<\/span><\/h2>\n<p style=\"color: #f0f0f0\">La salle se situe tout pr\u00e8s de l\u2019imposante hall du Grand H\u00f4tel Billia. La pr\u00e9cieuse boiserie et les tissus de qualit\u00e9 lui donnent une ambiance chaleureuse et raffin\u00e9e<br \/>\n60 places disponibles.<\/p>\n<p><a class=\"btn-primary \" href=\"http:\/\/www.billia.it\/fooddrink\/fr\/grande-vue\/\">En savoir plus&#8230;<\/a>\n\t\t\t    <\/div>\n\t\t\t<\/section>\n\t\t[\/vc_column_inner][\/vc_row_inner][\/vc_column][\/vc_row][vc_row full_width=\u00a0\u00bbstretch_row_content_no_spaces\u00a0\u00bb css=\u00a0\u00bb.vc_custom_1457385719035{margin-top: 0px !important;margin-bottom: 0px !important;padding-top: 0px !important;padding-bottom: 0px !important;}\u00a0\u00bb][vc_column][vc_row_inner css=\u00a0\u00bb.vc_custom_1645716884969{background-color: #303030 !important;}\u00a0\u00bb][vc_column_inner css=\u00a0\u00bb.vc_custom_1457385035937{margin-top: 0px !important;margin-bottom: 0px !important;padding-top: 0px !important;padding-bottom: 0px !important;}\u00a0\u00bb]\n\t\t\t<section class=\"image-square left\">\n\t\t\t    <div class=\"col-md-6 image\">\n\t\t\t        <div class=\"background-image-holder\">\n\t\t\t            <img width=\"1920\" height=\"1110\" src=\"https:\/\/www.billia.it\/fooddrink\/wp-content\/uploads\/sites\/6\/2016\/03\/1908.jpg\" class=\"background-image\" alt=\"Ristorante 1908\" loading=\"lazy\" srcset=\"https:\/\/www.billia.it\/fooddrink\/wp-content\/uploads\/sites\/6\/2016\/03\/1908.jpg 1920w, https:\/\/www.billia.it\/fooddrink\/wp-content\/uploads\/sites\/6\/2016\/03\/1908-300x173.jpg 300w, https:\/\/www.billia.it\/fooddrink\/wp-content\/uploads\/sites\/6\/2016\/03\/1908-768x444.jpg 768w, https:\/\/www.billia.it\/fooddrink\/wp-content\/uploads\/sites\/6\/2016\/03\/1908-1024x592.jpg 1024w\" sizes=\"(max-width: 1920px) 100vw, 1920px\" \/>\n\t\t\t        <\/div>\n\t\t\t    <\/div>\n\t\t\t    <div class=\"col-md-6 col-md-offset-1 content\">\n\t\t\t        <h2 class=\"calluna-heading calluna-heading-h2 text-align-left \" style=\"color: #f29400;\"><span>1908<\/span><\/h2>\n<p style=\"color: #f0f0f0\">La salle central et le plus important du Grand H\u00f4tel Billia. Son nom \u00e9voque la date d\u2019ouverture de l\u2019h\u00f4tel.<br \/>\n90 places disponibles<\/p>\n<p><a class=\"btn-primary \" href=\"http:\/\/www.billia.it\/fooddrink\/fr\/1908\/\">En savoir plus&#8230;<\/a>\n\t\t\t    <\/div>\n\t\t\t<\/section>\n\t\t[\/vc_column_inner][\/vc_row_inner][\/vc_column][\/vc_row][vc_row full_width=\u00a0\u00bbstretch_row_content_no_spaces\u00a0\u00bb css=\u00a0\u00bb.vc_custom_1457385719035{margin-top: 0px !important;margin-bottom: 0px !important;padding-top: 0px !important;padding-bottom: 0px !important;}\u00a0\u00bb][vc_column][vc_row_inner css=\u00a0\u00bb.vc_custom_1645716893321{background-color: #303030 !important;}\u00a0\u00bb][vc_column_inner css=\u00a0\u00bb.vc_custom_1457385035937{margin-top: 0px !important;margin-bottom: 0px !important;padding-top: 0px !important;padding-bottom: 0px !important;}\u00a0\u00bb]\n\t\t\t<section class=\"image-square right\">\n\t\t\t    <div class=\"col-md-6 image\">\n\t\t\t        <div class=\"background-image-holder\">\n\t\t\t            <img width=\"1920\" height=\"1110\" src=\"https:\/\/www.billia.it\/fooddrink\/wp-content\/uploads\/sites\/6\/2016\/03\/rascard.jpg\" class=\"background-image\" alt=\"ristorante a saint vincent valle d&#039;aosta\" loading=\"lazy\" srcset=\"https:\/\/www.billia.it\/fooddrink\/wp-content\/uploads\/sites\/6\/2016\/03\/rascard.jpg 1920w, https:\/\/www.billia.it\/fooddrink\/wp-content\/uploads\/sites\/6\/2016\/03\/rascard-300x173.jpg 300w, https:\/\/www.billia.it\/fooddrink\/wp-content\/uploads\/sites\/6\/2016\/03\/rascard-768x444.jpg 768w, https:\/\/www.billia.it\/fooddrink\/wp-content\/uploads\/sites\/6\/2016\/03\/rascard-1024x592.jpg 1024w\" sizes=\"(max-width: 1920px) 100vw, 1920px\" \/>\n\t\t\t        <\/div>\n\t\t\t    <\/div>\n\t\t\t    <div class=\"col-md-6 content\">\n\t\t\t        <h2 class=\"calluna-heading calluna-heading-h2 text-align-left \" style=\"color: #f0f0f0;\"><span>Le Rascard<\/span><\/h2>\n<p style=\"color: #f0f0f0\">Une salle de nouvelle conc\u00e9ption, pr\u00e9s le parc s\u00e9culaire et branch\u00e9e au Grand H\u00f4tel Billia \u00e0 travers passages transparents<br \/>\n280 places disponibles.<\/p>\n<p><a class=\"btn-primary \" href=\"http:\/\/www.billia.it\/fooddrink\/fr\/rascard\/\">En savoir plus&#8230;<\/a>\n\t\t\t    <\/div>\n\t\t\t<\/section>\n\t\t[\/vc_column_inner][\/vc_row_inner][vc_row_inner css=\u00a0\u00bb.vc_custom_1645716901721{background-color: #303030 !important;}\u00a0\u00bb][vc_column_inner css=\u00a0\u00bb.vc_custom_1457385035937{margin-top: 0px !important;margin-bottom: 0px !important;padding-top: 0px !important;padding-bottom: 0px !important;}\u00a0\u00bb]\n\t\t\t<section class=\"image-square left\">\n\t\t\t    <div class=\"col-md-6 image\">\n\t\t\t        <div class=\"background-image-holder\">\n\t\t\t            <img width=\"1920\" height=\"1110\" src=\"https:\/\/www.billia.it\/fooddrink\/wp-content\/uploads\/sites\/6\/2017\/12\/vinotheque-fandb.jpg\" class=\"background-image\" alt=\"\" loading=\"lazy\" srcset=\"https:\/\/www.billia.it\/fooddrink\/wp-content\/uploads\/sites\/6\/2017\/12\/vinotheque-fandb.jpg 1920w, https:\/\/www.billia.it\/fooddrink\/wp-content\/uploads\/sites\/6\/2017\/12\/vinotheque-fandb-300x173.jpg 300w, https:\/\/www.billia.it\/fooddrink\/wp-content\/uploads\/sites\/6\/2017\/12\/vinotheque-fandb-768x444.jpg 768w, https:\/\/www.billia.it\/fooddrink\/wp-content\/uploads\/sites\/6\/2017\/12\/vinotheque-fandb-1024x592.jpg 1024w\" sizes=\"(max-width: 1920px) 100vw, 1920px\" \/>\n\t\t\t        <\/div>\n\t\t\t    <\/div>\n\t\t\t    <div class=\"col-md-6 col-md-offset-1 content\">\n\t\t\t        <h2 class=\"calluna-heading calluna-heading-h2 text-align-left \" style=\"color: #f29400;\"><span>Vinoth\u00e8que<\/span><\/h2>\n<p style=\"color: #f0f0f0\">Un endroit accueillant o\u00f9 se rencontrer, entour\u00e9s par l\u2019art et l\u2019histoire, pour d\u00e9guster en compagnie les excellences de la gastronomie et de l\u2019\u0153nologie vald\u00f4taines. Voil\u00e0 la juste occasion pour commencer un parcours agr\u00e9able \u00e0 la d\u00e9couverte du Val d\u2019Aoste.<\/p>\n<p><a class=\"btn-primary \" href=\"http:\/\/www.billia.it\/fooddrink\/fr\/vinotheque\/\">En savoir plus&#8230;<\/a>\n\t\t\t    <\/div>\n\t\t\t<\/section>\n\t\t[\/vc_column_inner][\/vc_row_inner][\/vc_column][\/vc_row][vc_row full_width=\u00a0\u00bbstretch_row_content_no_spaces\u00a0\u00bb css=\u00a0\u00bb.vc_custom_1457385710784{margin-top: 0px !important;margin-bottom: 0px !important;padding-top: 0px !important;padding-bottom: 0px !important;}\u00a0\u00bb][vc_column][vc_row_inner css=\u00a0\u00bb.vc_custom_1645716867937{background-color: #303030 !important;}\u00a0\u00bb][vc_column_inner css=\u00a0\u00bb.vc_custom_1457385035937{margin-top: 0px !important;margin-bottom: 0px !important;padding-top: 0px !important;padding-bottom: 0px !important;}\u00a0\u00bb]\n\t\t\t<section class=\"image-square right\">\n\t\t\t    <div class=\"col-md-6 image\">\n\t\t\t        <div class=\"background-image-holder\">\n\t\t\t            <img width=\"1920\" height=\"1110\" src=\"https:\/\/www.billia.it\/fooddrink\/wp-content\/uploads\/sites\/6\/2016\/03\/brasserie-du-casino.jpg\" class=\"background-image\" alt=\"\" loading=\"lazy\" srcset=\"https:\/\/www.billia.it\/fooddrink\/wp-content\/uploads\/sites\/6\/2016\/03\/brasserie-du-casino.jpg 1920w, https:\/\/www.billia.it\/fooddrink\/wp-content\/uploads\/sites\/6\/2016\/03\/brasserie-du-casino-300x173.jpg 300w, https:\/\/www.billia.it\/fooddrink\/wp-content\/uploads\/sites\/6\/2016\/03\/brasserie-du-casino-768x444.jpg 768w, https:\/\/www.billia.it\/fooddrink\/wp-content\/uploads\/sites\/6\/2016\/03\/brasserie-du-casino-1024x592.jpg 1024w\" sizes=\"(max-width: 1920px) 100vw, 1920px\" \/>\n\t\t\t        <\/div>\n\t\t\t    <\/div>\n\t\t\t    <div class=\"col-md-6 content\">\n\t\t\t        <h2 class=\"calluna-heading calluna-heading-h2 text-align-left \" style=\"color: #f29400;\"><span>Brasserie du Casino<\/span><\/h2>\n<p style=\"color: #f0f0f0\">La Brasserie du Casino est un restaurant envelopp\u00e9 d\u2019une atmosph\u00e8re \u00e9l\u00e9gante et discr\u00e8te. Depuis toujours, il est le lieu de pr\u00e9dilection des habitu\u00e9s du Casino de la Vall\u00e9e, tout en accueillant ceux qui souhaitent s\u2019offrir une soir\u00e9e d\u2019exception dans un cadre intime et raffin\u00e9.<\/p>\n<p><a class=\"btn-primary \" href=\"http:\/\/www.billia.it\/fooddrink\/fr\/brasserie-du-casino\/\">En savoir plus&#8230;<\/a>\n\t\t\t    <\/div>\n\t\t\t<\/section>\n\t\t[\/vc_column_inner][\/vc_row_inner][\/vc_column][\/vc_row][vc_row full_width=\u00a0\u00bbstretch_row_content_no_spaces\u00a0\u00bb][vc_column offset=\u00a0\u00bbvc_col-lg-4&Prime;][vc_raw_html]JTNDZGl2JTIwY2xhc3MlM0QlMjJyZXNvcnQlMjIlM0UlMjAlMEElMjAlMjAlMjAlMjAlMjAlM0NpbWclMjBzcmMlM0QlMjIlMkZ3cC1jb250ZW50JTJGdXBsb2FkcyUyRjIwMTklMkYwMyUyRnRlcm1lLXNhaW50dmluY2VudC5qcGclMjIlMjBhbHQlM0QlMjJDZW50cm8lMjBiZW5lc3NlcmUlMjIlMjAlMkYlM0UlMjAlMEElMjAlMjAlMjAlMjAlMjAlM0NkaXYlMjBjbGFzcyUzRCUyMm1hc2NoZXJhJTIyJTNFJTIwJTBBJTIwJTIwJTIwJTIwJTIwJTNDaDMlM0VSZWxheCUzQyUyRmgzJTNFJTIwJTBBJTIwJTIwJTIwJTIwJTIwJTNDcCUyMHN0eWxlJTNEJTIyY29sb3IlM0ElMjAlMjNlOGU4ZTglMjIlM0VTcGElMjBsJTI3RXZlJTNDJTJGcCUzRSUyMCUwQSUyMCUyMCUyMCUyMCUyMCUyMCUyMCUyMCUyMCUzQ2ElMjBocmVmJTNEJTIyJTJGc3BhJTJGZnIlMkYlMjIlMjBjbGFzcyUzRCUyMnB1bHNhbnRlJTIyJTNFRW4lMjBzYXZvaXIlMjBwbHVzLi4uJTNDJTJGYSUzRSUyMCUwQSUyMCUyMCUyMCUyMCUyMCUzQyUyRmRpdiUzRSUyMCUwQSUzQyUyRmRpdiUzRSUwQSUwQSUwQQ==[\/vc_raw_html][\/vc_column][vc_column offset=\u00a0\u00bbvc_col-lg-4&Prime;][vc_raw_html]JTNDZGl2JTIwY2xhc3MlM0QlMjJyZXNvcnQlMjIlM0UlMjAlMEElMjAlMjAlMjAlMjAlMjAlM0NpbWclMjBzcmMlM0QlMjIlMkZ3cC1jb250ZW50JTJGdXBsb2FkcyUyRjIwMTklMkYwMyUyRmhvdGVsLXNhaW50LXZpbmNlbnQuanBnJTIyJTIwYWx0JTNEJTIyUmVzb3J0JTIyJTIwJTJGJTNFJTIwJTBBJTIwJTIwJTIwJTIwJTIwJTNDZGl2JTIwY2xhc3MlM0QlMjJtYXNjaGVyYSUyMiUzRSUyMCUwQSUyMCUyMCUyMCUyMCUyMCUzQ2gzJTNFSG90ZWwlM0MlMkZoMyUzRSUyMCUwQSUyMCUyMCUyMCUyMCUyMCUzQ3AlMjBzdHlsZSUzRCUyMmNvbG9yJTNBJTIwJTIzZThlOGU4JTIyJTNFTGVzJTIwSG90ZWxzJTIwZHUlMjBSZXNvcnQlM0MlMkZwJTNFJTIwJTBBJTIwJTIwJTIwJTIwJTIwJTIwJTIwJTIwJTIwJTNDYSUyMGhyZWYlM0QlMjIlMkZncmFuZGhvdGVsYmlsbGlhJTJGZnIlMkYlMjIlMjBjbGFzcyUzRCUyMnB1bHNhbnRlJTIyJTNFR3JhbmQlMjBIb3RlbCUyMEJpbGxpYSUzQyUyRmElM0UlMEElMjAlMjAlMjAlMjAlMjAlMjAlMjAlMjAlMjAlM0NwJTNFJTNDJTJGcCUzRSUwQSUyMCUyMCUyMCUyMCUyMCUyMCUyMCUyMCUyMCUzQ2ElMjBocmVmJTNEJTIyJTJGcGFyY2hvdGVsYmlsbGlhJTJGZnIlMkYlMjIlMjBjbGFzcyUzRCUyMnB1bHNhbnRlJTIyJTNFUGFyYyUyMEhvdGVsJTIwQmlsbGlhJTNDJTJGYSUzRSUwQSUyMCUyMCUyMCUyMCUyMCUzQyUyRmRpdiUzRSUyMCUwQSUzQyUyRmRpdiUzRSUwQSUwQSUwQSUwQQ==[\/vc_raw_html][\/vc_column][vc_column offset=\u00a0\u00bbvc_col-lg-4 vc_col-md-12&Prime;][vc_raw_html]JTNDZGl2JTIwY2xhc3MlM0QlMjJyZXNvcnQlMjIlM0UlMjAlMEElMjAlMjAlMjAlMjAlMjAlM0NpbWclMjBzcmMlM0QlMjIlMkZ3cC1jb250ZW50JTJGdXBsb2FkcyUyRjIwMTklMkYwMyUyRnJpc3RvcmFudGUtc2FpbnR2aW5jZW50LmpwZyUyMiUyMGFsdCUzRCUyMlJpc3RvcmFudGklMjIlMjAlMkYlM0UlMjAlMEElMjAlMjAlMjAlMjAlMjAlM0NkaXYlMjBjbGFzcyUzRCUyMm1hc2NoZXJhJTIyJTNFJTIwJTBBJTIwJTIwJTIwJTIwJTIwJTNDaDMlM0VGb29kJTIwJTI2JTIwRHJpbmslM0MlMkZoMyUzRSUyMCUwQSUyMCUyMCUyMCUyMCUyMCUzQ3AlMjBzdHlsZSUzRCUyMmNvbG9yJTNBJTIwJTIzZThlOGU4JTIyJTNFUmVzdGF1cmFudHMlMjBldCUyMGJhcnMlMjBkdSUyMFJlc29ydCUzQyUyRnAlM0UlMjAlMEElMjAlMjAlMjAlMjAlMjAlMjAlMjAlMjAlMjAlM0NhJTIwaHJlZiUzRCUyMiUyRmZvb2RkcmluayUyRmZyJTJGJTIyJTIwY2xhc3MlM0QlMjJwdWxzYW50ZSUyMiUzRUVuJTIwc2F2b2lyJTIwcGx1cyUzQyUyRmElM0UlMjAlMEElMjAlMjAlMjAlMjAlMjAlM0MlMkZkaXYlM0UlMjAlMEElM0MlMkZkaXYlM0UlMEElMEElMEElMEE=[\/vc_raw_html][\/vc_column][\/vc_row]\n","protected":false},"excerpt":{"rendered":"<p>[vc_row full_width=\u00a0\u00bbstretch_row_content_no_spaces\u00a0\u00bb css=\u00a0\u00bb.vc_custom_1457385742109{margin-top: 0px !important;margin-bottom: 0px !important;padding-top: 0px !important;padding-bottom: 0px !important;}\u00a0\u00bb][vc_column][vc_row_inner css=\u00a0\u00bb.vc_custom_1645716876393{background-color: #303030 !important;}\u00a0\u00bb][vc_column_inner css=\u00a0\u00bb.vc_custom_1457385035937{margin-top: 0px !important;margin-bottom: 0px !important;padding-top: 0px !important;padding-bottom: 0px !important;}\u00a0\u00bb][\/vc_column_inner][\/vc_row_inner][\/vc_column][\/vc_row][vc_row full_width=\u00a0\u00bbstretch_row_content_no_spaces\u00a0\u00bb css=\u00a0\u00bb.vc_custom_1457385719035{margin-top: 0px !important;margin-bottom: 0px !important;padding-top: 0px !important;padding-bottom: 0px !important;}\u00a0\u00bb][vc_column][vc_row_inner css=\u00a0\u00bb.vc_custom_1645716884969{background-color: #303030 !important;}\u00a0\u00bb][vc_column_inner css=\u00a0\u00bb.vc_custom_1457385035937{margin-top: 0px !important;margin-bottom: 0px !important;padding-top: 0px !important;padding-bottom: 0px !important;}\u00a0\u00bb][\/vc_column_inner][\/vc_row_inner][\/vc_column][\/vc_row][vc_row full_width=\u00a0\u00bbstretch_row_content_no_spaces\u00a0\u00bb css=\u00a0\u00bb.vc_custom_1457385719035{margin-top: 0px !important;margin-bottom: 0px !important;padding-top: 0px !important;padding-bottom: 0px !important;}\u00a0\u00bb][vc_column][vc_row_inner [&hellip;]<\/p>\n","protected":false},"author":1,"featured_media":0,"parent":0,"menu_order":0,"comment_status":"closed","ping_status":"closed","template":"","meta":[],"yoast_head":"<!-- This site is optimized with the Yoast SEO plugin v18.2 - https:\/\/yoast.com\/wordpress\/plugins\/seo\/ -->\n<title>Salles du restaurant - Food &amp; Drink<\/title>\n<meta name=\"robots\" content=\"index, follow, max-snippet:-1, max-image-preview:large, max-video-preview:-1\" \/>\n<link rel=\"canonical\" href=\"https:\/\/www.billia.it\/fooddrink\/fr\/ristorante-a-saint-vincent\/\" \/>\n<meta property=\"og:locale\" content=\"fr_FR\" \/>\n<meta property=\"og:type\" content=\"article\" \/>\n<meta property=\"og:title\" content=\"Salles du restaurant - Food &amp; Drink\" \/>\n<meta property=\"og:description\" content=\"[vc_row full_width=\u00a0\u00bbstretch_row_content_no_spaces\u00a0\u00bb css=\u00a0\u00bb.vc_custom_1457385742109{margin-top: 0px !important;margin-bottom: 0px !important;padding-top: 0px !important;padding-bottom: 0px !important;}\u00a0\u00bb][vc_column][vc_row_inner css=\u00a0\u00bb.vc_custom_1645716876393{background-color: #303030 !important;}\u00a0\u00bb][vc_column_inner css=\u00a0\u00bb.vc_custom_1457385035937{margin-top: 0px !important;margin-bottom: 0px !important;padding-top: 0px !important;padding-bottom: 0px !important;}\u00a0\u00bb][\/vc_column_inner][\/vc_row_inner][\/vc_column][\/vc_row][vc_row full_width=\u00a0\u00bbstretch_row_content_no_spaces\u00a0\u00bb css=\u00a0\u00bb.vc_custom_1457385719035{margin-top: 0px !important;margin-bottom: 0px !important;padding-top: 0px !important;padding-bottom: 0px !important;}\u00a0\u00bb][vc_column][vc_row_inner css=\u00a0\u00bb.vc_custom_1645716884969{background-color: #303030 !important;}\u00a0\u00bb][vc_column_inner css=\u00a0\u00bb.vc_custom_1457385035937{margin-top: 0px !important;margin-bottom: 0px !important;padding-top: 0px !important;padding-bottom: 0px !important;}\u00a0\u00bb][\/vc_column_inner][\/vc_row_inner][\/vc_column][\/vc_row][vc_row full_width=\u00a0\u00bbstretch_row_content_no_spaces\u00a0\u00bb css=\u00a0\u00bb.vc_custom_1457385719035{margin-top: 0px !important;margin-bottom: 0px !important;padding-top: 0px !important;padding-bottom: 0px !important;}\u00a0\u00bb][vc_column][vc_row_inner [&hellip;]\" \/>\n<meta property=\"og:url\" content=\"https:\/\/www.billia.it\/fooddrink\/fr\/ristorante-a-saint-vincent\/\" \/>\n<meta property=\"og:site_name\" content=\"Food &amp; Drink\" \/>\n<meta property=\"article:modified_time\" content=\"2026-04-06T10:29:51+00:00\" \/>\n<meta name=\"twitter:card\" content=\"summary\" \/>\n<meta name=\"twitter:label1\" content=\"Dur\u00e9e de lecture estim\u00e9e\" \/>\n\t<meta name=\"twitter:data1\" content=\"2 minutes\" \/>\n<script type=\"application\/ld+json\" class=\"yoast-schema-graph\">{\"@context\":\"https:\/\/schema.org\",\"@graph\":[{\"@type\":\"WebSite\",\"@id\":\"https:\/\/www.billia.it\/fooddrink\/#website\",\"url\":\"https:\/\/www.billia.it\/fooddrink\/\",\"name\":\"Food &amp; Drink\",\"description\":\"Ristoranti e bar del Saint-Vincent Resort &amp; Casino\",\"potentialAction\":[{\"@type\":\"SearchAction\",\"target\":{\"@type\":\"EntryPoint\",\"urlTemplate\":\"https:\/\/www.billia.it\/fooddrink\/?s={search_term_string}\"},\"query-input\":\"required name=search_term_string\"}],\"inLanguage\":\"fr-FR\"},{\"@type\":\"WebPage\",\"@id\":\"https:\/\/www.billia.it\/fooddrink\/fr\/ristorante-a-saint-vincent\/#webpage\",\"url\":\"https:\/\/www.billia.it\/fooddrink\/fr\/ristorante-a-saint-vincent\/\",\"name\":\"Salles du restaurant - Food &amp; Drink\",\"isPartOf\":{\"@id\":\"https:\/\/www.billia.it\/fooddrink\/#website\"},\"datePublished\":\"2022-02-24T15:15:59+00:00\",\"dateModified\":\"2026-04-06T10:29:51+00:00\",\"breadcrumb\":{\"@id\":\"https:\/\/www.billia.it\/fooddrink\/fr\/ristorante-a-saint-vincent\/#breadcrumb\"},\"inLanguage\":\"fr-FR\",\"potentialAction\":[{\"@type\":\"ReadAction\",\"target\":[\"https:\/\/www.billia.it\/fooddrink\/fr\/ristorante-a-saint-vincent\/\"]}]},{\"@type\":\"BreadcrumbList\",\"@id\":\"https:\/\/www.billia.it\/fooddrink\/fr\/ristorante-a-saint-vincent\/#breadcrumb\",\"itemListElement\":[{\"@type\":\"ListItem\",\"position\":1,\"name\":\"Home\",\"item\":\"https:\/\/www.billia.it\/fooddrink\/fr\/\"},{\"@type\":\"ListItem\",\"position\":2,\"name\":\"Salles du restaurant\"}]}]}<\/script>\n<!-- \/ Yoast SEO plugin. -->","yoast_head_json":{"title":"Salles du restaurant - Food &amp; Drink","robots":{"index":"index","follow":"follow","max-snippet":"max-snippet:-1","max-image-preview":"max-image-preview:large","max-video-preview":"max-video-preview:-1"},"canonical":"https:\/\/www.billia.it\/fooddrink\/fr\/ristorante-a-saint-vincent\/","og_locale":"fr_FR","og_type":"article","og_title":"Salles du restaurant - Food &amp; Drink","og_description":"[vc_row full_width=\u00a0\u00bbstretch_row_content_no_spaces\u00a0\u00bb css=\u00a0\u00bb.vc_custom_1457385742109{margin-top: 0px !important;margin-bottom: 0px !important;padding-top: 0px !important;padding-bottom: 0px !important;}\u00a0\u00bb][vc_column][vc_row_inner css=\u00a0\u00bb.vc_custom_1645716876393{background-color: #303030 !important;}\u00a0\u00bb][vc_column_inner css=\u00a0\u00bb.vc_custom_1457385035937{margin-top: 0px !important;margin-bottom: 0px !important;padding-top: 0px !important;padding-bottom: 0px !important;}\u00a0\u00bb][\/vc_column_inner][\/vc_row_inner][\/vc_column][\/vc_row][vc_row full_width=\u00a0\u00bbstretch_row_content_no_spaces\u00a0\u00bb css=\u00a0\u00bb.vc_custom_1457385719035{margin-top: 0px !important;margin-bottom: 0px !important;padding-top: 0px !important;padding-bottom: 0px !important;}\u00a0\u00bb][vc_column][vc_row_inner css=\u00a0\u00bb.vc_custom_1645716884969{background-color: #303030 !important;}\u00a0\u00bb][vc_column_inner css=\u00a0\u00bb.vc_custom_1457385035937{margin-top: 0px !important;margin-bottom: 0px !important;padding-top: 0px !important;padding-bottom: 0px !important;}\u00a0\u00bb][\/vc_column_inner][\/vc_row_inner][\/vc_column][\/vc_row][vc_row full_width=\u00a0\u00bbstretch_row_content_no_spaces\u00a0\u00bb css=\u00a0\u00bb.vc_custom_1457385719035{margin-top: 0px !important;margin-bottom: 0px !important;padding-top: 0px !important;padding-bottom: 0px !important;}\u00a0\u00bb][vc_column][vc_row_inner [&hellip;]","og_url":"https:\/\/www.billia.it\/fooddrink\/fr\/ristorante-a-saint-vincent\/","og_site_name":"Food &amp; Drink","article_modified_time":"2026-04-06T10:29:51+00:00","twitter_card":"summary","twitter_misc":{"Dur\u00e9e de lecture estim\u00e9e":"2 minutes"},"schema":{"@context":"https:\/\/schema.org","@graph":[{"@type":"WebSite","@id":"https:\/\/www.billia.it\/fooddrink\/#website","url":"https:\/\/www.billia.it\/fooddrink\/","name":"Food &amp; Drink","description":"Ristoranti e bar del Saint-Vincent Resort &amp; Casino","potentialAction":[{"@type":"SearchAction","target":{"@type":"EntryPoint","urlTemplate":"https:\/\/www.billia.it\/fooddrink\/?s={search_term_string}"},"query-input":"required name=search_term_string"}],"inLanguage":"fr-FR"},{"@type":"WebPage","@id":"https:\/\/www.billia.it\/fooddrink\/fr\/ristorante-a-saint-vincent\/#webpage","url":"https:\/\/www.billia.it\/fooddrink\/fr\/ristorante-a-saint-vincent\/","name":"Salles du restaurant - Food &amp; Drink","isPartOf":{"@id":"https:\/\/www.billia.it\/fooddrink\/#website"},"datePublished":"2022-02-24T15:15:59+00:00","dateModified":"2026-04-06T10:29:51+00:00","breadcrumb":{"@id":"https:\/\/www.billia.it\/fooddrink\/fr\/ristorante-a-saint-vincent\/#breadcrumb"},"inLanguage":"fr-FR","potentialAction":[{"@type":"ReadAction","target":["https:\/\/www.billia.it\/fooddrink\/fr\/ristorante-a-saint-vincent\/"]}]},{"@type":"BreadcrumbList","@id":"https:\/\/www.billia.it\/fooddrink\/fr\/ristorante-a-saint-vincent\/#breadcrumb","itemListElement":[{"@type":"ListItem","position":1,"name":"Home","item":"https:\/\/www.billia.it\/fooddrink\/fr\/"},{"@type":"ListItem","position":2,"name":"Salles du restaurant"}]}]}},"_links":{"self":[{"href":"https:\/\/www.billia.it\/fooddrink\/fr\/wp-json\/wp\/v2\/pages\/933"}],"collection":[{"href":"https:\/\/www.billia.it\/fooddrink\/fr\/wp-json\/wp\/v2\/pages"}],"about":[{"href":"https:\/\/www.billia.it\/fooddrink\/fr\/wp-json\/wp\/v2\/types\/page"}],"author":[{"embeddable":true,"href":"https:\/\/www.billia.it\/fooddrink\/fr\/wp-json\/wp\/v2\/users\/1"}],"replies":[{"embeddable":true,"href":"https:\/\/www.billia.it\/fooddrink\/fr\/wp-json\/wp\/v2\/comments?post=933"}],"version-history":[{"count":11,"href":"https:\/\/www.billia.it\/fooddrink\/fr\/wp-json\/wp\/v2\/pages\/933\/revisions"}],"predecessor-version":[{"id":1223,"href":"https:\/\/www.billia.it\/fooddrink\/fr\/wp-json\/wp\/v2\/pages\/933\/revisions\/1223"}],"wp:attachment":[{"href":"https:\/\/www.billia.it\/fooddrink\/fr\/wp-json\/wp\/v2\/media?parent=933"}],"curies":[{"name":"wp","href":"https:\/\/api.w.org\/{rel}","templated":true}]}}