{"id":1495,"date":"2016-05-13T09:09:57","date_gmt":"2016-05-13T07:09:57","guid":{"rendered":"http:\/\/www.billia.it\/fr\/partner\/"},"modified":"2018-08-23T12:12:22","modified_gmt":"2018-08-23T10:12:22","slug":"partner","status":"publish","type":"page","link":"https:\/\/www.billia.it\/fr\/partner\/","title":{"rendered":"Partner"},"content":{"rendered":"[vc_row full_width=\u00a0\u00bbstretch_row_content_no_spaces\u00a0\u00bb css=\u00a0\u00bb.vc_custom_1457385742109{margin-top: 0px !important;margin-bottom:<br \/>\n0px !important;padding-top: 0px !important;padding-bottom: 0px !important;}\u00a0\u00bb][vc_column][vc_row_inner css=\u00a0\u00bb.vc_custom_1463123420517{background: #f2f3f4 url(http:\/\/www.billia.it\/wp-content\/uploads\/2016\/05\/saintvincentresortcasino.jpg?id=467) !important;}\u00a0\u00bb][vc_column_inner css=\u00a0\u00bb.vc_custom_1460359592013{margin-top: 0px !important;margin-bottom: 0px !important;padding-top: 0px !<br \/>\nimportant;padding-bottom: 0px !important;}\u00a0\u00bb]\n\t\t\t<section class=\"image-square right\">\n\t\t\t    <div class=\"col-md-6 image\">\n\t\t\t        <div class=\"background-image-holder\">\n\t\t\t            <img width=\"1222\" height=\"706\" src=\"https:\/\/www.billia.it\/wp-content\/uploads\/2018\/05\/devere.jpg\" class=\"background-image\" alt=\"\" loading=\"lazy\" srcset=\"https:\/\/www.billia.it\/wp-content\/uploads\/2018\/05\/devere.jpg 1222w, https:\/\/www.billia.it\/wp-content\/uploads\/2018\/05\/devere-300x173.jpg 300w, https:\/\/www.billia.it\/wp-content\/uploads\/2018\/05\/devere-768x444.jpg 768w, https:\/\/www.billia.it\/wp-content\/uploads\/2018\/05\/devere-1024x592.jpg 1024w\" sizes=\"(max-width: 1222px) 100vw, 1222px\" \/>\n\t\t\t        <\/div>\n\t\t\t    <\/div>\n\t\t\t    <div class=\"col-md-6 content\">\n\t\t\t        <h2 class=\"calluna-heading calluna-heading-none text-align-left \" style=\"color: #1d1d1d;\"><span>De Vere Concept<\/span><\/h2>\n<p><strong>De Vere Concept<\/strong> est le premier marchand de publicit\u00e9 italien qui s\u2019occupe des Casinos et concentre son activit\u00e9 principale sur la communication \u00e0 large \u00e9ventail, regroupant dans ses propres programmes la conception e l\u2019organisation d\u2019\u00e9v\u00e9nements, le d\u00e9veloppement de la communication et l\u2019organisation de Tournois de Poker.\n\t\t\t    <\/div>\n\t\t\t<\/section>\n\t\t[\/vc_column_inner][\/vc_row_inner][\/vc_column][\/vc_row][vc_row full_width=\u00a0\u00bbstretch_row_content_no_spaces\u00a0\u00bb css=\u00a0\u00bb.vc_custom_1461576278358{margin-top: 0px !important;margin-bottom: 0px !important;padding-top: 0px !important;padding-bottom: 0px !important;}\u00a0\u00bb][vc_column][vc_row_inner css=\u00a0\u00bb.vc_custom_1463123315685{background: #f2f3f4 url(http:\/\/www.billia.it\/wp-content\/uploads\/2016\/05\/saintvincentresortcasino.jpg?id=467) !important;}\u00a0\u00bb][vc_column_inner css=\u00a0\u00bb.vc_custom_1460359583741{margin-top: 0px !<br \/>\nimportant;margin-bottom: 0px !important;padding-top: 0px !important;padding-bottom: 0px !important;}\u00a0\u00bb]\n\t\t\t<section class=\"image-square left\">\n\t\t\t    <div class=\"col-md-6 image\">\n\t\t\t        <div class=\"background-image-holder\">\n\t\t\t            <img width=\"1920\" height=\"1110\" src=\"https:\/\/www.billia.it\/wp-content\/uploads\/2016\/05\/partner.jpg\" class=\"background-image\" alt=\"\" loading=\"lazy\" srcset=\"https:\/\/www.billia.it\/wp-content\/uploads\/2016\/05\/partner.jpg 1920w, https:\/\/www.billia.it\/wp-content\/uploads\/2016\/05\/partner-300x173.jpg 300w, https:\/\/www.billia.it\/wp-content\/uploads\/2016\/05\/partner-768x444.jpg 768w, https:\/\/www.billia.it\/wp-content\/uploads\/2016\/05\/partner-1024x592.jpg 1024w\" sizes=\"(max-width: 1920px) 100vw, 1920px\" \/>\n\t\t\t        <\/div>\n\t\t\t    <\/div>\n\t\t\t    <div class=\"col-md-6 col-md-offset-1 content\">\n\t\t\t        <h2 class=\"calluna-heading calluna-heading-h2 text-align-left \" style=\"color: #70584a;\"><span>Sky Way<\/span><\/h2>\n<p><strong>Skyway Monte Bianco<\/strong>, SkyWay Monte Bianco, la nouvelle t\u00e9l\u00e9ph\u00e9rique du Mont Blanc vous offre un voyage extraordinaire en pr\u00e9sence des sommets du Dent du G\u00e8ant, du Mont Blanc, des Dames Anglaises, du Cervin, du Rosa et du Grand Paradis. \n\t\t\t    <\/div>\n\t\t\t<\/section>\n\t\t[\/vc_column_inner][\/vc_row_inner][\/vc_column][\/vc_row][vc_row full_width=\u00a0\u00bbstretch_row_content_no_spaces\u00a0\u00bb css=\u00a0\u00bb.vc_custom_1457385742109{margin-top: 0px !important;margin-bottom:<br \/>\n0px !important;padding-top: 0px !important;padding-bottom: 0px !important;}\u00a0\u00bb][vc_column][vc_row_inner css=\u00a0\u00bb.vc_custom_1463123420517{background: #f2f3f4 url(http:\/\/www.billia.it\/wp-content\/uploads\/2016\/05\/saintvincentresortcasino.jpg?id=467) !important;}\u00a0\u00bb][vc_column_inner css=\u00a0\u00bb.vc_custom_1460359592013{margin-top: 0px !important;margin-bottom: 0px !important;padding-top: 0px !<br \/>\nimportant;padding-bottom: 0px !important;}\u00a0\u00bb]\n\t\t\t<section class=\"image-square right\">\n\t\t\t    <div class=\"col-md-6 image\">\n\t\t\t        <div class=\"background-image-holder\">\n\t\t\t            <img width=\"1920\" height=\"1110\" src=\"https:\/\/www.billia.it\/wp-content\/uploads\/2016\/05\/forte-di-bard.jpg\" class=\"background-image\" alt=\"\" loading=\"lazy\" srcset=\"https:\/\/www.billia.it\/wp-content\/uploads\/2016\/05\/forte-di-bard.jpg 1920w, https:\/\/www.billia.it\/wp-content\/uploads\/2016\/05\/forte-di-bard-300x173.jpg 300w, https:\/\/www.billia.it\/wp-content\/uploads\/2016\/05\/forte-di-bard-768x444.jpg 768w, https:\/\/www.billia.it\/wp-content\/uploads\/2016\/05\/forte-di-bard-1024x592.jpg 1024w\" sizes=\"(max-width: 1920px) 100vw, 1920px\" \/>\n\t\t\t        <\/div>\n\t\t\t    <\/div>\n\t\t\t    <div class=\"col-md-6 content\">\n\t\t\t        <h2 class=\"calluna-heading calluna-heading-none text-align-left \" style=\"color: #1d1d1d;\"><span>Forte di Bard<\/span><\/h2>\n<p>La <strong>Forteresse de Bard<\/strong>, intacte d\u00e8s sa \u00e9dification repr\u00e9sente un des meilleurs exemples de Forteresse de barrage du d\u00e9but du XIX\u00e8me si\u00e8cle. Aujourd\u2019hui est devenu un des pole de mus\u00e9e parmi les plus importants d\u2019Europe pour l\u2019unicit\u00e9 des expositions e des \u00e9v\u00e9nements organis\u00e9s avec continuit\u00e9.\n\t\t\t    <\/div>\n\t\t\t<\/section>\n\t\t[\/vc_column_inner][\/vc_row_inner][\/vc_column][\/vc_row][vc_row full_width=\u00a0\u00bbstretch_row_content_no_spaces\u00a0\u00bb css=\u00a0\u00bb.vc_custom_1457385742109{margin-top: 0px !important;margin-bottom:<br \/>\n0px !important;padding-top: 0px !important;padding-bottom: 0px !important;}\u00a0\u00bb][vc_column][vc_row_inner css=\u00a0\u00bb.vc_custom_1463123420517{background: #f2f3f4 url(http:\/\/www.billia.it\/wp-content\/uploads\/2016\/05\/saintvincentresortcasino.jpg?id=467) !important;}\u00a0\u00bb][vc_column_inner css=\u00a0\u00bb.vc_custom_1460359592013{margin-top: 0px !important;margin-bottom: 0px !important;padding-top: 0px !<br \/>\nimportant;padding-bottom: 0px !important;}\u00a0\u00bb]\n\t\t\t<section class=\"image-square left\">\n\t\t\t    <div class=\"col-md-6 image\">\n\t\t\t        <div class=\"background-image-holder\">\n\t\t\t            <img width=\"1920\" height=\"1110\" src=\"https:\/\/www.billia.it\/wp-content\/uploads\/2016\/05\/funivie-cervino.jpg\" class=\"background-image\" alt=\"Funivie Cervino\" loading=\"lazy\" srcset=\"https:\/\/www.billia.it\/wp-content\/uploads\/2016\/05\/funivie-cervino.jpg 1920w, https:\/\/www.billia.it\/wp-content\/uploads\/2016\/05\/funivie-cervino-300x173.jpg 300w, https:\/\/www.billia.it\/wp-content\/uploads\/2016\/05\/funivie-cervino-768x444.jpg 768w, https:\/\/www.billia.it\/wp-content\/uploads\/2016\/05\/funivie-cervino-1024x592.jpg 1024w\" sizes=\"(max-width: 1920px) 100vw, 1920px\" \/>\n\t\t\t        <\/div>\n\t\t\t    <\/div>\n\t\t\t    <div class=\"col-md-6 col-md-offset-1 content\">\n\t\t\t        <h2 class=\"calluna-heading calluna-heading-none text-align-left \" style=\"color: #1d1d1d;\"><span>Funivie Cervino<\/span><\/h2>\n<p><strong>Les t\u00e9l\u00e9ph\u00e9riques du Mont Cervin<\/strong>. Les origines de Breuil \u2013 Cervinia date de 200 ann\u00e9es avant, d\u00e8s que la nature non contamin\u00e9e dominait les pieds du Mont Cervin et le bassin du Breuil \u00e9tait un immense p\u00e2turage alpin qu\u2019on pouvait atteindre seulement en marchant \u00e0 pieds.\n\t\t\t    <\/div>\n\t\t\t<\/section>\n\t\t[\/vc_column_inner][\/vc_row_inner][\/vc_column][\/vc_row][vc_row full_width=\u00a0\u00bbstretch_row_content_no_spaces\u00a0\u00bb css=\u00a0\u00bb.vc_custom_1457385742109{margin-top: 0px !important;margin-bottom:<br \/>\n0px !important;padding-top: 0px !important;padding-bottom: 0px !important;}\u00a0\u00bb][vc_column][vc_row_inner css=\u00a0\u00bb.vc_custom_1463123420517{background: #f2f3f4 url(http:\/\/www.billia.it\/wp-content\/uploads\/2016\/05\/saintvincentresortcasino.jpg?id=467) !important;}\u00a0\u00bb][vc_column_inner css=\u00a0\u00bb.vc_custom_1460359592013{margin-top: 0px !important;margin-bottom: 0px !important;padding-top: 0px !<br \/>\nimportant;padding-bottom: 0px !important;}\u00a0\u00bb]\n\t\t\t<section class=\"image-square right\">\n\t\t\t    <div class=\"col-md-6 image\">\n\t\t\t        <div class=\"background-image-holder\">\n\t\t\t            <img width=\"1920\" height=\"1110\" src=\"https:\/\/www.billia.it\/wp-content\/uploads\/2016\/05\/mumm-champagne.jpg\" class=\"background-image\" alt=\"Mumm Champagne\" loading=\"lazy\" srcset=\"https:\/\/www.billia.it\/wp-content\/uploads\/2016\/05\/mumm-champagne.jpg 1920w, https:\/\/www.billia.it\/wp-content\/uploads\/2016\/05\/mumm-champagne-300x173.jpg 300w, https:\/\/www.billia.it\/wp-content\/uploads\/2016\/05\/mumm-champagne-768x444.jpg 768w, https:\/\/www.billia.it\/wp-content\/uploads\/2016\/05\/mumm-champagne-1024x592.jpg 1024w\" sizes=\"(max-width: 1920px) 100vw, 1920px\" \/>\n\t\t\t        <\/div>\n\t\t\t    <\/div>\n\t\t\t    <div class=\"col-md-6 content\">\n\t\t\t        <h2 class=\"calluna-heading calluna-heading-h2 text-align-left \" style=\"color: #70584a;\"><span>Mumm<\/span><\/h2>\nLa<strong> Mumm ou G. H. Mumm &amp; Cie<\/strong>, qui se trouve \u00e0 Reims, R\u00e9gion Champagne Ardenne, est une des plus grandes maisons pour la production du Champagne dans le Monde.\n\t\t\t    <\/div>\n\t\t\t<\/section>\n\t\t[\/vc_column_inner][\/vc_row_inner][\/vc_column][\/vc_row]\n","protected":false},"excerpt":{"rendered":"<p>[vc_row full_width=\u00a0\u00bbstretch_row_content_no_spaces\u00a0\u00bb css=\u00a0\u00bb.vc_custom_1457385742109{margin-top: 0px !important;margin-bottom: 0px !important;padding-top: 0px !important;padding-bottom: 0px !important;}\u00a0\u00bb][vc_column][vc_row_inner css=\u00a0\u00bb.vc_custom_1463123420517{background: #f2f3f4 url(http:\/\/www.billia.it\/wp-content\/uploads\/2016\/05\/saintvincentresortcasino.jpg?id=467) !important;}\u00a0\u00bb][vc_column_inner css=\u00a0\u00bb.vc_custom_1460359592013{margin-top: 0px !important;margin-bottom: 0px !important;padding-top: 0px ! important;padding-bottom: 0px !important;}\u00a0\u00bb][\/vc_column_inner][\/vc_row_inner][\/vc_column][\/vc_row][vc_row full_width=\u00a0\u00bbstretch_row_content_no_spaces\u00a0\u00bb css=\u00a0\u00bb.vc_custom_1461576278358{margin-top: 0px !important;margin-bottom: 0px !important;padding-top: 0px !important;padding-bottom: 0px !important;}\u00a0\u00bb][vc_column][vc_row_inner css=\u00a0\u00bb.vc_custom_1463123315685{background: #f2f3f4 url(http:\/\/www.billia.it\/wp-content\/uploads\/2016\/05\/saintvincentresortcasino.jpg?id=467) !important;}\u00a0\u00bb][vc_column_inner css=\u00a0\u00bb.vc_custom_1460359583741{margin-top: 0px ! important;margin-bottom: 0px !important;padding-top: 0px !important;padding-bottom: 0px !important;}\u00a0\u00bb][\/vc_column_inner][\/vc_row_inner][\/vc_column][\/vc_row][vc_row full_width=\u00a0\u00bbstretch_row_content_no_spaces\u00a0\u00bb css=\u00a0\u00bb.vc_custom_1457385742109{margin-top: 0px !important;margin-bottom: 0px !important;padding-top: [&hellip;]<\/p>\n","protected":false},"author":1,"featured_media":0,"parent":0,"menu_order":0,"comment_status":"closed","ping_status":"closed","template":"","meta":[],"yoast_head":"<!-- This site is optimized with the Yoast SEO plugin v18.2 - https:\/\/yoast.com\/wordpress\/plugins\/seo\/ -->\n<title>Partner - Saint-Vincent Resort &amp; Casino<\/title>\n<meta name=\"description\" content=\"Pagina dedicata ai partner del Saint-Vincent Resort &amp; Casino, scoprili qui\" \/>\n<meta name=\"robots\" content=\"index, follow, max-snippet:-1, max-image-preview:large, max-video-preview:-1\" \/>\n<link rel=\"canonical\" href=\"https:\/\/www.billia.it\/fr\/partner\/\" \/>\n<meta property=\"og:locale\" content=\"fr_FR\" \/>\n<meta property=\"og:type\" content=\"article\" \/>\n<meta property=\"og:title\" content=\"Partner - Saint-Vincent Resort &amp; Casino\" \/>\n<meta property=\"og:description\" content=\"Pagina dedicata ai partner del Saint-Vincent Resort &amp; Casino, scoprili qui\" \/>\n<meta property=\"og:url\" content=\"https:\/\/www.billia.it\/fr\/partner\/\" \/>\n<meta property=\"og:site_name\" content=\"Saint-Vincent Resort &amp; Casino\" \/>\n<meta property=\"article:modified_time\" content=\"2018-08-23T10:12:22+00:00\" \/>\n<meta name=\"twitter:card\" content=\"summary\" \/>\n<meta name=\"twitter:label1\" content=\"Dur\u00e9e de lecture estim\u00e9e\" \/>\n\t<meta name=\"twitter:data1\" content=\"4 minutes\" \/>\n<script type=\"application\/ld+json\" class=\"yoast-schema-graph\">{\"@context\":\"https:\/\/schema.org\",\"@graph\":[{\"@type\":\"WebSite\",\"@id\":\"https:\/\/www.billia.it\/#website\",\"url\":\"https:\/\/www.billia.it\/\",\"name\":\"Saint-Vincent Resort &amp; Casino\",\"description\":\"Alpine luxury casino &amp; spa Resort\",\"potentialAction\":[{\"@type\":\"SearchAction\",\"target\":{\"@type\":\"EntryPoint\",\"urlTemplate\":\"https:\/\/www.billia.it\/?s={search_term_string}\"},\"query-input\":\"required name=search_term_string\"}],\"inLanguage\":\"fr-FR\"},{\"@type\":\"WebPage\",\"@id\":\"https:\/\/www.billia.it\/fr\/partner\/#webpage\",\"url\":\"https:\/\/www.billia.it\/fr\/partner\/\",\"name\":\"Partner - Saint-Vincent Resort &amp; Casino\",\"isPartOf\":{\"@id\":\"https:\/\/www.billia.it\/#website\"},\"datePublished\":\"2016-05-13T07:09:57+00:00\",\"dateModified\":\"2018-08-23T10:12:22+00:00\",\"description\":\"Pagina dedicata ai partner del Saint-Vincent Resort & Casino, scoprili qui\",\"breadcrumb\":{\"@id\":\"https:\/\/www.billia.it\/fr\/partner\/#breadcrumb\"},\"inLanguage\":\"fr-FR\",\"potentialAction\":[{\"@type\":\"ReadAction\",\"target\":[\"https:\/\/www.billia.it\/fr\/partner\/\"]}]},{\"@type\":\"BreadcrumbList\",\"@id\":\"https:\/\/www.billia.it\/fr\/partner\/#breadcrumb\",\"itemListElement\":[{\"@type\":\"ListItem\",\"position\":1,\"name\":\"Home\",\"item\":\"https:\/\/www.billia.it\/fr\/\"},{\"@type\":\"ListItem\",\"position\":2,\"name\":\"Partner\"}]}]}<\/script>\n<!-- \/ Yoast SEO plugin. -->","yoast_head_json":{"title":"Partner - Saint-Vincent Resort &amp; Casino","description":"Pagina dedicata ai partner del Saint-Vincent Resort & Casino, scoprili qui","robots":{"index":"index","follow":"follow","max-snippet":"max-snippet:-1","max-image-preview":"max-image-preview:large","max-video-preview":"max-video-preview:-1"},"canonical":"https:\/\/www.billia.it\/fr\/partner\/","og_locale":"fr_FR","og_type":"article","og_title":"Partner - Saint-Vincent Resort &amp; Casino","og_description":"Pagina dedicata ai partner del Saint-Vincent Resort & Casino, scoprili qui","og_url":"https:\/\/www.billia.it\/fr\/partner\/","og_site_name":"Saint-Vincent Resort &amp; Casino","article_modified_time":"2018-08-23T10:12:22+00:00","twitter_card":"summary","twitter_misc":{"Dur\u00e9e de lecture estim\u00e9e":"4 minutes"},"schema":{"@context":"https:\/\/schema.org","@graph":[{"@type":"WebSite","@id":"https:\/\/www.billia.it\/#website","url":"https:\/\/www.billia.it\/","name":"Saint-Vincent Resort &amp; Casino","description":"Alpine luxury casino &amp; spa Resort","potentialAction":[{"@type":"SearchAction","target":{"@type":"EntryPoint","urlTemplate":"https:\/\/www.billia.it\/?s={search_term_string}"},"query-input":"required name=search_term_string"}],"inLanguage":"fr-FR"},{"@type":"WebPage","@id":"https:\/\/www.billia.it\/fr\/partner\/#webpage","url":"https:\/\/www.billia.it\/fr\/partner\/","name":"Partner - Saint-Vincent Resort &amp; Casino","isPartOf":{"@id":"https:\/\/www.billia.it\/#website"},"datePublished":"2016-05-13T07:09:57+00:00","dateModified":"2018-08-23T10:12:22+00:00","description":"Pagina dedicata ai partner del Saint-Vincent Resort & Casino, scoprili qui","breadcrumb":{"@id":"https:\/\/www.billia.it\/fr\/partner\/#breadcrumb"},"inLanguage":"fr-FR","potentialAction":[{"@type":"ReadAction","target":["https:\/\/www.billia.it\/fr\/partner\/"]}]},{"@type":"BreadcrumbList","@id":"https:\/\/www.billia.it\/fr\/partner\/#breadcrumb","itemListElement":[{"@type":"ListItem","position":1,"name":"Home","item":"https:\/\/www.billia.it\/fr\/"},{"@type":"ListItem","position":2,"name":"Partner"}]}]}},"_links":{"self":[{"href":"https:\/\/www.billia.it\/fr\/wp-json\/wp\/v2\/pages\/1495"}],"collection":[{"href":"https:\/\/www.billia.it\/fr\/wp-json\/wp\/v2\/pages"}],"about":[{"href":"https:\/\/www.billia.it\/fr\/wp-json\/wp\/v2\/types\/page"}],"author":[{"embeddable":true,"href":"https:\/\/www.billia.it\/fr\/wp-json\/wp\/v2\/users\/1"}],"replies":[{"embeddable":true,"href":"https:\/\/www.billia.it\/fr\/wp-json\/wp\/v2\/comments?post=1495"}],"version-history":[{"count":0,"href":"https:\/\/www.billia.it\/fr\/wp-json\/wp\/v2\/pages\/1495\/revisions"}],"wp:attachment":[{"href":"https:\/\/www.billia.it\/fr\/wp-json\/wp\/v2\/media?parent=1495"}],"curies":[{"name":"wp","href":"https:\/\/api.w.org\/{rel}","templated":true}]}}