{"id":719,"date":"2016-04-07T11:32:05","date_gmt":"2016-04-07T09:32:05","guid":{"rendered":"http:\/\/www.billia.it\/grandhotelbillia\/fr\/camere\/"},"modified":"2022-05-31T15:18:21","modified_gmt":"2022-05-31T13:18:21","slug":"chambres","status":"publish","type":"page","link":"https:\/\/www.billia.it\/grandhotelbillia\/fr\/chambres\/","title":{"rendered":"Chambres"},"content":{"rendered":"[vc_row full_width=\u00a0\u00bbstretch_row_content_no_spaces\u00a0\u00bb css=\u00a0\u00bb.vc_custom_1461576278358{margin-top: 0px !important;margin-bottom: 0px !important;padding-top: 0px !important;padding-bottom: 0px !important;}\u00a0\u00bb][vc_column][vc_row_inner css=\u00a0\u00bb.vc_custom_1645193819375{background-color: #f2f3f4 !important;}\u00a0\u00bb][vc_column_inner css=\u00a0\u00bb.vc_custom_1460359583741{margin-top: 0px !<br \/>\nimportant;margin-bottom: 0px !important;padding-top: 0px !important;padding-bottom: 0px !important;}\u00a0\u00bb]\n\t\t\t<section class=\"image-square left\">\n\t\t\t    <div class=\"col-md-6 image\">\n\t\t\t        <div class=\"background-image-holder\">\n\t\t\t            <img width=\"1920\" height=\"1110\" src=\"https:\/\/www.billia.it\/grandhotelbillia\/wp-content\/uploads\/sites\/2\/2016\/04\/wing-apartment-1.jpg\" class=\"background-image\" alt=\"wing apartmente grand hotel billia\" loading=\"lazy\" srcset=\"https:\/\/www.billia.it\/grandhotelbillia\/wp-content\/uploads\/sites\/2\/2016\/04\/wing-apartment-1.jpg 1920w, https:\/\/www.billia.it\/grandhotelbillia\/wp-content\/uploads\/sites\/2\/2016\/04\/wing-apartment-1-300x173.jpg 300w, https:\/\/www.billia.it\/grandhotelbillia\/wp-content\/uploads\/sites\/2\/2016\/04\/wing-apartment-1-768x444.jpg 768w, https:\/\/www.billia.it\/grandhotelbillia\/wp-content\/uploads\/sites\/2\/2016\/04\/wing-apartment-1-1024x592.jpg 1024w\" sizes=\"(max-width: 1920px) 100vw, 1920px\" \/>\n\t\t\t        <\/div>\n\t\t\t    <\/div>\n\t\t\t    <div class=\"col-md-6 col-md-offset-1 content\">\n\t\t\t        <h2 class=\"calluna-heading calluna-heading-h2 text-align-left \" style=\"color: #b07c12;\"><span>Wing Apartment<\/span><\/h2>\n<p>Situ\u00e9s dans les tours lat\u00e9rales de la caract\u00e9ristique fa\u00e7ade Belle Epoque , les appartements sont la solution optimale pour les familles.<\/p>\n<p><a class=\"btn-primary \" href=\"http:\/\/www.billia.it\/grandhotelbillia\/fr\/camere\/wing-apartment\/\">En savoir plus&#8230;<\/a>\n\t\t\t    <\/div>\n\t\t\t<\/section>\n\t\t[\/vc_column_inner][\/vc_row_inner][\/vc_column][\/vc_row][vc_row full_width=\u00a0\u00bbstretch_row_content_no_spaces\u00a0\u00bb css=\u00a0\u00bb.vc_custom_1457385742109{margin-top: 0px !important;margin-bottom:<br \/>\n0px !important;padding-top: 0px !important;padding-bottom: 0px !important;}\u00a0\u00bb][vc_column][vc_row_inner css=\u00a0\u00bb.vc_custom_1645193831911{background-color: #f4f2f2 !important;}\u00a0\u00bb][vc_column_inner css=\u00a0\u00bb.vc_custom_1460359592013{margin-top: 0px !important;margin-bottom: 0px !important;padding-top: 0px !<br \/>\nimportant;padding-bottom: 0px !important;}\u00a0\u00bb]\n\t\t\t<section class=\"image-square right\">\n\t\t\t    <div class=\"col-md-6 image\">\n\t\t\t        <div class=\"background-image-holder\">\n\t\t\t            <img width=\"1920\" height=\"1110\" src=\"https:\/\/www.billia.it\/grandhotelbillia\/wp-content\/uploads\/sites\/2\/2016\/04\/presidential-suite-saint-vincent.jpg\" class=\"background-image\" alt=\"Presidential suite Grand Hotel Billia\" loading=\"lazy\" srcset=\"https:\/\/www.billia.it\/grandhotelbillia\/wp-content\/uploads\/sites\/2\/2016\/04\/presidential-suite-saint-vincent.jpg 1920w, https:\/\/www.billia.it\/grandhotelbillia\/wp-content\/uploads\/sites\/2\/2016\/04\/presidential-suite-saint-vincent-300x173.jpg 300w, https:\/\/www.billia.it\/grandhotelbillia\/wp-content\/uploads\/sites\/2\/2016\/04\/presidential-suite-saint-vincent-768x444.jpg 768w, https:\/\/www.billia.it\/grandhotelbillia\/wp-content\/uploads\/sites\/2\/2016\/04\/presidential-suite-saint-vincent-1024x592.jpg 1024w\" sizes=\"(max-width: 1920px) 100vw, 1920px\" \/>\n\t\t\t        <\/div>\n\t\t\t    <\/div>\n\t\t\t    <div class=\"col-md-6 content\">\n\t\t\t        <h2 class=\"calluna-heading calluna-heading-none text-align-left \" style=\"color: #1d1d1d;\"><span>Presidential Suite<\/span><\/h2>\n<p>S\u00e9duisant exemple d\u2019\u00e9l\u00e9gance d\u2019antan , la suite pr\u00e9sidentielle occupe la tour centrale du b\u00e2timent historique.<\/p>\n<p><a class=\"btn-primary \" href=\"http:\/\/www.billia.it\/grandhotelbillia\/fr\/camere\/presidential-suite\/\">En savoir plus&#8230;<\/a>\n\t\t\t    <\/div>\n\t\t\t<\/section>\n\t\t[\/vc_column_inner][\/vc_row_inner][\/vc_column][\/vc_row][vc_row full_width=\u00a0\u00bbstretch_row_content\u00a0\u00bb][vc_column]\n\t\t\t<section class=\"image-square left\">\n\t\t\t    <div class=\"col-md-6 image\">\n\t\t\t        <div class=\"background-image-holder\">\n\t\t\t            <img width=\"1427\" height=\"884\" src=\"https:\/\/www.billia.it\/grandhotelbillia\/wp-content\/uploads\/sites\/2\/2016\/04\/suite-saint-vincent.jpg\" class=\"background-image\" alt=\"Suite a Saint-Vincent\" loading=\"lazy\" srcset=\"https:\/\/www.billia.it\/grandhotelbillia\/wp-content\/uploads\/sites\/2\/2016\/04\/suite-saint-vincent.jpg 1427w, https:\/\/www.billia.it\/grandhotelbillia\/wp-content\/uploads\/sites\/2\/2016\/04\/suite-saint-vincent-300x186.jpg 300w, https:\/\/www.billia.it\/grandhotelbillia\/wp-content\/uploads\/sites\/2\/2016\/04\/suite-saint-vincent-768x476.jpg 768w, https:\/\/www.billia.it\/grandhotelbillia\/wp-content\/uploads\/sites\/2\/2016\/04\/suite-saint-vincent-1024x634.jpg 1024w\" sizes=\"(max-width: 1427px) 100vw, 1427px\" \/>\n\t\t\t        <\/div>\n\t\t\t    <\/div>\n\t\t\t    <div class=\"col-md-6 col-md-offset-1 content\">\n\t\t\t        <h2 class=\"calluna-heading calluna-heading-none text-align-left \" style=\"color: #b07c12;\"><span>Suite<\/span><\/h2>\n<p>L\u2019architecture de l\u2019ancien h\u00f4tel fait chaque suite diff\u00e9rente , mais toutes gardent les hauts plafonds du d\u00e9but des ann\u00e9es 1900.<\/p>\n<p><a class=\"btn-primary \" href=\"http:\/\/www.billia.it\/grandhotelbillia\/fr\/camere\/suite\/\">En savoir plus&#8230;<\/a>\n\t\t\t    <\/div>\n\t\t\t<\/section>\n\t\t[\/vc_column][\/vc_row][vc_row full_width=\u00a0\u00bbstretch_row_content\u00a0\u00bb css=\u00a0\u00bb.vc_custom_1645193847981{background-color: #f4f2f2 !important;}\u00a0\u00bb][vc_column]\n\t\t\t<section class=\"image-square right\">\n\t\t\t    <div class=\"col-md-6 image\">\n\t\t\t        <div class=\"background-image-holder\">\n\t\t\t            <img width=\"1920\" height=\"1110\" src=\"https:\/\/www.billia.it\/grandhotelbillia\/wp-content\/uploads\/sites\/2\/2016\/04\/suite-saint-vincent-1.jpg\" class=\"background-image\" alt=\"Suite Saint-Vincent\" loading=\"lazy\" srcset=\"https:\/\/www.billia.it\/grandhotelbillia\/wp-content\/uploads\/sites\/2\/2016\/04\/suite-saint-vincent-1.jpg 1920w, https:\/\/www.billia.it\/grandhotelbillia\/wp-content\/uploads\/sites\/2\/2016\/04\/suite-saint-vincent-1-300x173.jpg 300w, https:\/\/www.billia.it\/grandhotelbillia\/wp-content\/uploads\/sites\/2\/2016\/04\/suite-saint-vincent-1-768x444.jpg 768w, https:\/\/www.billia.it\/grandhotelbillia\/wp-content\/uploads\/sites\/2\/2016\/04\/suite-saint-vincent-1-1024x592.jpg 1024w\" sizes=\"(max-width: 1920px) 100vw, 1920px\" \/>\n\t\t\t        <\/div>\n\t\t\t    <\/div>\n\t\t\t    <div class=\"col-md-6 content\">\n\t\t\t        <h2 class=\"calluna-heading calluna-heading-h2 text-align-left \" style=\"color: #1d1d1d;\"><span>Junior Suite<\/span><\/h2>\n<p>La Junior Suite offre un confortable lit double (certains peuvent \u00eatre transform\u00e9s en lits s\u00e9par\u00e9s ) et un coin salon.<\/p>\n<p><a class=\"btn-primary \" href=\"http:\/\/www.billia.it\/grandhotelbillia\/fr\/camere\/junior-suite\/\">En savoir plus&#8230;<\/a>\n\t\t\t    <\/div>\n\t\t\t<\/section>\n\t\t[\/vc_column][\/vc_row][vc_row full_width=\u00a0\u00bbstretch_row_content\u00a0\u00bb][vc_column]\n\t\t\t<section class=\"image-square left\">\n\t\t\t    <div class=\"col-md-6 image\">\n\t\t\t        <div class=\"background-image-holder\">\n\t\t\t            <img width=\"1920\" height=\"1110\" src=\"https:\/\/www.billia.it\/grandhotelbillia\/wp-content\/uploads\/sites\/2\/2016\/04\/camera-de-luxe.jpg\" class=\"background-image\" alt=\"Camera de luxe Saint-Vincent\" loading=\"lazy\" srcset=\"https:\/\/www.billia.it\/grandhotelbillia\/wp-content\/uploads\/sites\/2\/2016\/04\/camera-de-luxe.jpg 1920w, https:\/\/www.billia.it\/grandhotelbillia\/wp-content\/uploads\/sites\/2\/2016\/04\/camera-de-luxe-300x173.jpg 300w, https:\/\/www.billia.it\/grandhotelbillia\/wp-content\/uploads\/sites\/2\/2016\/04\/camera-de-luxe-768x444.jpg 768w, https:\/\/www.billia.it\/grandhotelbillia\/wp-content\/uploads\/sites\/2\/2016\/04\/camera-de-luxe-1024x592.jpg 1024w\" sizes=\"(max-width: 1920px) 100vw, 1920px\" \/>\n\t\t\t        <\/div>\n\t\t\t    <\/div>\n\t\t\t    <div class=\"col-md-6 col-md-offset-1 content\">\n\t\t\t        <h2 class=\"calluna-heading calluna-heading-h2 text-align-left \" style=\"color: #b07c12;\"><span>Chambre deluxe<\/span><\/h2>\n<p>Chambre spacieuse avec lit double ou, sur demande, deux lits s\u00e9par\u00e9s , dans laquelle le confort moderne est combin\u00e9 avec le parquet traditionnel<\/p>\n<p><a class=\"btn-primary \" href=\"http:\/\/www.billia.it\/grandhotelbillia\/fr\/camere\/de-luxe\/\">En savoir plus&#8230;<\/a>\n\t\t\t    <\/div>\n\t\t\t<\/section>\n\t\t[\/vc_column][\/vc_row][vc_row full_width=\u00a0\u00bbstretch_row_content\u00a0\u00bb css=\u00a0\u00bb.vc_custom_1645193863185{background-color: #f4f2f2 !important;}\u00a0\u00bb][vc_column]\n\t\t\t<section class=\"image-square right\">\n\t\t\t    <div class=\"col-md-6 image\">\n\t\t\t        <div class=\"background-image-holder\">\n\t\t\t            <img width=\"1920\" height=\"1110\" src=\"https:\/\/www.billia.it\/grandhotelbillia\/wp-content\/uploads\/sites\/2\/2016\/04\/classic-room-saint-vincent-1.jpg\" class=\"background-image\" alt=\"classic room Saint-Vincent\" loading=\"lazy\" srcset=\"https:\/\/www.billia.it\/grandhotelbillia\/wp-content\/uploads\/sites\/2\/2016\/04\/classic-room-saint-vincent-1.jpg 1920w, https:\/\/www.billia.it\/grandhotelbillia\/wp-content\/uploads\/sites\/2\/2016\/04\/classic-room-saint-vincent-1-300x173.jpg 300w, https:\/\/www.billia.it\/grandhotelbillia\/wp-content\/uploads\/sites\/2\/2016\/04\/classic-room-saint-vincent-1-768x444.jpg 768w, https:\/\/www.billia.it\/grandhotelbillia\/wp-content\/uploads\/sites\/2\/2016\/04\/classic-room-saint-vincent-1-1024x592.jpg 1024w\" sizes=\"(max-width: 1920px) 100vw, 1920px\" \/>\n\t\t\t        <\/div>\n\t\t\t    <\/div>\n\t\t\t    <div class=\"col-md-6 content\">\n\t\t\t        <h2 class=\"calluna-heading calluna-heading-h2 text-align-left \" style=\"color: #1d1d1d;\"><span>Chambre Classique<\/span><\/h2>\n<p>Un espace accueillant qui allie la simplicit\u00e9 et le charme de la tradition revisit\u00e9e dans une touche de modernit\u00e9, avec une salle de bain \u00e9quip\u00e9e d\u2019une douche et mise en valeur par un rev\u00eatement en granit d\u2019origine locale.<br \/>\n<a class=\"btn-primary \" href=\"http:\/\/www.billia.it\/grandhotelbillia\/fr\/camere\/classic\/\">En savoir plus&#8230;<\/a>\n\t\t\t    <\/div>\n\t\t\t<\/section>\n\t\t[\/vc_column][\/vc_row][vc_row css=\u00a0\u00bb.vc_custom_1645193870146{padding-top: 100px !important;}\u00a0\u00bb][vc_column][vc_custom_heading text=\u00a0\u00bbR\u00e9servez depuis notre site web\u00a0\u00bb font_container=\u00a0\u00bbtag:p|font_size:19px|text_align:center|color:%23878271&Prime; google_fonts=\u00a0\u00bbfont_family:Roboto%20Slab%3A100%2C300%2Cregular%2C700|font_style:400%20regular%3A400%3Anormal\u00a0\u00bb][vc_custom_heading text=\u00a0\u00bbD\u00e9couvrez les avantages&#8230;\u00a0\u00bb font_container=\u00a0\u00bbtag:p|font_size:59px|text_align:center|color:%23ab7d20|line_height:59px\u00a0\u00bb google_fonts=\u00a0\u00bbfont_family:Lato%3A100%2C100italic%2C300%2C300italic%2Cregular%2Citalic%2C700%2C700italic%2C900%2C900italic|font_style:400%20regular%3A400%3Anormal\u00a0\u00bb css=\u00a0\u00bb.vc_custom_1654003095126{margin-top: -5px !important;}\u00a0\u00bb][\/vc_column][\/vc_row][vc_row full_width=\u00a0\u00bbstretch_row_content_no_spaces\u00a0\u00bb css=\u00a0\u00bb.vc_custom_1645194053435{padding-top: 77px !important;padding-bottom: 77px !important;}\u00a0\u00bb][vc_column width=\u00a0\u00bb1\/4&Prime;][\/vc_column][vc_column width=\u00a0\u00bb1\/2&Prime;][vc_tta_tour][vc_tta_section title=\u00a0\u00bbAvantage 1&Prime; tab_id=\u00a0\u00bb1459924885113-5f03a884-4e0b\u00a0\u00bb][vc_column_text]En r\u00e9servant directement depuis notre site web, vous b\u00e9n\u00e9ficierez du meilleur tarif disponible.[\/vc_column_text][\/vc_tta_section][vc_tta_section title=\u00a0\u00bbAvantage 2&Prime; tab_id=\u00a0\u00bb1459924885163-8073b0b9-ae33&Prime;][vc_column_text]Politiques d&rsquo;annulation plus souples[\/vc_column_text][\/vc_tta_section][vc_tta_section title=\u00a0\u00bbAvantage 3&Prime; tab_id=\u00a0\u00bb1459924952137-909a60d2-f712&Prime;][vc_column_text]Les forfaits vacances et les offres sp\u00e9ciales incluant le spa ne sont disponibles qu&rsquo;ici ![\/vc_column_text][\/vc_tta_section][\/vc_tta_tour]\n\t\t\t<div class=\"ult_dual_button  ult-adjust-bottom-margin to-center  \"  data-response=\"on\" id=\"ult_btn_1459663055\">\n\n\t\t\t<div id=\"dualbtn-8620\" class=\"ulitmate_dual_buttons ult-dual-btn ult_main_dualbtn \" data-bcolor=\"#ab7d20\"data-bhcolor=\"\">\n\n\t\t\t<div class=\"ult_dualbutton-wrapper btn-inline place-template bt1 \"><a href=\"tel:003901665231\" title=\"Chiama\"  class=\"ult_ivan_button round-square with-icon icon-before with-text place-template ult_dual1\" style=\";margin-right:px;;background-color:#ffffff !important;; border-color:#ab7d20;border-style:outset;border-width:1px;border-radius:7px;width:200px;;\">\n\t\t\t<span class=\"ult-dual-btn-1 Style 1\" style=\"\"  data-bgcolor=\"#ffffff\" data-bghovercolor=\"#bcbcbc\" data-icon_color=\"#333333\" data-icon_hover_color=\"#333333\" data-textcolor=\"#ab7d20\" data-texthovercolor=\"#333333\" data-iconbgcolor=\"transperent\" data-iconbghovercolor=\"transperent\" data-iconborder=\"transperent\" data-iconhoverborder=\"transperent\" >\n\t\t\t<span class=\"icon-simple icon-left1 ult_btn1span ult-dual-btn-no-icon\"  style=\";padding-left:0px; \"><\/span>\n\t\t\t<span class=\"text-btn ult-dual-button-title ult-responsive\"  data-ultimate-target='#dualbtn-8620 .ult-dual-button-title'  data-responsive-json-new='{\"font-size\":\"desktop:19px;\",\"line-height\":\"desktop:15px;\"}'  style=\"font-style:italic;font-weight:normal;color:#ab7d20;\">Appelez<\/span>\n\n\t\t\t<\/span>\n\t\t\t<\/a><span class=\"middle-text\" style=\"line-height: 1.8em;color:#ab7d20;background-color:#ffffff;border-width:0px;\">\n\t\t\t<span class=\"middle-inner\"  ><i class=\"Defaults-star-o\"><\/i><\/span>\n\t\t\t<\/span>\n\n\t\t\t<\/div>\n\n\t\t\t<div class=\"ult_dualbutton-wrapper btn-inline place-template btn2 \"><a href=\"https:\/\/reservations.verticalbooking.com\/premium\/index.html?id_albergo=23177&dc=5323&lingua_int=fra&id_stile=17508%E2%80%A8\" title=\"R\u00e9servez\"  class=\"ult_ivan_button round-square with-icon icon-after with-text place-template ult_dual2\"  style=\";background-color:#ffffff !important;;margin-left:px;;border-color:#ab7d20;border-style:outset;border-width:1px;border-radius:7px;width:200px;\">\n\t\t\t<span class=\"ult-dual-btn-2 Style 1\"  data-bgcolor=\"#ffffff\" data-bghovercolor=\"#bcbcbc\" data-icon_color=\"#333333\" data-icon_hover_color=\"#333333\" data-textcolor=\"#ab7d20\" data-texthovercolor=\"#333333\" data-iconbgcolor=\"transperent\" data-iconbghovercolor=\"transperent\" data-iconborder=\"transperent\" data-iconhoverborder=\"transperent\" >\n\t\t\t<span class=\"text-btn ult-dual-button-title\" style=\"font-style:italic;font-weight:normal;color:#ab7d20;\">R\u00e9servez<\/span>\n\n\t\t\t<span class=\"icon-simple icon-right2 ult_btn1span ult-dual-btn-no-icon\"  style=\";padding-left:0px; \"><\/span>\n\t\t\t<\/span>\n\t\t\t<\/a><\/div>\n\t\t\t<\/div>\n\t\t\t<\/div>[\/vc_column][vc_column width=\u00a0\u00bb1\/4&Prime;][\/vc_column][\/vc_row]\n","protected":false},"excerpt":{"rendered":"<p>[vc_row full_width=\u00a0\u00bbstretch_row_content_no_spaces\u00a0\u00bb css=\u00a0\u00bb.vc_custom_1461576278358{margin-top: 0px !important;margin-bottom: 0px !important;padding-top: 0px !important;padding-bottom: 0px !important;}\u00a0\u00bb][vc_column][vc_row_inner css=\u00a0\u00bb.vc_custom_1645193819375{background-color: #f2f3f4 !important;}\u00a0\u00bb][vc_column_inner css=\u00a0\u00bb.vc_custom_1460359583741{margin-top: 0px ! important;margin-bottom: 0px !important;padding-top: 0px !important;padding-bottom: 0px !important;}\u00a0\u00bb][\/vc_column_inner][\/vc_row_inner][\/vc_column][\/vc_row][vc_row full_width=\u00a0\u00bbstretch_row_content_no_spaces\u00a0\u00bb css=\u00a0\u00bb.vc_custom_1457385742109{margin-top: 0px !important;margin-bottom: 0px !important;padding-top: 0px !important;padding-bottom: 0px !important;}\u00a0\u00bb][vc_column][vc_row_inner css=\u00a0\u00bb.vc_custom_1645193831911{background-color: #f4f2f2 !important;}\u00a0\u00bb][vc_column_inner css=\u00a0\u00bb.vc_custom_1460359592013{margin-top: 0px !important;margin-bottom: 0px !important;padding-top: 0px ! important;padding-bottom: 0px !important;}\u00a0\u00bb][\/vc_column_inner][\/vc_row_inner][\/vc_column][\/vc_row][vc_row full_width=\u00a0\u00bbstretch_row_content\u00a0\u00bb][vc_column][\/vc_column][\/vc_row][vc_row full_width=\u00a0\u00bbstretch_row_content\u00a0\u00bb css=\u00a0\u00bb.vc_custom_1645193847981{background-color: #f4f2f2 !important;}\u00a0\u00bb][vc_column][\/vc_column][\/vc_row][vc_row full_width=\u00a0\u00bbstretch_row_content\u00a0\u00bb][vc_column][\/vc_column][\/vc_row][vc_row full_width=\u00a0\u00bbstretch_row_content\u00a0\u00bb css=\u00a0\u00bb.vc_custom_1645193863185{background-color: [&hellip;]<\/p>\n","protected":false},"author":1,"featured_media":0,"parent":0,"menu_order":0,"comment_status":"closed","ping_status":"closed","template":"","meta":[],"yoast_head":"<!-- This site is optimized with the Yoast SEO plugin v18.2 - https:\/\/yoast.com\/wordpress\/plugins\/seo\/ -->\n<title>Chambres - Grand Hotel Billia<\/title>\n<meta name=\"description\" content=\"Camere del Grand Hotel Billia del Saint-Vincent Resort &amp; Casino: classe ed eleganza per te... Scoprile cliccando questa pagina\" \/>\n<meta name=\"robots\" content=\"index, follow, max-snippet:-1, max-image-preview:large, max-video-preview:-1\" \/>\n<link rel=\"canonical\" href=\"https:\/\/www.billia.it\/grandhotelbillia\/fr\/chambres\/\" \/>\n<meta property=\"og:locale\" content=\"fr_FR\" \/>\n<meta property=\"og:type\" content=\"article\" \/>\n<meta property=\"og:title\" content=\"Chambres - Grand Hotel Billia\" \/>\n<meta property=\"og:description\" content=\"Camere del Grand Hotel Billia del Saint-Vincent Resort &amp; Casino: classe ed eleganza per te... Scoprile cliccando questa pagina\" \/>\n<meta property=\"og:url\" content=\"https:\/\/www.billia.it\/grandhotelbillia\/fr\/chambres\/\" \/>\n<meta property=\"og:site_name\" content=\"Grand Hotel Billia\" \/>\n<meta property=\"article:modified_time\" content=\"2022-05-31T13:18:21+00:00\" \/>\n<meta name=\"twitter:card\" content=\"summary\" \/>\n<meta name=\"twitter:label1\" content=\"Dur\u00e9e de lecture estim\u00e9e\" \/>\n\t<meta name=\"twitter:data1\" content=\"2 minutes\" \/>\n<script type=\"application\/ld+json\" class=\"yoast-schema-graph\">{\"@context\":\"https:\/\/schema.org\",\"@graph\":[{\"@type\":\"WebSite\",\"@id\":\"https:\/\/www.billia.it\/grandhotelbillia\/#website\",\"url\":\"https:\/\/www.billia.it\/grandhotelbillia\/\",\"name\":\"Grand Hotel Billia\",\"description\":\"Grand Hotel Billia 5 stelle a Saint-Vincent, Valle d&#039;Aosta\",\"potentialAction\":[{\"@type\":\"SearchAction\",\"target\":{\"@type\":\"EntryPoint\",\"urlTemplate\":\"https:\/\/www.billia.it\/grandhotelbillia\/?s={search_term_string}\"},\"query-input\":\"required name=search_term_string\"}],\"inLanguage\":\"fr-FR\"},{\"@type\":\"WebPage\",\"@id\":\"https:\/\/www.billia.it\/grandhotelbillia\/fr\/chambres\/#webpage\",\"url\":\"https:\/\/www.billia.it\/grandhotelbillia\/fr\/chambres\/\",\"name\":\"Chambres - Grand Hotel Billia\",\"isPartOf\":{\"@id\":\"https:\/\/www.billia.it\/grandhotelbillia\/#website\"},\"datePublished\":\"2016-04-07T09:32:05+00:00\",\"dateModified\":\"2022-05-31T13:18:21+00:00\",\"description\":\"Camere del Grand Hotel Billia del Saint-Vincent Resort & Casino: classe ed eleganza per te... Scoprile cliccando questa pagina\",\"breadcrumb\":{\"@id\":\"https:\/\/www.billia.it\/grandhotelbillia\/fr\/chambres\/#breadcrumb\"},\"inLanguage\":\"fr-FR\",\"potentialAction\":[{\"@type\":\"ReadAction\",\"target\":[\"https:\/\/www.billia.it\/grandhotelbillia\/fr\/chambres\/\"]}]},{\"@type\":\"BreadcrumbList\",\"@id\":\"https:\/\/www.billia.it\/grandhotelbillia\/fr\/chambres\/#breadcrumb\",\"itemListElement\":[{\"@type\":\"ListItem\",\"position\":1,\"name\":\"Home\",\"item\":\"https:\/\/www.billia.it\/grandhotelbillia\/fr\/\"},{\"@type\":\"ListItem\",\"position\":2,\"name\":\"Chambres\"}]}]}<\/script>\n<!-- \/ Yoast SEO plugin. -->","yoast_head_json":{"title":"Chambres - Grand Hotel Billia","description":"Camere del Grand Hotel Billia del Saint-Vincent Resort & Casino: classe ed eleganza per te... Scoprile cliccando questa pagina","robots":{"index":"index","follow":"follow","max-snippet":"max-snippet:-1","max-image-preview":"max-image-preview:large","max-video-preview":"max-video-preview:-1"},"canonical":"https:\/\/www.billia.it\/grandhotelbillia\/fr\/chambres\/","og_locale":"fr_FR","og_type":"article","og_title":"Chambres - Grand Hotel Billia","og_description":"Camere del Grand Hotel Billia del Saint-Vincent Resort & Casino: classe ed eleganza per te... Scoprile cliccando questa pagina","og_url":"https:\/\/www.billia.it\/grandhotelbillia\/fr\/chambres\/","og_site_name":"Grand Hotel Billia","article_modified_time":"2022-05-31T13:18:21+00:00","twitter_card":"summary","twitter_misc":{"Dur\u00e9e de lecture estim\u00e9e":"2 minutes"},"schema":{"@context":"https:\/\/schema.org","@graph":[{"@type":"WebSite","@id":"https:\/\/www.billia.it\/grandhotelbillia\/#website","url":"https:\/\/www.billia.it\/grandhotelbillia\/","name":"Grand Hotel Billia","description":"Grand Hotel Billia 5 stelle a Saint-Vincent, Valle d&#039;Aosta","potentialAction":[{"@type":"SearchAction","target":{"@type":"EntryPoint","urlTemplate":"https:\/\/www.billia.it\/grandhotelbillia\/?s={search_term_string}"},"query-input":"required name=search_term_string"}],"inLanguage":"fr-FR"},{"@type":"WebPage","@id":"https:\/\/www.billia.it\/grandhotelbillia\/fr\/chambres\/#webpage","url":"https:\/\/www.billia.it\/grandhotelbillia\/fr\/chambres\/","name":"Chambres - Grand Hotel Billia","isPartOf":{"@id":"https:\/\/www.billia.it\/grandhotelbillia\/#website"},"datePublished":"2016-04-07T09:32:05+00:00","dateModified":"2022-05-31T13:18:21+00:00","description":"Camere del Grand Hotel Billia del Saint-Vincent Resort & Casino: classe ed eleganza per te... Scoprile cliccando questa pagina","breadcrumb":{"@id":"https:\/\/www.billia.it\/grandhotelbillia\/fr\/chambres\/#breadcrumb"},"inLanguage":"fr-FR","potentialAction":[{"@type":"ReadAction","target":["https:\/\/www.billia.it\/grandhotelbillia\/fr\/chambres\/"]}]},{"@type":"BreadcrumbList","@id":"https:\/\/www.billia.it\/grandhotelbillia\/fr\/chambres\/#breadcrumb","itemListElement":[{"@type":"ListItem","position":1,"name":"Home","item":"https:\/\/www.billia.it\/grandhotelbillia\/fr\/"},{"@type":"ListItem","position":2,"name":"Chambres"}]}]}},"_links":{"self":[{"href":"https:\/\/www.billia.it\/grandhotelbillia\/fr\/wp-json\/wp\/v2\/pages\/719"}],"collection":[{"href":"https:\/\/www.billia.it\/grandhotelbillia\/fr\/wp-json\/wp\/v2\/pages"}],"about":[{"href":"https:\/\/www.billia.it\/grandhotelbillia\/fr\/wp-json\/wp\/v2\/types\/page"}],"author":[{"embeddable":true,"href":"https:\/\/www.billia.it\/grandhotelbillia\/fr\/wp-json\/wp\/v2\/users\/1"}],"replies":[{"embeddable":true,"href":"https:\/\/www.billia.it\/grandhotelbillia\/fr\/wp-json\/wp\/v2\/comments?post=719"}],"version-history":[{"count":15,"href":"https:\/\/www.billia.it\/grandhotelbillia\/fr\/wp-json\/wp\/v2\/pages\/719\/revisions"}],"predecessor-version":[{"id":2319,"href":"https:\/\/www.billia.it\/grandhotelbillia\/fr\/wp-json\/wp\/v2\/pages\/719\/revisions\/2319"}],"wp:attachment":[{"href":"https:\/\/www.billia.it\/grandhotelbillia\/fr\/wp-json\/wp\/v2\/media?parent=719"}],"curies":[{"name":"wp","href":"https:\/\/api.w.org\/{rel}","templated":true}]}}