		{"id":747,"date":"2016-05-20T10:25:52","date_gmt":"2016-05-20T08:25:52","guid":{"rendered":"http:\/\/www.billia.it\/grandhotelbillia\/fr\/location-matrimonio-valle-daosta\/"},"modified":"2022-05-31T15:27:58","modified_gmt":"2022-05-31T13:27:58","slug":"mariage-vallee-aoste","status":"publish","type":"page","link":"https:\/\/www.billia.it\/grandhotelbillia\/fr\/mariage-vallee-aoste\/","title":{"rendered":"Lieux de mariage en Vall\u00e9e d&rsquo;Aoste"},"content":{"rendered":"[vc_row full_width=\u00a0\u00bbstretch_row\u00a0\u00bb css=\u00a0\u00bb.vc_custom_1645174784162{padding-top: 111px !important;padding-bottom: 77px !important;}\u00a0\u00bb][vc_column][vc_row_inner][vc_column_inner][vc_custom_heading text=\u00a0\u00bbOffrez-vous une journ\u00e9e\u00a0\u00bb font_container=\u00a0\u00bbtag:p|font_size:19px|text_align:center|color:%23878271&Prime; google_fonts=\u00a0\u00bbfont_family:Roboto%20Slab%3A100%2C300%2Cregular%2C700|font_style:400%20regular%3A400%3Anormal\u00a0\u00bb][vc_custom_heading text=\u00a0\u00bbInoubliable\u00a0\u00bb font_container=\u00a0\u00bbtag:p|font_size:59px|text_align:center|color:%23ab7d20&Prime; google_fonts=\u00a0\u00bbfont_family:Lato%3A100%2C100italic%2C300%2C300italic%2Cregular%2Citalic%2C700%2C700italic%2C900%2C900italic|font_style:400%20regular%3A400%3Anormal\u00a0\u00bb css=\u00a0\u00bb.vc_custom_1654003605590{margin-top: -5px !important;}\u00a0\u00bb][\/vc_column_inner][\/vc_row_inner][vc_row_inner css=\u00a0\u00bb.vc_custom_1645254743717{padding-top: 77px !important;}\u00a0\u00bb][vc_column_inner width=\u00a0\u00bb1\/4&Prime;][\/vc_column_inner][vc_column_inner width=\u00a0\u00bb1\/4&Prime; offset=\u00a0\u00bbvc_hidden-md vc_hidden-sm\u00a0\u00bb][vc_column_text css_animation=\u00a0\u00bbleft-to-right\u00a0\u00bb css=\u00a0\u00bb.vc_custom_1646133631123{padding-right: 20px !important;padding-left: 20px !important;}\u00a0\u00bb]Offrez-vous une rare exp\u00e9rience : dire OUI au milieu de la raffin\u00e9 sc\u00e9nographie du Saint-Vincent Resort &amp; Casino.<br \/>\nFaite de Votre mariage le plus beaux souvenir pour vous e vos hotes caresser par notre \u00e9quipe dans un lieux ou le jour plus important de votre vie fondra la chaleur de l\u2019acceuil traditionel \u00e0 le raffinement dela cuisine du \u00ab coeur \u00bb de notre Chef.<br \/>\nSera \u00e0 vostre disposition l\u2019unicit\u00e9 et l\u2019exclusivit\u00e9 des notres environnments, la comp\u00e9tence de notre exp\u00e9rience avec l\u2019aide des meilleurs Planificateurs de Mariage de sorte que chaque d\u00e9tail repr\u00e9sente vous e votre merveilleuse histoire.[\/vc_column_text][\/vc_column_inner][vc_column_inner width=\u00a0\u00bb1\/4&Prime; offset=\u00a0\u00bbvc_hidden-md vc_hidden-sm\u00a0\u00bb][vc_column_text css_animation=\u00a0\u00bbright-to-left\u00a0\u00bb css=\u00a0\u00bb.vc_custom_1646133640049{padding-right: 20px !important;padding-left: 20px !important;}\u00a0\u00bb]Nous pouvons organizer un magnifique diner de mariage dans nos r\u00e9staurants, ou transformer le parc de l\u2019H\u00f4tel dans un extraordinaire salon en grand air ou prot\u00e9j\u00e9 dans la plus scenographique structure tendue.<br \/>\nNous c\u00e9l\u00e9brerons votre felicit\u00e9 en vous offrant des inoubiliables moments dans una suite absoluement merveilleux et, dans nostre splendide centre bien etre, vous attendra un moment de caresses inoubliables.<br \/>\nPas seulement, votre famille et le plus chers hotes, pourrons rester avec vous, avant et apr\u00e8s la c\u00e9r\u00e9monie, et continuer la fete aux tables de jeux d\u2019un Casino parmi le plus grands d\u2019Europe.<br \/>\nQuoi encore ?[\/vc_column_text][\/vc_column_inner][vc_column_inner width=\u00a0\u00bb1\/4&Prime;][\/vc_column_inner][\/vc_row_inner][vc_row_inner css=\u00a0\u00bb.vc_custom_1645254831785{padding-top: 23px !important;padding-bottom: 77px !important;}\u00a0\u00bb][vc_column_inner offset=\u00a0\u00bbvc_hidden-lg vc_hidden-xs\u00a0\u00bb][vc_column_text css_animation=\u00a0\u00bbleft-to-right\u00a0\u00bb css=\u00a0\u00bb.vc_custom_1645453755322{padding-right: 20px !important;padding-left: 20px !important;}\u00a0\u00bb]\n<p style=\"text-align: center;\">Offrez-vous une rare exp\u00e9rience : dire OUI au milieu de la raffin\u00e9 sc\u00e9nographie du Saint-Vincent Resort &amp; Casino.<br \/>\nFaite de Votre mariage le plus beaux souvenir pour vous e vos hotes caresser par notre \u00e9quipe dans un lieux ou le jour plus important de votre vie fondra la chaleur de l\u2019acceuil traditionel \u00e0 le raffinement dela cuisine du \u00ab coeur \u00bb de notre Chef.<br \/>\nSera \u00e0 vostre disposition l\u2019unicit\u00e9 et l\u2019exclusivit\u00e9 des notres environnments, la comp\u00e9tence de notre exp\u00e9rience avec l\u2019aide des meilleurs Planificateurs de Mariage de sorte que chaque d\u00e9tail repr\u00e9sente vous e votre merveilleuse histoire.<\/p>\n[\/vc_column_text][vc_column_text css_animation=\u00a0\u00bbright-to-left\u00a0\u00bb css=\u00a0\u00bb.vc_custom_1646133648537{padding-right: 20px !important;padding-left: 20px !important;}\u00a0\u00bb]\n<p style=\"text-align: center;\">Nous pouvons organizer un magnifique diner de mariage dans nos r\u00e9staurants, ou transformer le parc de l\u2019H\u00f4tel dans un extraordinaire salon en grand air ou prot\u00e9j\u00e9 dans la plus scenographique structure tendue.<br \/>\nNous c\u00e9l\u00e9brerons votre felicit\u00e9 en vous offrant des inoubiliables moments dans una suite absoluement merveilleux et, dans nostre splendide centre bien etre, vous attendra un moment de caresses inoubliables.<br \/>\nPas seulement, votre famille et le plus chers hotes, pourrons rester avec vous, avant et apr\u00e8s la c\u00e9r\u00e9monie, et continuer la fete aux tables de jeux d\u2019un Casino parmi le plus grands d\u2019Europe.<br \/>\nQuoi encore ?<\/p>\n[\/vc_column_text][\/vc_column_inner][\/vc_row_inner][\/vc_column][\/vc_row][vc_row full_width=\u00a0\u00bbstretch_row_content_no_spaces\u00a0\u00bb css=\u00a0\u00bb.vc_custom_1645195397117{background-color: #383631 !important;}\u00a0\u00bb][vc_column offset=\u00a0\u00bbvc_col-lg-8 vc_col-md-12&Prime;]        <div class=\"image-gallery\">\n                <div id=\"69eb2ab43e3e5-carousel\" class=\"carousel slide\" data-ride=\"carousel\">\n                \t                                        \t<div class=\"carousel-inner\">\n\t\t\t\t\t\t\t\t\t\t\t\t\t\t\t\t\t                                    <div class=\"item active\">\n\t\t\t\t\t\t\t\t\t\t\t\t\t\t\t\t\t\t\t\t\t<!-- Image -->\n\t\t\t\t\t\t\t\t\t\t\t<img width=\"1269\" height=\"786\" src=\"https:\/\/www.billia.it\/grandhotelbillia\/wp-content\/uploads\/sites\/2\/2022\/02\/location-wedding-valledaosta.jpg\" class=\"attachment-full size-full\" alt=\"location wedding valle d&#039;aostalocation wedding valle d&#039;aosta\" loading=\"lazy\" srcset=\"https:\/\/www.billia.it\/grandhotelbillia\/wp-content\/uploads\/sites\/2\/2022\/02\/location-wedding-valledaosta.jpg 1269w, https:\/\/www.billia.it\/grandhotelbillia\/wp-content\/uploads\/sites\/2\/2022\/02\/location-wedding-valledaosta-300x186.jpg 300w, https:\/\/www.billia.it\/grandhotelbillia\/wp-content\/uploads\/sites\/2\/2022\/02\/location-wedding-valledaosta-1024x634.jpg 1024w, https:\/\/www.billia.it\/grandhotelbillia\/wp-content\/uploads\/sites\/2\/2022\/02\/location-wedding-valledaosta-768x476.jpg 768w\" sizes=\"(max-width: 1269px) 100vw, 1269px\" \/>\t\t\t\t\t\t\t\t\t\t\t\t\t\t\t\t\t\t\t\t\t\t\t\t\t\t\t\t\t\t                                    <\/div>\n                                    \n\t\t\t\t\t\t\t\t\t\t\t\t\t\t\t\t\t                                    <div class=\"item \">\n\t\t\t\t\t\t\t\t\t\t\t\t\t\t\t\t\t\t\t\t\t<!-- Image -->\n\t\t\t\t\t\t\t\t\t\t\t<img width=\"1269\" height=\"786\" src=\"https:\/\/www.billia.it\/grandhotelbillia\/wp-content\/uploads\/sites\/2\/2022\/02\/location-wedding-valle-daosta.jpg\" class=\"attachment-full size-full\" alt=\"location matrimonio valle d&#039;aosta\" loading=\"lazy\" srcset=\"https:\/\/www.billia.it\/grandhotelbillia\/wp-content\/uploads\/sites\/2\/2022\/02\/location-wedding-valle-daosta.jpg 1269w, https:\/\/www.billia.it\/grandhotelbillia\/wp-content\/uploads\/sites\/2\/2022\/02\/location-wedding-valle-daosta-300x186.jpg 300w, https:\/\/www.billia.it\/grandhotelbillia\/wp-content\/uploads\/sites\/2\/2022\/02\/location-wedding-valle-daosta-1024x634.jpg 1024w, https:\/\/www.billia.it\/grandhotelbillia\/wp-content\/uploads\/sites\/2\/2022\/02\/location-wedding-valle-daosta-768x476.jpg 768w\" sizes=\"(max-width: 1269px) 100vw, 1269px\" \/>\t\t\t\t\t\t\t\t\t\t\t\t\t\t\t\t\t\t\t\t\t\t\t\t\t\t\t\t\t\t                                    <\/div>\n                                    \n\t\t\t\t\t\t\t\t\t\t\t\t\t\t\t\t\t                                    <div class=\"item \">\n\t\t\t\t\t\t\t\t\t\t\t\t\t\t\t\t\t\t\t\t\t<!-- Image -->\n\t\t\t\t\t\t\t\t\t\t\t<img width=\"1269\" height=\"786\" src=\"https:\/\/www.billia.it\/grandhotelbillia\/wp-content\/uploads\/sites\/2\/2022\/02\/location-wedding-valle-d-aosta.jpg\" class=\"attachment-full size-full\" alt=\"location matrimonio valle d&#039;aosta\" loading=\"lazy\" srcset=\"https:\/\/www.billia.it\/grandhotelbillia\/wp-content\/uploads\/sites\/2\/2022\/02\/location-wedding-valle-d-aosta.jpg 1269w, https:\/\/www.billia.it\/grandhotelbillia\/wp-content\/uploads\/sites\/2\/2022\/02\/location-wedding-valle-d-aosta-300x186.jpg 300w, https:\/\/www.billia.it\/grandhotelbillia\/wp-content\/uploads\/sites\/2\/2022\/02\/location-wedding-valle-d-aosta-1024x634.jpg 1024w, https:\/\/www.billia.it\/grandhotelbillia\/wp-content\/uploads\/sites\/2\/2022\/02\/location-wedding-valle-d-aosta-768x476.jpg 768w\" sizes=\"(max-width: 1269px) 100vw, 1269px\" \/>\t\t\t\t\t\t\t\t\t\t\t\t\t\t\t\t\t\t\t\t\t\t\t\t\t\t\t\t\t\t                                    <\/div>\n                                    \n\t\t\t\t\t\t\t\t\t\t\t\t\t\t\t\t\t                                    <div class=\"item \">\n\t\t\t\t\t\t\t\t\t\t\t\t\t\t\t\t\t\t\t\t\t<!-- Image -->\n\t\t\t\t\t\t\t\t\t\t\t<img width=\"1269\" height=\"786\" src=\"https:\/\/www.billia.it\/grandhotelbillia\/wp-content\/uploads\/sites\/2\/2022\/02\/martimonio-valle-d-aosta.jpg\" class=\"attachment-full size-full\" alt=\"matrimonio valle d&#039;aosta\" loading=\"lazy\" srcset=\"https:\/\/www.billia.it\/grandhotelbillia\/wp-content\/uploads\/sites\/2\/2022\/02\/martimonio-valle-d-aosta.jpg 1269w, https:\/\/www.billia.it\/grandhotelbillia\/wp-content\/uploads\/sites\/2\/2022\/02\/martimonio-valle-d-aosta-300x186.jpg 300w, https:\/\/www.billia.it\/grandhotelbillia\/wp-content\/uploads\/sites\/2\/2022\/02\/martimonio-valle-d-aosta-1024x634.jpg 1024w, https:\/\/www.billia.it\/grandhotelbillia\/wp-content\/uploads\/sites\/2\/2022\/02\/martimonio-valle-d-aosta-768x476.jpg 768w\" sizes=\"(max-width: 1269px) 100vw, 1269px\" \/>\t\t\t\t\t\t\t\t\t\t\t\t\t\t\t\t\t\t\t\t\t\t\t\t\t\t\t\t\t\t                                    <\/div>\n                                    \n\t\t\t\t\t\t\t\t\t\t\t\t\t\t\t\t                         <\/div>\n                         <div class=\"gallery_button_wrapper\">\n                        <a class=\"left carousel-control\" href=\"#69eb2ab43e3e5-carousel\" data-slide=\"prev\">\n                        <span class=\"icon-left\"><\/span>\n                    <\/a>\n                    <\/div>\n                    <div class=\"gallery_button_wrapper\">\n                        <a class=\"right carousel-control\" href=\"#69eb2ab43e3e5-carousel\" data-slide=\"next\">\n                        <span class=\"icon-right\"><\/span>\n                    <\/a>\n                    <\/div>\n\t\t\t\t\t\t                    \n               <\/div>\n\t  \t\t  <\/div>\n\t\t\n\t\t[\/vc_column][vc_column offset=\u00a0\u00bbvc_col-lg-4 vc_col-md-12&Prime;][vc_empty_space height=\u00a0\u00bb111px\u00a0\u00bb][vc_custom_heading text=\u00a0\u00bbOrganisation\u00a0\u00bb font_container=\u00a0\u00bbtag:p|font_size:29px|text_align:center|color:%23ffffff\u00a0\u00bb google_fonts=\u00a0\u00bbfont_family:Roboto%20Slab%3A100%2C300%2Cregular%2C700|font_style:400%20regular%3A400%3Anormal\u00a0\u00bb][vc_custom_heading text=\u00a0\u00bbde la c\u00e9r\u00e9monie\u00a0\u00bb font_container=\u00a0\u00bbtag:p|font_size:59px|text_align:center|color:%23ab7d20&Prime; google_fonts=\u00a0\u00bbfont_family:Lato%3A100%2C100italic%2C300%2C300italic%2Cregular%2Citalic%2C700%2C700italic%2C900%2C900italic|font_style:400%20regular%3A400%3Anormal\u00a0\u00bb css=\u00a0\u00bb.vc_custom_1654003626429{margin-top: -5px !important;}\u00a0\u00bb][vc_empty_space][vc_column_text css_animation=\u00a0\u00bbright-to-left\u00a0\u00bb css=\u00a0\u00bb.vc_custom_1646133655953{padding-right: 5% !important;padding-bottom: 30px !important;padding-left: 5% !important;}\u00a0\u00bb]\n<p style=\"text-align: center; color: #e8e8e8;\">Pour la C\u00e8r\u00e9monie R\u00e8ligieuse on vous sugg\u00e9re la romantique petite Eglise de Moron accroupi parmi arbres s\u00e9culaires en vue d\u2019un \u00e9tonnant panorama \u00e0 seul 5 Km. De distance du Resort ou, dans le cas que le hotes seront nombreux, l\u2019Eglise de la paroisse de Saint-Vincent qui est en stile roman, un lieu que dans les si\u00e8cles a c\u00e9l\u00e9brer la foi et les grands amours.<br \/>\nPour une c\u00e9r\u00e9monie civile vous pouvez choisir notre splendide parc centenaire.<\/p>\n[\/vc_column_text][vc_empty_space height=\u00a0\u00bb77px\u00a0\u00bb][\/vc_column][\/vc_row][vc_row full_width=\u00a0\u00bbstretch_row_content_no_spaces\u00a0\u00bb css=\u00a0\u00bb.vc_custom_1457385742109{margin-top: 0px !important;margin-bottom:<br \/>\n0px !important;padding-top: 0px !important;padding-bottom: 0px !important;}\u00a0\u00bb][vc_column][vc_row_inner css=\u00a0\u00bb.vc_custom_1645175814316{background-color: #ab7d20 !important;}\u00a0\u00bb][vc_column_inner css=\u00a0\u00bb.vc_custom_1460359592013{margin-top: 0px !important;margin-bottom: 0px !important;padding-top: 0px !<br \/>\nimportant;padding-bottom: 0px !important;}\u00a0\u00bb]\n\t\t\t<section class=\"image-square right\">\n\t\t\t    <div class=\"col-md-6 image\">\n\t\t\t        <div class=\"background-image-holder\">\n\t\t\t            <img width=\"1269\" height=\"786\" src=\"https:\/\/www.billia.it\/grandhotelbillia\/wp-content\/uploads\/sites\/2\/2022\/02\/wedding-valle-d-aosta.jpg\" class=\"background-image\" alt=\"matrimonio valle d&#039;aosta\" loading=\"lazy\" srcset=\"https:\/\/www.billia.it\/grandhotelbillia\/wp-content\/uploads\/sites\/2\/2022\/02\/wedding-valle-d-aosta.jpg 1269w, https:\/\/www.billia.it\/grandhotelbillia\/wp-content\/uploads\/sites\/2\/2022\/02\/wedding-valle-d-aosta-300x186.jpg 300w, https:\/\/www.billia.it\/grandhotelbillia\/wp-content\/uploads\/sites\/2\/2022\/02\/wedding-valle-d-aosta-1024x634.jpg 1024w, https:\/\/www.billia.it\/grandhotelbillia\/wp-content\/uploads\/sites\/2\/2022\/02\/wedding-valle-d-aosta-768x476.jpg 768w\" sizes=\"(max-width: 1269px) 100vw, 1269px\" \/>\n\t\t\t        <\/div>\n\t\t\t    <\/div>\n\t\t\t    <div class=\"col-md-6 content\">\n\t\t\t        \n<div class=\"wpb_wrapper\">\n<p class=\"vc_custom_heading\" style=\"font-size: 29px; color: #fff; text-align: center; font-family: Roboto Slab; font-weight: 400; font-style: normal;\">L&#8217;emplacement id\u00e9al<\/p>\n<p class=\"vc_custom_heading\" style=\"font-size: 59px; line-height: 54px; color: #383631; text-align: center; font-family: lato; font-weight: 400; font-style: normal;\">fait la diff\u00e9rence&#8230;<\/p>\n<\/div>\n<div class=\"vc_empty_space\" style=\"height: 33px;\"><\/div>\n<p style=\"color: #fff;\">La journ\u00e9e, entremeler de petits et infinis details, vous offirira un petit monde pour un grande amour.<br \/>\nL\u2019arriv\u00e9e de l\u2019\u00e9pouse, \u00e0 bord d\u2019une luxueuse voiture d\u2019\u00e9poque, un ap\u00e9ritif au bord de la piscine, le choix du Menu et de la d\u00e9coration flor\u00e9ale, la musique pendant la c\u00e9r\u00e9monie, ou le spectacle pour la soir\u00e9e\u2026 Et beaucoup plus, de sorte que votre conte de f\u00e9es soit inoubliable.<\/p>\n\n\t\t\t    <\/div>\n\t\t\t<\/section>\n\t\t[\/vc_column_inner][\/vc_row_inner][\/vc_column][\/vc_row][vc_row full_width=\u00a0\u00bbstretch_row_content_no_spaces\u00a0\u00bb css=\u00a0\u00bb.vc_custom_1645197082326{padding-top: 200px !important;padding-bottom: 270px !important;}\u00a0\u00bb][vc_column][vc_row_inner content_placement=\u00a0\u00bbmiddle\u00a0\u00bb css=\u00a0\u00bb.vc_custom_1645178359744{padding-top: 55px !important;}\u00a0\u00bb][vc_column_inner width=\u00a0\u00bb1\/4&Prime;][\/vc_column_inner][vc_column_inner width=\u00a0\u00bb1\/2&Prime;][vc_custom_heading text=\u00a0\u00bbRendez votre mariage unique&#8230;\u00a0\u00bb font_container=\u00a0\u00bbtag:p|font_size:22px|text_align:center|color:%23383631&Prime; google_fonts=\u00a0\u00bbfont_family:Roboto%20Slab%3A100%2C300%2Cregular%2C700|font_style:400%20regular%3A400%3Anormal\u00a0\u00bb][vc_custom_heading text=\u00a0\u00bbChoisissez le Grand H\u00f4tel Billia\u00a0\u00bb font_container=\u00a0\u00bbtag:p|font_size:54px|text_align:center|color:%23ab7d20|line_height:49px\u00a0\u00bb google_fonts=\u00a0\u00bbfont_family:Lato%3A100%2C100italic%2C300%2C300italic%2Cregular%2Citalic%2C700%2C700italic%2C900%2C900italic|font_style:400%20regular%3A400%3Anormal\u00a0\u00bb css=\u00a0\u00bb.vc_custom_1654003668333{margin-top: -10px !important;padding-bottom: 33px !important;}\u00a0\u00bb][vc_column_text css_animation=\u00a0\u00bbappear\u00a0\u00bb]\n<p style=\"color: #383631; text-align: center;\">Contactez notre \u00e9quipe et commencez \u00e0 planifier le plus beau jour de votre vie !<\/p>\n[\/vc_column_text][\/vc_column_inner][vc_column_inner width=\u00a0\u00bb1\/4&Prime;][\/vc_column_inner][\/vc_row_inner][vc_raw_html css=\u00a0\u00bb.vc_custom_1645453926785{padding-top: 30px !important;}\u00a0\u00bb]JTNDZGl2JTIwY2xhc3MlM0QlMjJib3R0b25lLWNlbnRyYWxlJTIyJTNFJTBBJTNDYSUyMGhyZWYlM0QlMjIlMkZmciUyRmNvbnRhY3RzJTJGJTIyJTIwY2xhc3MlM0QlMjJidG4tcHJpbWFyeSUyMiUzRSUwQUNvbnRhY3Rlei1ub3VzJTBBJTNDJTJGYSUzRSUzQyUyRmRpdiUzRQ==[\/vc_raw_html][\/vc_column][\/vc_row]\n","protected":false},"excerpt":{"rendered":"<p>[vc_row full_width=\u00a0\u00bbstretch_row\u00a0\u00bb css=\u00a0\u00bb.vc_custom_1645174784162{padding-top: 111px !important;padding-bottom: 77px !important;}\u00a0\u00bb][vc_column][vc_row_inner][vc_column_inner][vc_custom_heading text=\u00a0\u00bbOffrez-vous une journ\u00e9e\u00a0\u00bb font_container=\u00a0\u00bbtag:p|font_size:19px|text_align:center|color:%23878271&Prime; google_fonts=\u00a0\u00bbfont_family:Roboto%20Slab%3A100%2C300%2Cregular%2C700|font_style:400%20regular%3A400%3Anormal\u00a0\u00bb][vc_custom_heading text=\u00a0\u00bbInoubliable\u00a0\u00bb font_container=\u00a0\u00bbtag:p|font_size:59px|text_align:center|color:%23ab7d20&Prime; google_fonts=\u00a0\u00bbfont_family:Lato%3A100%2C100italic%2C300%2C300italic%2Cregular%2Citalic%2C700%2C700italic%2C900%2C900italic|font_style:400%20regular%3A400%3Anormal\u00a0\u00bb css=\u00a0\u00bb.vc_custom_1654003605590{margin-top: -5px !important;}\u00a0\u00bb][\/vc_column_inner][\/vc_row_inner][vc_row_inner css=\u00a0\u00bb.vc_custom_1645254743717{padding-top: 77px !important;}\u00a0\u00bb][vc_column_inner width=\u00a0\u00bb1\/4&Prime;][\/vc_column_inner][vc_column_inner width=\u00a0\u00bb1\/4&Prime; offset=\u00a0\u00bbvc_hidden-md vc_hidden-sm\u00a0\u00bb][vc_column_text css_animation=\u00a0\u00bbleft-to-right\u00a0\u00bb css=\u00a0\u00bb.vc_custom_1646133631123{padding-right: 20px !important;padding-left: 20px !important;}\u00a0\u00bb]Offrez-vous une rare exp\u00e9rience : dire OUI au milieu de la raffin\u00e9 sc\u00e9nographie du Saint-Vincent Resort &amp; Casino. Faite de Votre mariage le plus beaux [&hellip;]<\/p>\n","protected":false},"author":1,"featured_media":0,"parent":0,"menu_order":0,"comment_status":"closed","ping_status":"closed","template":"","meta":[],"yoast_head":"<!-- This site is optimized with the Yoast SEO plugin v18.2 - https:\/\/yoast.com\/wordpress\/plugins\/seo\/ -->\n<title>Lieux de mariage en Vall\u00e9e d&#039;Aoste - Grand Hotel Billia<\/title>\n<meta name=\"description\" content=\"Se stai cercando una location per matrimoni in Valle d&#039;Aosta veramente esclusiva e raffinata scopri il Grand Hotel Billia di Saint-Vincent, clicca qui\" \/>\n<meta name=\"robots\" content=\"index, follow, max-snippet:-1, max-image-preview:large, max-video-preview:-1\" \/>\n<link rel=\"canonical\" href=\"https:\/\/www.billia.it\/grandhotelbillia\/fr\/mariage-vallee-aoste\/\" \/>\n<meta property=\"og:locale\" content=\"fr_FR\" \/>\n<meta property=\"og:type\" content=\"article\" \/>\n<meta property=\"og:title\" content=\"Lieux de mariage en Vall\u00e9e d&#039;Aoste - Grand Hotel Billia\" \/>\n<meta property=\"og:description\" content=\"Se stai cercando una location per matrimoni in Valle d&#039;Aosta veramente esclusiva e raffinata scopri il Grand Hotel Billia di Saint-Vincent, clicca qui\" \/>\n<meta property=\"og:url\" content=\"https:\/\/www.billia.it\/grandhotelbillia\/fr\/mariage-vallee-aoste\/\" \/>\n<meta property=\"og:site_name\" content=\"Grand Hotel Billia\" \/>\n<meta property=\"article:modified_time\" content=\"2022-05-31T13:27:58+00:00\" \/>\n<meta name=\"twitter:card\" content=\"summary\" \/>\n<meta name=\"twitter:label1\" content=\"Dur\u00e9e de lecture estim\u00e9e\" \/>\n\t<meta name=\"twitter:data1\" content=\"4 minutes\" \/>\n<script type=\"application\/ld+json\" class=\"yoast-schema-graph\">{\"@context\":\"https:\/\/schema.org\",\"@graph\":[{\"@type\":\"WebSite\",\"@id\":\"https:\/\/www.billia.it\/grandhotelbillia\/#website\",\"url\":\"https:\/\/www.billia.it\/grandhotelbillia\/\",\"name\":\"Grand Hotel Billia\",\"description\":\"Grand Hotel Billia 5 stelle a Saint-Vincent, Valle d&#039;Aosta\",\"potentialAction\":[{\"@type\":\"SearchAction\",\"target\":{\"@type\":\"EntryPoint\",\"urlTemplate\":\"https:\/\/www.billia.it\/grandhotelbillia\/?s={search_term_string}\"},\"query-input\":\"required name=search_term_string\"}],\"inLanguage\":\"fr-FR\"},{\"@type\":\"WebPage\",\"@id\":\"https:\/\/www.billia.it\/grandhotelbillia\/fr\/mariage-vallee-aoste\/#webpage\",\"url\":\"https:\/\/www.billia.it\/grandhotelbillia\/fr\/mariage-vallee-aoste\/\",\"name\":\"Lieux de mariage en Vall\u00e9e d'Aoste - Grand Hotel Billia\",\"isPartOf\":{\"@id\":\"https:\/\/www.billia.it\/grandhotelbillia\/#website\"},\"datePublished\":\"2016-05-20T08:25:52+00:00\",\"dateModified\":\"2022-05-31T13:27:58+00:00\",\"description\":\"Se stai cercando una location per matrimoni in Valle d'Aosta veramente esclusiva e raffinata scopri il Grand Hotel Billia di Saint-Vincent, clicca qui\",\"breadcrumb\":{\"@id\":\"https:\/\/www.billia.it\/grandhotelbillia\/fr\/mariage-vallee-aoste\/#breadcrumb\"},\"inLanguage\":\"fr-FR\",\"potentialAction\":[{\"@type\":\"ReadAction\",\"target\":[\"https:\/\/www.billia.it\/grandhotelbillia\/fr\/mariage-vallee-aoste\/\"]}]},{\"@type\":\"BreadcrumbList\",\"@id\":\"https:\/\/www.billia.it\/grandhotelbillia\/fr\/mariage-vallee-aoste\/#breadcrumb\",\"itemListElement\":[{\"@type\":\"ListItem\",\"position\":1,\"name\":\"Home\",\"item\":\"https:\/\/www.billia.it\/grandhotelbillia\/fr\/\"},{\"@type\":\"ListItem\",\"position\":2,\"name\":\"Lieux de mariage en Vall\u00e9e d'Aoste\"}]}]}<\/script>\n<!-- \/ Yoast SEO plugin. -->","yoast_head_json":{"title":"Lieux de mariage en Vall\u00e9e d'Aoste - Grand Hotel Billia","description":"Se stai cercando una location per matrimoni in Valle d'Aosta veramente esclusiva e raffinata scopri il Grand Hotel Billia di Saint-Vincent, clicca qui","robots":{"index":"index","follow":"follow","max-snippet":"max-snippet:-1","max-image-preview":"max-image-preview:large","max-video-preview":"max-video-preview:-1"},"canonical":"https:\/\/www.billia.it\/grandhotelbillia\/fr\/mariage-vallee-aoste\/","og_locale":"fr_FR","og_type":"article","og_title":"Lieux de mariage en Vall\u00e9e d'Aoste - Grand Hotel Billia","og_description":"Se stai cercando una location per matrimoni in Valle d'Aosta veramente esclusiva e raffinata scopri il Grand Hotel Billia di Saint-Vincent, clicca qui","og_url":"https:\/\/www.billia.it\/grandhotelbillia\/fr\/mariage-vallee-aoste\/","og_site_name":"Grand Hotel Billia","article_modified_time":"2022-05-31T13:27:58+00:00","twitter_card":"summary","twitter_misc":{"Dur\u00e9e de lecture estim\u00e9e":"4 minutes"},"schema":{"@context":"https:\/\/schema.org","@graph":[{"@type":"WebSite","@id":"https:\/\/www.billia.it\/grandhotelbillia\/#website","url":"https:\/\/www.billia.it\/grandhotelbillia\/","name":"Grand Hotel Billia","description":"Grand Hotel Billia 5 stelle a Saint-Vincent, Valle d&#039;Aosta","potentialAction":[{"@type":"SearchAction","target":{"@type":"EntryPoint","urlTemplate":"https:\/\/www.billia.it\/grandhotelbillia\/?s={search_term_string}"},"query-input":"required name=search_term_string"}],"inLanguage":"fr-FR"},{"@type":"WebPage","@id":"https:\/\/www.billia.it\/grandhotelbillia\/fr\/mariage-vallee-aoste\/#webpage","url":"https:\/\/www.billia.it\/grandhotelbillia\/fr\/mariage-vallee-aoste\/","name":"Lieux de mariage en Vall\u00e9e d'Aoste - Grand Hotel Billia","isPartOf":{"@id":"https:\/\/www.billia.it\/grandhotelbillia\/#website"},"datePublished":"2016-05-20T08:25:52+00:00","dateModified":"2022-05-31T13:27:58+00:00","description":"Se stai cercando una location per matrimoni in Valle d'Aosta veramente esclusiva e raffinata scopri il Grand Hotel Billia di Saint-Vincent, clicca qui","breadcrumb":{"@id":"https:\/\/www.billia.it\/grandhotelbillia\/fr\/mariage-vallee-aoste\/#breadcrumb"},"inLanguage":"fr-FR","potentialAction":[{"@type":"ReadAction","target":["https:\/\/www.billia.it\/grandhotelbillia\/fr\/mariage-vallee-aoste\/"]}]},{"@type":"BreadcrumbList","@id":"https:\/\/www.billia.it\/grandhotelbillia\/fr\/mariage-vallee-aoste\/#breadcrumb","itemListElement":[{"@type":"ListItem","position":1,"name":"Home","item":"https:\/\/www.billia.it\/grandhotelbillia\/fr\/"},{"@type":"ListItem","position":2,"name":"Lieux de mariage en Vall\u00e9e d'Aoste"}]}]}},"_links":{"self":[{"href":"https:\/\/www.billia.it\/grandhotelbillia\/fr\/wp-json\/wp\/v2\/pages\/747"}],"collection":[{"href":"https:\/\/www.billia.it\/grandhotelbillia\/fr\/wp-json\/wp\/v2\/pages"}],"about":[{"href":"https:\/\/www.billia.it\/grandhotelbillia\/fr\/wp-json\/wp\/v2\/types\/page"}],"author":[{"embeddable":true,"href":"https:\/\/www.billia.it\/grandhotelbillia\/fr\/wp-json\/wp\/v2\/users\/1"}],"replies":[{"embeddable":true,"href":"https:\/\/www.billia.it\/grandhotelbillia\/fr\/wp-json\/wp\/v2\/comments?post=747"}],"version-history":[{"count":7,"href":"https:\/\/www.billia.it\/grandhotelbillia\/fr\/wp-json\/wp\/v2\/pages\/747\/revisions"}],"predecessor-version":[{"id":2322,"href":"https:\/\/www.billia.it\/grandhotelbillia\/fr\/wp-json\/wp\/v2\/pages\/747\/revisions\/2322"}],"wp:attachment":[{"href":"https:\/\/www.billia.it\/grandhotelbillia\/fr\/wp-json\/wp\/v2\/media?parent=747"}],"curies":[{"name":"wp","href":"https:\/\/api.w.org\/{rel}","templated":true}]}}