{"id":945,"date":"2018-02-07T17:38:39","date_gmt":"2018-02-07T16:38:39","guid":{"rendered":"http:\/\/www.billia.it\/grandhotelbillia\/?page_id=945"},"modified":"2018-02-13T11:46:54","modified_gmt":"2018-02-13T10:46:54","slug":"commentaries-grand-hotel-billia","status":"publish","type":"page","link":"https:\/\/www.billia.it\/grandhotelbillia\/fr\/commentaries-grand-hotel-billia\/","title":{"rendered":"Commentaries sur Grand Hotel Billia"},"content":{"rendered":"[vc_row css_animation=\u00a0\u00bbappear\u00a0\u00bb css=\u00a0\u00bb.vc_custom_1517500040239{padding-top: 5% !important;padding-bottom: 5% !important;}\u00a0\u00bb][vc_column]<h2 class=\"calluna-heading calluna-heading-none text-align-center \" ><span>Les commentaires de nos clients sont notre meilleure carte de visite...<\/span><\/h2>[\/vc_column][\/vc_row][vc_row css=\u00a0\u00bb.vc_custom_1517499551977{margin-bottom: 2% !important;}\u00a0\u00bb][vc_column width=\u00a0\u00bb1\/3&Prime;]<div class=\"calluna-testimonial  \"><div class=\"calluna-testimonial-author-image\"><img width=\"300\" height=\"300\" src=\"https:\/\/www.billia.it\/grandhotelbillia\/wp-content\/uploads\/sites\/2\/2018\/02\/booking.jpg\" class=\"attachment-thumbnail size-thumbnail\" alt=\"booking\" loading=\"lazy\" \/><\/div><div class=\"calluna-testimonial-content calluna-clearfix\"><p>l&rsquo;esprit contemporain et la salle de bain innovante<\/p>\n<div class=\"calluna-testimonial-author\">Fran\u00e7ois<span>, Booking.com<\/span><\/div><\/div><\/div>[\/vc_column][vc_column width=\u00a0\u00bb1\/3&Prime;]<div class=\"calluna-testimonial  calluna-fadein\"><div class=\"calluna-testimonial-author-image\"><img width=\"300\" height=\"300\" src=\"https:\/\/www.billia.it\/grandhotelbillia\/wp-content\/uploads\/sites\/2\/2018\/02\/booking.jpg\" class=\"attachment-thumbnail size-thumbnail\" alt=\"booking\" loading=\"lazy\" \/><\/div><div class=\"calluna-testimonial-content calluna-clearfix\"><p>Tr\u00e8s bonne literie, jolies chambres, belle salle de bain. H\u00f4tel tr\u00e8s joliment d\u00e9cor\u00e9.La vue est magnifique sur les montagnes. Beau spa tr\u00e8s spacieux. Tr\u00e8s bonne impression g\u00e9n\u00e9rale<\/p>\n<div class=\"calluna-testimonial-author\">Eva<span>, Booking.com<\/span><\/div><\/div><\/div>[\/vc_column][vc_column width=\u00a0\u00bb1\/3&Prime;]<div class=\"calluna-testimonial  \"><div class=\"calluna-testimonial-author-image\"><img width=\"300\" height=\"300\" src=\"https:\/\/www.billia.it\/grandhotelbillia\/wp-content\/uploads\/sites\/2\/2018\/02\/booking.jpg\" class=\"attachment-thumbnail size-thumbnail\" alt=\"booking\" loading=\"lazy\" \/><\/div><div class=\"calluna-testimonial-content calluna-clearfix\"><p>Magnifique SPA, personnel efficace, calme, romantique.<\/p>\n<div class=\"calluna-testimonial-author\">Evelyne<span>, Booking.com<\/span><\/div><\/div><\/div>[\/vc_column][\/vc_row][vc_row css=\u00a0\u00bb.vc_custom_1517499716776{margin-bottom: 2% !important;}\u00a0\u00bb][vc_column width=\u00a0\u00bb1\/3&Prime;]<div class=\"calluna-testimonial  \"><div class=\"calluna-testimonial-author-image\"><img width=\"300\" height=\"300\" src=\"https:\/\/www.billia.it\/grandhotelbillia\/wp-content\/uploads\/sites\/2\/2018\/02\/tripadvisor.jpg\" class=\"attachment-thumbnail size-thumbnail\" alt=\"tripadvisor\" loading=\"lazy\" \/><\/div><div class=\"calluna-testimonial-content calluna-clearfix\"><div class=\"or-review\">\n<div class=\"body\">\n<div class=\"body-text\">Etablissement magnifique !!! Tr\u00e8s chic et \u00e0 des prix largement accessible.<br \/>\nTr\u00e8s belle d\u00e9coration mellant l&rsquo;ancier et le design.<br \/>\nChambre tres spatieuse, lit tr\u00e8s grand, belle salle de bain.<br \/>\nNous avons ador\u00e9s le SPA !Je recommande vivement !<\/div>\n<\/div>\n<\/div>\n<div class=\"or-response\">\n<div class=\"or-review-response-header\"><\/div>\n<\/div>\n<div class=\"calluna-testimonial-author\">Lacante<span>, TripAdvisor<\/span><\/div><\/div><\/div>[\/vc_column][vc_column width=\u00a0\u00bb1\/3&Prime;]<div class=\"calluna-testimonial  calluna-fadein\"><div class=\"calluna-testimonial-author-image\"><img width=\"300\" height=\"300\" src=\"https:\/\/www.billia.it\/grandhotelbillia\/wp-content\/uploads\/sites\/2\/2018\/02\/tripadvisor.jpg\" class=\"attachment-thumbnail size-thumbnail\" alt=\"tripadvisor\" loading=\"lazy\" \/><\/div><div class=\"calluna-testimonial-content calluna-clearfix\"><p>Une semaine que nous n&rsquo;oublierons pas, Chambre spacieuse et tr\u00e8s confortable. 2 h\u00f4tels, 1 tr\u00e8s moderne et l&rsquo;autre ancien, haut de gamme.<br \/>\nL&rsquo;accueil est tr\u00e8s chaleureux et l&rsquo;ensemble du personnel est au top.<br \/>\nTr\u00e8s bon restaurant. Le site, merveilleux le tout EXCELENT !!!<br \/>\nA recommander absolument.<\/p>\n<div class=\"calluna-testimonial-author\">NONO5305<span>, TripAdvisor<\/span><\/div><\/div><\/div>[\/vc_column][vc_column width=\u00a0\u00bb1\/3&Prime;]<div class=\"calluna-testimonial  \"><div class=\"calluna-testimonial-author-image\"><img width=\"300\" height=\"300\" src=\"https:\/\/www.billia.it\/grandhotelbillia\/wp-content\/uploads\/sites\/2\/2018\/02\/booking.jpg\" class=\"attachment-thumbnail size-thumbnail\" alt=\"booking\" loading=\"lazy\" \/><\/div><div class=\"calluna-testimonial-content calluna-clearfix\"><p>La chambre est confortable, ultra moderne avec un syst\u00e8me de contr\u00f4le tr\u00e8s high tech. Le spa de l&rsquo;h\u00f4tel est bien plus agr\u00e9able que les thermes de la ville de la ville, bravo !<\/p>\n<div class=\"calluna-testimonial-author\">Charly<span>, Booking.com<\/span><\/div><\/div><\/div>[\/vc_column][\/vc_row][vc_row][vc_column width=\u00a0\u00bb1\/3&Prime;]<div class=\"calluna-testimonial  \"><div class=\"calluna-testimonial-author-image\"><img width=\"300\" height=\"300\" src=\"https:\/\/www.billia.it\/grandhotelbillia\/wp-content\/uploads\/sites\/2\/2018\/02\/booking.jpg\" class=\"attachment-thumbnail size-thumbnail\" alt=\"booking\" loading=\"lazy\" \/><\/div><div class=\"calluna-testimonial-content calluna-clearfix\"><p>Le spa et le personnel tr\u00e8s attentif !<\/p>\n<div class=\"calluna-testimonial-author\">Anonimo<span>, Booking.com<\/span><\/div><\/div><\/div>[\/vc_column][vc_column width=\u00a0\u00bb1\/3&Prime;]<div class=\"calluna-testimonial  calluna-fadein\"><div class=\"calluna-testimonial-author-image\"><img width=\"300\" height=\"300\" src=\"https:\/\/www.billia.it\/grandhotelbillia\/wp-content\/uploads\/sites\/2\/2018\/02\/tripadvisor.jpg\" class=\"attachment-thumbnail size-thumbnail\" alt=\"tripadvisor\" loading=\"lazy\" \/><\/div><div class=\"calluna-testimonial-content calluna-clearfix\"><p>Nous avons ador\u00e9 notre s\u00e9jour: d\u00e9coration de tr\u00e8s bon go\u00fbt, alliant le moderne et l&rsquo;ancien, chambre spacieuse, spa incroyable et vue magnifique.<\/p>\n<p>Le spa n&rsquo;\u00e9tait pas compris dans la formule que nous avions pris (compter 38 euros \/ personne en plus) mais je le recommande absolument. Nous y sommes all\u00e9s \u00e0 l&rsquo;ouverture le matin et nous avions les bains pour nous. Le lieu est grandiose, en marbre vert et avec une musique relaxante.<\/p>\n<p>Nous reviendrons !<\/p>\n<div class=\"calluna-testimonial-author\">Marion G<span>, Tripadvisor<\/span><\/div><\/div><\/div>[\/vc_column][vc_column width=\u00a0\u00bb1\/3&Prime;]<div class=\"calluna-testimonial  \"><div class=\"calluna-testimonial-author-image\"><img width=\"300\" height=\"300\" src=\"https:\/\/www.billia.it\/grandhotelbillia\/wp-content\/uploads\/sites\/2\/2018\/02\/tripadvisor.jpg\" class=\"attachment-thumbnail size-thumbnail\" alt=\"tripadvisor\" loading=\"lazy\" \/><\/div><div class=\"calluna-testimonial-content calluna-clearfix\"><p>Cet \u00e9tablissement a b\u00e9n\u00e9fici\u00e9 d&rsquo;une superbe r\u00e9novation alliant le moderne et l&rsquo;ancien.<br \/>\nLes chambres sont impeccables, le service de qualit\u00e9 avec du personnel attentionn\u00e9.<br \/>\nNe passez pas \u00e0 cot\u00e9 du superbe spa qui \u00e0 lui seul vaut le d\u00e9tour.Le petit d\u00e9jeuner est \u00e9galement de qualit\u00e9&#8230;. Bref un bien bel endroit.<\/p>\n<div class=\"calluna-testimonial-author\">Philippe V<span>, TripAdvisor<\/span><\/div><\/div><\/div>[\/vc_column][\/vc_row]\n","protected":false},"excerpt":{"rendered":"<p>[vc_row css_animation=\u00a0\u00bbappear\u00a0\u00bb css=\u00a0\u00bb.vc_custom_1517500040239{padding-top: 5% !important;padding-bottom: 5% !important;}\u00a0\u00bb][vc_column][\/vc_column][\/vc_row][vc_row css=\u00a0\u00bb.vc_custom_1517499551977{margin-bottom: 2% !important;}\u00a0\u00bb][vc_column width=\u00a0\u00bb1\/3&Prime;][\/vc_column][vc_column width=\u00a0\u00bb1\/3&Prime;][\/vc_column][vc_column width=\u00a0\u00bb1\/3&Prime;][\/vc_column][\/vc_row][vc_row css=\u00a0\u00bb.vc_custom_1517499716776{margin-bottom: 2% !important;}\u00a0\u00bb][vc_column width=\u00a0\u00bb1\/3&Prime;][\/vc_column][vc_column width=\u00a0\u00bb1\/3&Prime;][\/vc_column][vc_column width=\u00a0\u00bb1\/3&Prime;][\/vc_column][\/vc_row][vc_row][vc_column width=\u00a0\u00bb1\/3&Prime;][\/vc_column][vc_column width=\u00a0\u00bb1\/3&Prime;][\/vc_column][vc_column width=\u00a0\u00bb1\/3&Prime;][\/vc_column][\/vc_row]<\/p>\n","protected":false},"author":1,"featured_media":0,"parent":0,"menu_order":0,"comment_status":"closed","ping_status":"closed","template":"","meta":[],"yoast_head":"<!-- This site is optimized with the Yoast SEO plugin v18.2 - https:\/\/yoast.com\/wordpress\/plugins\/seo\/ -->\n<title>Commentaries sur Grand Hotel Billia - Grand Hotel Billia<\/title>\n<meta name=\"robots\" content=\"index, follow, max-snippet:-1, max-image-preview:large, max-video-preview:-1\" \/>\n<link rel=\"canonical\" href=\"https:\/\/www.billia.it\/grandhotelbillia\/fr\/commentaries-grand-hotel-billia\/\" \/>\n<meta property=\"og:locale\" content=\"fr_FR\" \/>\n<meta property=\"og:type\" content=\"article\" \/>\n<meta property=\"og:title\" content=\"Commentaries sur Grand Hotel Billia - Grand Hotel Billia\" \/>\n<meta property=\"og:description\" content=\"[vc_row css_animation=\u00a0\u00bbappear\u00a0\u00bb css=\u00a0\u00bb.vc_custom_1517500040239{padding-top: 5% !important;padding-bottom: 5% !important;}\u00a0\u00bb][vc_column][\/vc_column][\/vc_row][vc_row css=\u00a0\u00bb.vc_custom_1517499551977{margin-bottom: 2% !important;}\u00a0\u00bb][vc_column width=\u00a0\u00bb1\/3&Prime;][\/vc_column][vc_column width=\u00a0\u00bb1\/3&Prime;][\/vc_column][vc_column width=\u00a0\u00bb1\/3&Prime;][\/vc_column][\/vc_row][vc_row css=\u00a0\u00bb.vc_custom_1517499716776{margin-bottom: 2% !important;}\u00a0\u00bb][vc_column width=\u00a0\u00bb1\/3&Prime;][\/vc_column][vc_column width=\u00a0\u00bb1\/3&Prime;][\/vc_column][vc_column width=\u00a0\u00bb1\/3&Prime;][\/vc_column][\/vc_row][vc_row][vc_column width=\u00a0\u00bb1\/3&Prime;][\/vc_column][vc_column width=\u00a0\u00bb1\/3&Prime;][\/vc_column][vc_column width=\u00a0\u00bb1\/3&Prime;][\/vc_column][\/vc_row]\" \/>\n<meta property=\"og:url\" content=\"https:\/\/www.billia.it\/grandhotelbillia\/fr\/commentaries-grand-hotel-billia\/\" \/>\n<meta property=\"og:site_name\" content=\"Grand Hotel Billia\" \/>\n<meta property=\"article:modified_time\" content=\"2018-02-13T10:46:54+00:00\" \/>\n<meta name=\"twitter:card\" content=\"summary\" \/>\n<meta name=\"twitter:label1\" content=\"Dur\u00e9e de lecture estim\u00e9e\" \/>\n\t<meta name=\"twitter:data1\" content=\"3 minutes\" \/>\n<script type=\"application\/ld+json\" class=\"yoast-schema-graph\">{\"@context\":\"https:\/\/schema.org\",\"@graph\":[{\"@type\":\"WebSite\",\"@id\":\"https:\/\/www.billia.it\/grandhotelbillia\/#website\",\"url\":\"https:\/\/www.billia.it\/grandhotelbillia\/\",\"name\":\"Grand Hotel Billia\",\"description\":\"Grand Hotel Billia 5 stelle a Saint-Vincent, Valle d&#039;Aosta\",\"potentialAction\":[{\"@type\":\"SearchAction\",\"target\":{\"@type\":\"EntryPoint\",\"urlTemplate\":\"https:\/\/www.billia.it\/grandhotelbillia\/?s={search_term_string}\"},\"query-input\":\"required name=search_term_string\"}],\"inLanguage\":\"fr-FR\"},{\"@type\":\"WebPage\",\"@id\":\"https:\/\/www.billia.it\/grandhotelbillia\/fr\/commentaries-grand-hotel-billia\/#webpage\",\"url\":\"https:\/\/www.billia.it\/grandhotelbillia\/fr\/commentaries-grand-hotel-billia\/\",\"name\":\"Commentaries sur Grand Hotel Billia - Grand Hotel Billia\",\"isPartOf\":{\"@id\":\"https:\/\/www.billia.it\/grandhotelbillia\/#website\"},\"datePublished\":\"2018-02-07T16:38:39+00:00\",\"dateModified\":\"2018-02-13T10:46:54+00:00\",\"breadcrumb\":{\"@id\":\"https:\/\/www.billia.it\/grandhotelbillia\/fr\/commentaries-grand-hotel-billia\/#breadcrumb\"},\"inLanguage\":\"fr-FR\",\"potentialAction\":[{\"@type\":\"ReadAction\",\"target\":[\"https:\/\/www.billia.it\/grandhotelbillia\/fr\/commentaries-grand-hotel-billia\/\"]}]},{\"@type\":\"BreadcrumbList\",\"@id\":\"https:\/\/www.billia.it\/grandhotelbillia\/fr\/commentaries-grand-hotel-billia\/#breadcrumb\",\"itemListElement\":[{\"@type\":\"ListItem\",\"position\":1,\"name\":\"Home\",\"item\":\"https:\/\/www.billia.it\/grandhotelbillia\/fr\/\"},{\"@type\":\"ListItem\",\"position\":2,\"name\":\"Commentaries sur Grand Hotel Billia\"}]}]}<\/script>\n<!-- \/ Yoast SEO plugin. -->","yoast_head_json":{"title":"Commentaries sur Grand Hotel Billia - Grand Hotel Billia","robots":{"index":"index","follow":"follow","max-snippet":"max-snippet:-1","max-image-preview":"max-image-preview:large","max-video-preview":"max-video-preview:-1"},"canonical":"https:\/\/www.billia.it\/grandhotelbillia\/fr\/commentaries-grand-hotel-billia\/","og_locale":"fr_FR","og_type":"article","og_title":"Commentaries sur Grand Hotel Billia - Grand Hotel Billia","og_description":"[vc_row css_animation=\u00a0\u00bbappear\u00a0\u00bb css=\u00a0\u00bb.vc_custom_1517500040239{padding-top: 5% !important;padding-bottom: 5% !important;}\u00a0\u00bb][vc_column][\/vc_column][\/vc_row][vc_row css=\u00a0\u00bb.vc_custom_1517499551977{margin-bottom: 2% !important;}\u00a0\u00bb][vc_column width=\u00a0\u00bb1\/3&Prime;][\/vc_column][vc_column width=\u00a0\u00bb1\/3&Prime;][\/vc_column][vc_column width=\u00a0\u00bb1\/3&Prime;][\/vc_column][\/vc_row][vc_row css=\u00a0\u00bb.vc_custom_1517499716776{margin-bottom: 2% !important;}\u00a0\u00bb][vc_column width=\u00a0\u00bb1\/3&Prime;][\/vc_column][vc_column width=\u00a0\u00bb1\/3&Prime;][\/vc_column][vc_column width=\u00a0\u00bb1\/3&Prime;][\/vc_column][\/vc_row][vc_row][vc_column width=\u00a0\u00bb1\/3&Prime;][\/vc_column][vc_column width=\u00a0\u00bb1\/3&Prime;][\/vc_column][vc_column width=\u00a0\u00bb1\/3&Prime;][\/vc_column][\/vc_row]","og_url":"https:\/\/www.billia.it\/grandhotelbillia\/fr\/commentaries-grand-hotel-billia\/","og_site_name":"Grand Hotel Billia","article_modified_time":"2018-02-13T10:46:54+00:00","twitter_card":"summary","twitter_misc":{"Dur\u00e9e de lecture estim\u00e9e":"3 minutes"},"schema":{"@context":"https:\/\/schema.org","@graph":[{"@type":"WebSite","@id":"https:\/\/www.billia.it\/grandhotelbillia\/#website","url":"https:\/\/www.billia.it\/grandhotelbillia\/","name":"Grand Hotel Billia","description":"Grand Hotel Billia 5 stelle a Saint-Vincent, Valle d&#039;Aosta","potentialAction":[{"@type":"SearchAction","target":{"@type":"EntryPoint","urlTemplate":"https:\/\/www.billia.it\/grandhotelbillia\/?s={search_term_string}"},"query-input":"required name=search_term_string"}],"inLanguage":"fr-FR"},{"@type":"WebPage","@id":"https:\/\/www.billia.it\/grandhotelbillia\/fr\/commentaries-grand-hotel-billia\/#webpage","url":"https:\/\/www.billia.it\/grandhotelbillia\/fr\/commentaries-grand-hotel-billia\/","name":"Commentaries sur Grand Hotel Billia - Grand Hotel Billia","isPartOf":{"@id":"https:\/\/www.billia.it\/grandhotelbillia\/#website"},"datePublished":"2018-02-07T16:38:39+00:00","dateModified":"2018-02-13T10:46:54+00:00","breadcrumb":{"@id":"https:\/\/www.billia.it\/grandhotelbillia\/fr\/commentaries-grand-hotel-billia\/#breadcrumb"},"inLanguage":"fr-FR","potentialAction":[{"@type":"ReadAction","target":["https:\/\/www.billia.it\/grandhotelbillia\/fr\/commentaries-grand-hotel-billia\/"]}]},{"@type":"BreadcrumbList","@id":"https:\/\/www.billia.it\/grandhotelbillia\/fr\/commentaries-grand-hotel-billia\/#breadcrumb","itemListElement":[{"@type":"ListItem","position":1,"name":"Home","item":"https:\/\/www.billia.it\/grandhotelbillia\/fr\/"},{"@type":"ListItem","position":2,"name":"Commentaries sur Grand Hotel Billia"}]}]}},"_links":{"self":[{"href":"https:\/\/www.billia.it\/grandhotelbillia\/fr\/wp-json\/wp\/v2\/pages\/945"}],"collection":[{"href":"https:\/\/www.billia.it\/grandhotelbillia\/fr\/wp-json\/wp\/v2\/pages"}],"about":[{"href":"https:\/\/www.billia.it\/grandhotelbillia\/fr\/wp-json\/wp\/v2\/types\/page"}],"author":[{"embeddable":true,"href":"https:\/\/www.billia.it\/grandhotelbillia\/fr\/wp-json\/wp\/v2\/users\/1"}],"replies":[{"embeddable":true,"href":"https:\/\/www.billia.it\/grandhotelbillia\/fr\/wp-json\/wp\/v2\/comments?post=945"}],"version-history":[{"count":4,"href":"https:\/\/www.billia.it\/grandhotelbillia\/fr\/wp-json\/wp\/v2\/pages\/945\/revisions"}],"predecessor-version":[{"id":963,"href":"https:\/\/www.billia.it\/grandhotelbillia\/fr\/wp-json\/wp\/v2\/pages\/945\/revisions\/963"}],"wp:attachment":[{"href":"https:\/\/www.billia.it\/grandhotelbillia\/fr\/wp-json\/wp\/v2\/media?parent=945"}],"curies":[{"name":"wp","href":"https:\/\/api.w.org\/{rel}","templated":true}]}}