{"id":2459,"date":"2016-05-01T11:32:09","date_gmt":"2016-05-01T09:32:09","guid":{"rendered":"http:\/\/www.billia.it\/parchotelbillia\/fr\/servizi\/"},"modified":"2025-07-04T13:21:35","modified_gmt":"2025-07-04T11:21:35","slug":"services","status":"publish","type":"page","link":"https:\/\/www.billia.it\/parchotelbillia\/fr\/services\/","title":{"rendered":"Services"},"content":{"rendered":"[vc_row full_width=\u00a0\u00bbstretch_row\u00a0\u00bb parallax=\u00a0\u00bbcontent-moving\u00a0\u00bb parallax_image=\u00a0\u00bb235&Prime;][vc_column][vc_row_inner gap=\u00a0\u00bb15&Prime; css=\u00a0\u00bb.vc_custom_1462095800831{padding-top: 100px !important;}\u00a0\u00bb][vc_column_inner css=\u00a0\u00bb.vc_custom_1460368945071{border-top-width: 1px !important;border-right-width: 1px !important;border-bottom-width: 1px !important;border-left-width: 1px !important;border-left-color: #b07c12 !important;border-left-style: solid !important;border-right-color: #b07c12 !important;border-right-style: solid !important;border-top-color: #b07c12 !important;border-top-style: solid !important;border-bottom-color: #b07c12 !important;border-bottom-style: solid !important;}\u00a0\u00bb offset=\u00a0\u00bbvc_col-lg-4 vc_col-md-12&Prime;][vc_empty_space]\n        <div class=\"calluna-icon-box clr calluna-icon-box-two align-center with-background\">\n                            <img class=\"calluna-icon-box-two-img-alt\" src=\"https:\/\/www.billia.it\/parchotelbillia\/wp-content\/uploads\/sites\/3\/2016\/05\/internet.png\" alt=\"Wifi\" style=\"width:50px;\" \/>\n                            <h3 class=\"calluna-icon-box-two-heading \" style=color:#1d1d1d;font-size:33px;>\n                    Wifi                <\/h3>\n                            <div class=\"calluna-icon-box-two-content clr\">\n                    <p>Connexion Wi-fi gratuite et illimit\u00e9e dans les parties communes et les chambres.<\/p>\n                <\/div>\n                    <\/div>\n        \n        [\/vc_column_inner][vc_column_inner css=\u00a0\u00bb.vc_custom_1460368954046{border-top-width: 1px !important;border-right-width: 1px !important;border-bottom-width: 1px !important;border-left-width: 1px !important;border-left-color: #b07c12 !important;border-left-style: solid !important;border-right-color: #b07c12 !important;border-right-style: solid !important;border-top-color: #b07c12 !important;border-top-style: solid !important;border-bottom-color: #b07c12 !important;border-bottom-style: solid !important;}\u00a0\u00bb offset=\u00a0\u00bbvc_col-lg-4 vc_col-md-12&Prime;][vc_empty_space]\n        <div class=\"calluna-icon-box clr calluna-icon-box-two align-center with-background\">\n                            <img class=\"calluna-icon-box-two-img-alt\" src=\"https:\/\/www.billia.it\/parchotelbillia\/wp-content\/uploads\/sites\/3\/2016\/05\/piscina-saint-vincent.png\" alt=\"Piscine\" style=\"width:50px;\" \/>\n                            <h3 class=\"calluna-icon-box-two-heading \" style=color:#1d1d1d;font-size:33px;>\n                    Piscine                <\/h3>\n                            <div class=\"calluna-icon-box-two-content clr\">\n                    <p>La piscine ext\u00e9rieure, au c\u0153ur du parc, est ouverte du mois de Juin \u00e0 celui de Septembre.<\/p>\n                <\/div>\n                    <\/div>\n        \n        [\/vc_column_inner][vc_column_inner css=\u00a0\u00bb.vc_custom_1460368870023{border-top-width: 1px !important;border-right-width: 1px !important;border-bottom-width: 1px !important;border-left-width: 1px !important;border-left-color: #b07c12 !important;border-left-style: solid !important;border-right-color: #b07c12 !important;border-right-style: solid !important;border-top-color: #b07c12 !important;border-top-style: solid !important;border-bottom-color: #b07c12 !important;border-bottom-style: solid !important;}\u00a0\u00bb offset=\u00a0\u00bbvc_col-lg-4 vc_col-md-12&Prime;][vc_empty_space]\n        <div class=\"calluna-icon-box clr calluna-icon-box-two align-center with-background\">\n                            <img class=\"calluna-icon-box-two-img-alt\" src=\"https:\/\/www.billia.it\/parchotelbillia\/wp-content\/uploads\/sites\/3\/2016\/05\/carte-credito.png\" alt=\"Cartes de cr\u00e9dit\" style=\"width:50px;\" \/>\n                            <h3 class=\"calluna-icon-box-two-heading \" style=color:#1d1d1d;font-size:33px;>\n                    Cartes de cr\u00e9dit                <\/h3>\n                            <div class=\"calluna-icon-box-two-content clr\">\n                    <p>Toutes les principales cartes de cr\u00e9dit sont accept\u00e9es: Visa, Mastercard, Diner\u2019s, American Express.<\/p>\n                <\/div>\n                    <\/div>\n        \n        [\/vc_column_inner][\/vc_row_inner][vc_row_inner gap=\u00a0\u00bb15&Prime;][vc_column_inner css=\u00a0\u00bb.vc_custom_1460368945071{border-top-width: 1px !important;border-right-width: 1px !important;border-bottom-width: 1px !important;border-left-width: 1px !important;border-left-color: #b07c12 !important;border-left-style: solid !important;border-right-color: #b07c12 !important;border-right-style: solid !important;border-top-color: #b07c12 !important;border-top-style: solid !important;border-bottom-color: #b07c12 !important;border-bottom-style: solid !important;}\u00a0\u00bb offset=\u00a0\u00bbvc_col-lg-4 vc_col-md-12&Prime;][vc_empty_space]\n        <div class=\"calluna-icon-box clr calluna-icon-box-two align-center with-background\">\n                            <img class=\"calluna-icon-box-two-img-alt\" src=\"https:\/\/www.billia.it\/parchotelbillia\/wp-content\/uploads\/sites\/3\/2016\/05\/sigarette.png\" alt=\"Fumeurs\" style=\"width:50px;\" \/>\n                            <h3 class=\"calluna-icon-box-two-heading \" style=color:#1d1d1d;font-size:33px;>\n                    Fumeurs                <\/h3>\n                            <div class=\"calluna-icon-box-two-content clr\">\n                    <p>Dans le respect de la loi italienne, toutes les pi\u00e8ces du Parc Hotel Billia sont interdites aux fumeurs auxquels des chambres ont \u00e9t\u00e9 r\u00e9serv\u00e9es. Il suffit de signaler votre exigence au moment de la r\u00e9servation ou du check-in \u00e0 l\u2019h\u00f4tel.<\/p>\n                <\/div>\n                    <\/div>\n        \n        [\/vc_column_inner][vc_column_inner css=\u00a0\u00bb.vc_custom_1460368954046{border-top-width: 1px !important;border-right-width: 1px !important;border-bottom-width: 1px !important;border-left-width: 1px !important;border-left-color: #b07c12 !important;border-left-style: solid !important;border-right-color: #b07c12 !important;border-right-style: solid !important;border-top-color: #b07c12 !important;border-top-style: solid !important;border-bottom-color: #b07c12 !important;border-bottom-style: solid !important;}\u00a0\u00bb offset=\u00a0\u00bbvc_col-lg-4 vc_col-md-12&Prime;][vc_empty_space]\n        <div class=\"calluna-icon-box clr calluna-icon-box-two align-center with-background\">\n                            <img class=\"calluna-icon-box-two-img-alt\" src=\"https:\/\/www.billia.it\/parchotelbillia\/wp-content\/uploads\/sites\/3\/2016\/05\/diversamente-abili.png\" alt=\"personnes a mobilite reduite\" style=\"width:50px;\" \/>\n                            <h3 class=\"calluna-icon-box-two-heading \" style=color:#1d1d1d;font-size:33px;>\n                    personnes a mobilite reduite                <\/h3>\n                            <div class=\"calluna-icon-box-two-content clr\">\n                    <p>Les \u00e9spaces communs ont \u00e9t\u00e9 con\u00e7ues pour \u00eatre accessibles \u00e0 tous. Le Parc Hotel Billia dispose de 6 chambres sp\u00e9cialement cr\u00e9es pour rendre confortable le s\u00e9jour de chaque Client. Notre personnel de la R\u00e9ception fournira toute l\u2019aide possible pour satisfaire toute exigence sp\u00e9cifique.<\/p>\n                <\/div>\n                    <\/div>\n        \n        [\/vc_column_inner][vc_column_inner css=\u00a0\u00bb.vc_custom_1460368870023{border-top-width: 1px !important;border-right-width: 1px !important;border-bottom-width: 1px !important;border-left-width: 1px !important;border-left-color: #b07c12 !important;border-left-style: solid !important;border-right-color: #b07c12 !important;border-right-style: solid !important;border-top-color: #b07c12 !important;border-top-style: solid !important;border-bottom-color: #b07c12 !important;border-bottom-style: solid !important;}\u00a0\u00bb offset=\u00a0\u00bbvc_col-lg-4 vc_col-md-12&Prime;][vc_empty_space]\n        <div class=\"calluna-icon-box clr calluna-icon-box-two align-center with-background\">\n                            <img class=\"calluna-icon-box-two-img-alt\" src=\"https:\/\/www.billia.it\/parchotelbillia\/wp-content\/uploads\/sites\/3\/2016\/05\/parking.png\" alt=\"parking\" style=\"width:50px;\" \/>\n                            <h3 class=\"calluna-icon-box-two-heading \" style=color:#1d1d1d;font-size:33px;>\n                    parking                <\/h3>\n                            <div class=\"calluna-icon-box-two-content clr\">\n                    <p>Le parking priv\u00e9, ext\u00e9rieur et non surveill\u00e9 est \u00e0 disposition des Clients.<\/p>\n                <\/div>\n                    <\/div>\n        \n        [\/vc_column_inner][\/vc_row_inner][vc_row_inner gap=\u00a0\u00bb15&Prime;][vc_column_inner css=\u00a0\u00bb.vc_custom_1460368945071{border-top-width: 1px !important;border-right-width: 1px !important;border-bottom-width: 1px !important;border-left-width: 1px !important;border-left-color: #b07c12 !important;border-left-style: solid !important;border-right-color: #b07c12 !important;border-right-style: solid !important;border-top-color: #b07c12 !important;border-top-style: solid !important;border-bottom-color: #b07c12 !important;border-bottom-style: solid !important;}\u00a0\u00bb offset=\u00a0\u00bbvc_col-lg-4 vc_col-md-12&Prime;][vc_empty_space]\n        <div class=\"calluna-icon-box clr calluna-icon-box-two align-center with-background\">\n                            <img class=\"calluna-icon-box-two-img-alt\" src=\"https:\/\/www.billia.it\/parchotelbillia\/wp-content\/uploads\/sites\/3\/2016\/05\/hotel-animali-saint-vincent.png\" alt=\"Animaux\" style=\"width:50px;\" \/>\n                            <h3 class=\"calluna-icon-box-two-heading \" style=color:#1d1d1d;font-size:33px;>\n                    Animaux                <\/h3>\n                            <div class=\"calluna-icon-box-two-content clr\">\n                    <p>Les animaux ne sont pas admis dans l&rsquo;h\u00f4tel. Nous sommes heureux de vous fournir des informations sur les maisons d&rsquo;h\u00f4tes pour animaux autour de Saint-Vincent.<\/p>\n                <\/div>\n                    <\/div>\n        \n        [\/vc_column_inner][vc_column_inner css=\u00a0\u00bb.vc_custom_1460368954046{border-top-width: 1px !important;border-right-width: 1px !important;border-bottom-width: 1px !important;border-left-width: 1px !important;border-left-color: #b07c12 !important;border-left-style: solid !important;border-right-color: #b07c12 !important;border-right-style: solid !important;border-top-color: #b07c12 !important;border-top-style: solid !important;border-bottom-color: #b07c12 !important;border-bottom-style: solid !important;}\u00a0\u00bb offset=\u00a0\u00bbvc_col-lg-4 vc_col-md-12&Prime;][vc_empty_space]\n        <div class=\"calluna-icon-box clr calluna-icon-box-two align-center with-background\">\n                            <img class=\"calluna-icon-box-two-img-alt\" src=\"https:\/\/www.billia.it\/parchotelbillia\/wp-content\/uploads\/sites\/3\/2018\/01\/ricarica-auto-elettriche.png\" alt=\"TESLA DESTINATION CHARGING\" style=\"width:50px;\" \/>\n                            <h3 class=\"calluna-icon-box-two-heading \" style=color:#1d1d1d;font-size:33px;>\n                    TESLA DESTINATION CHARGING                <\/h3>\n                            <div class=\"calluna-icon-box-two-content clr\">\n                    <p>L&rsquo;hotel fait partie du Programme <strong><b>Tesla Destination Charging<\/b><\/strong> et les clients peuvent utiliser un chargeur Tesla et un chargeur \u00e0 connexion universelle, qui peut \u00eatre utilis\u00e9 par des voitures\u00a0 \u00e9lectriques ou hybrides d&rsquo;autres marques compatibles avec les standard europ\u00e9ens.<br \/>\nRenseignements \u00e0 la R\u00e9ception de l\u2019H\u00f4tel.<\/p>\n                <\/div>\n                    <\/div>\n        \n        [\/vc_column_inner][vc_column_inner css=\u00a0\u00bb.vc_custom_1460368870023{border-top-width: 1px !important;border-right-width: 1px !important;border-bottom-width: 1px !important;border-left-width: 1px !important;border-left-color: #b07c12 !important;border-left-style: solid !important;border-right-color: #b07c12 !important;border-right-style: solid !important;border-top-color: #b07c12 !important;border-top-style: solid !important;border-bottom-color: #b07c12 !important;border-bottom-style: solid !important;}\u00a0\u00bb offset=\u00a0\u00bbvc_col-lg-4 vc_col-md-12&Prime;][vc_empty_space]\n        <div class=\"calluna-icon-box clr calluna-icon-box-two align-center with-background\">\n                            <img class=\"calluna-icon-box-two-img-alt\" src=\"https:\/\/www.billia.it\/parchotelbillia\/wp-content\/uploads\/sites\/3\/2023\/06\/tennis.png\" alt=\"TENNIS\" style=\"width:50px;\" \/>\n                            <h3 class=\"calluna-icon-box-two-heading \" style=color:#1d1d1d;font-size:33px;>\n                    TENNIS                <\/h3>\n                            <div class=\"calluna-icon-box-two-content clr\">\n                    <p>Pendant l&rsquo;\u00e9t\u00e9, les clients de l&rsquo;h\u00f4tel peuvent utiliser gratuitement les deux courts de tennis en terre battue situ\u00e9s \u00e0 c\u00f4t\u00e9 de l&rsquo;h\u00f4tel, qui sont ouverts tous les jours de 9 heures \u00e0 19 heures. R\u00e9servations \u00e0 la r\u00e9ception.<\/p>\n                <\/div>\n                    <\/div>\n        \n        [\/vc_column_inner][\/vc_row_inner][\/vc_column][\/vc_row][vc_row][vc_column][vc_empty_space height=\u00a0\u00bb64px\u00a0\u00bb][\/vc_column][\/vc_row]\n","protected":false},"excerpt":{"rendered":"<p>[vc_row full_width=\u00a0\u00bbstretch_row\u00a0\u00bb parallax=\u00a0\u00bbcontent-moving\u00a0\u00bb parallax_image=\u00a0\u00bb235&Prime;][vc_column][vc_row_inner gap=\u00a0\u00bb15&Prime; css=\u00a0\u00bb.vc_custom_1462095800831{padding-top: 100px !important;}\u00a0\u00bb][vc_column_inner css=\u00a0\u00bb.vc_custom_1460368945071{border-top-width: 1px !important;border-right-width: 1px !important;border-bottom-width: 1px !important;border-left-width: 1px !important;border-left-color: #b07c12 !important;border-left-style: solid !important;border-right-color: #b07c12 !important;border-right-style: solid !important;border-top-color: #b07c12 !important;border-top-style: solid !important;border-bottom-color: #b07c12 !important;border-bottom-style: solid !important;}\u00a0\u00bb offset=\u00a0\u00bbvc_col-lg-4 vc_col-md-12&Prime;][vc_empty_space][\/vc_column_inner][vc_column_inner css=\u00a0\u00bb.vc_custom_1460368954046{border-top-width: 1px !important;border-right-width: 1px !important;border-bottom-width: 1px !important;border-left-width: 1px !important;border-left-color: #b07c12 !important;border-left-style: solid !important;border-right-color: #b07c12 !important;border-right-style: solid !important;border-top-color: #b07c12 !important;border-top-style: solid [&hellip;]<\/p>\n","protected":false},"author":1,"featured_media":0,"parent":0,"menu_order":0,"comment_status":"closed","ping_status":"closed","template":"","meta":[],"yoast_head":"<!-- This site is optimized with the Yoast SEO plugin v18.2 - https:\/\/yoast.com\/wordpress\/plugins\/seo\/ -->\n<title>Services du Parc H\u00f4tel Billia: H\u00f4tel 4 \u00e9toiles avec spa en Vall\u00e9e d&#039;Aoste<\/title>\n<meta name=\"description\" content=\"Services du Parc H\u00f4tel Billia: H\u00f4tel 4 \u00e9toiles avec spa en Vall\u00e9e d&#039;Aoste. Piscine, Casino et spa dans un beau H\u00f4tel 4 \u00e9toiles en Vall\u00e9e d&#039;Aoste\" \/>\n<meta name=\"robots\" content=\"index, follow, max-snippet:-1, max-image-preview:large, max-video-preview:-1\" \/>\n<link rel=\"canonical\" href=\"https:\/\/www.billia.it\/parchotelbillia\/fr\/services\/\" \/>\n<meta property=\"og:locale\" content=\"fr_FR\" \/>\n<meta property=\"og:type\" content=\"article\" \/>\n<meta property=\"og:title\" content=\"Services du Parc H\u00f4tel Billia: H\u00f4tel 4 \u00e9toiles avec spa en Vall\u00e9e d&#039;Aoste\" \/>\n<meta property=\"og:description\" content=\"Services du Parc H\u00f4tel Billia: H\u00f4tel 4 \u00e9toiles avec spa en Vall\u00e9e d&#039;Aoste. Piscine, Casino et spa dans un beau H\u00f4tel 4 \u00e9toiles en Vall\u00e9e d&#039;Aoste\" \/>\n<meta property=\"og:url\" content=\"https:\/\/www.billia.it\/parchotelbillia\/fr\/services\/\" \/>\n<meta property=\"og:site_name\" content=\"Parc Hotel Billia\" \/>\n<meta property=\"article:modified_time\" content=\"2025-07-04T11:21:35+00:00\" \/>\n<meta name=\"twitter:card\" content=\"summary\" \/>\n<meta name=\"twitter:label1\" content=\"Dur\u00e9e de lecture estim\u00e9e\" \/>\n\t<meta name=\"twitter:data1\" content=\"4 minutes\" \/>\n<script type=\"application\/ld+json\" class=\"yoast-schema-graph\">{\"@context\":\"https:\/\/schema.org\",\"@graph\":[{\"@type\":\"WebSite\",\"@id\":\"https:\/\/www.billia.it\/parchotelbillia\/#website\",\"url\":\"https:\/\/www.billia.it\/parchotelbillia\/\",\"name\":\"Parc Hotel Billia\",\"description\":\"Parc Hotel Billia di Saint-Vincent, Valle d&#039;Aosta\",\"potentialAction\":[{\"@type\":\"SearchAction\",\"target\":{\"@type\":\"EntryPoint\",\"urlTemplate\":\"https:\/\/www.billia.it\/parchotelbillia\/?s={search_term_string}\"},\"query-input\":\"required name=search_term_string\"}],\"inLanguage\":\"fr-FR\"},{\"@type\":\"WebPage\",\"@id\":\"https:\/\/www.billia.it\/parchotelbillia\/fr\/services\/#webpage\",\"url\":\"https:\/\/www.billia.it\/parchotelbillia\/fr\/services\/\",\"name\":\"Services du Parc H\u00f4tel Billia: H\u00f4tel 4 \u00e9toiles avec spa en Vall\u00e9e d'Aoste\",\"isPartOf\":{\"@id\":\"https:\/\/www.billia.it\/parchotelbillia\/#website\"},\"datePublished\":\"2016-05-01T09:32:09+00:00\",\"dateModified\":\"2025-07-04T11:21:35+00:00\",\"description\":\"Services du Parc H\u00f4tel Billia: H\u00f4tel 4 \u00e9toiles avec spa en Vall\u00e9e d'Aoste. Piscine, Casino et spa dans un beau H\u00f4tel 4 \u00e9toiles en Vall\u00e9e d'Aoste\",\"breadcrumb\":{\"@id\":\"https:\/\/www.billia.it\/parchotelbillia\/fr\/services\/#breadcrumb\"},\"inLanguage\":\"fr-FR\",\"potentialAction\":[{\"@type\":\"ReadAction\",\"target\":[\"https:\/\/www.billia.it\/parchotelbillia\/fr\/services\/\"]}]},{\"@type\":\"BreadcrumbList\",\"@id\":\"https:\/\/www.billia.it\/parchotelbillia\/fr\/services\/#breadcrumb\",\"itemListElement\":[{\"@type\":\"ListItem\",\"position\":1,\"name\":\"Home\",\"item\":\"https:\/\/www.billia.it\/parchotelbillia\/fr\/\"},{\"@type\":\"ListItem\",\"position\":2,\"name\":\"Services\"}]}]}<\/script>\n<!-- \/ Yoast SEO plugin. -->","yoast_head_json":{"title":"Services du Parc H\u00f4tel Billia: H\u00f4tel 4 \u00e9toiles avec spa en Vall\u00e9e d'Aoste","description":"Services du Parc H\u00f4tel Billia: H\u00f4tel 4 \u00e9toiles avec spa en Vall\u00e9e d'Aoste. Piscine, Casino et spa dans un beau H\u00f4tel 4 \u00e9toiles en Vall\u00e9e d'Aoste","robots":{"index":"index","follow":"follow","max-snippet":"max-snippet:-1","max-image-preview":"max-image-preview:large","max-video-preview":"max-video-preview:-1"},"canonical":"https:\/\/www.billia.it\/parchotelbillia\/fr\/services\/","og_locale":"fr_FR","og_type":"article","og_title":"Services du Parc H\u00f4tel Billia: H\u00f4tel 4 \u00e9toiles avec spa en Vall\u00e9e d'Aoste","og_description":"Services du Parc H\u00f4tel Billia: H\u00f4tel 4 \u00e9toiles avec spa en Vall\u00e9e d'Aoste. Piscine, Casino et spa dans un beau H\u00f4tel 4 \u00e9toiles en Vall\u00e9e d'Aoste","og_url":"https:\/\/www.billia.it\/parchotelbillia\/fr\/services\/","og_site_name":"Parc Hotel Billia","article_modified_time":"2025-07-04T11:21:35+00:00","twitter_card":"summary","twitter_misc":{"Dur\u00e9e de lecture estim\u00e9e":"4 minutes"},"schema":{"@context":"https:\/\/schema.org","@graph":[{"@type":"WebSite","@id":"https:\/\/www.billia.it\/parchotelbillia\/#website","url":"https:\/\/www.billia.it\/parchotelbillia\/","name":"Parc Hotel Billia","description":"Parc Hotel Billia di Saint-Vincent, Valle d&#039;Aosta","potentialAction":[{"@type":"SearchAction","target":{"@type":"EntryPoint","urlTemplate":"https:\/\/www.billia.it\/parchotelbillia\/?s={search_term_string}"},"query-input":"required name=search_term_string"}],"inLanguage":"fr-FR"},{"@type":"WebPage","@id":"https:\/\/www.billia.it\/parchotelbillia\/fr\/services\/#webpage","url":"https:\/\/www.billia.it\/parchotelbillia\/fr\/services\/","name":"Services du Parc H\u00f4tel Billia: H\u00f4tel 4 \u00e9toiles avec spa en Vall\u00e9e d'Aoste","isPartOf":{"@id":"https:\/\/www.billia.it\/parchotelbillia\/#website"},"datePublished":"2016-05-01T09:32:09+00:00","dateModified":"2025-07-04T11:21:35+00:00","description":"Services du Parc H\u00f4tel Billia: H\u00f4tel 4 \u00e9toiles avec spa en Vall\u00e9e d'Aoste. Piscine, Casino et spa dans un beau H\u00f4tel 4 \u00e9toiles en Vall\u00e9e d'Aoste","breadcrumb":{"@id":"https:\/\/www.billia.it\/parchotelbillia\/fr\/services\/#breadcrumb"},"inLanguage":"fr-FR","potentialAction":[{"@type":"ReadAction","target":["https:\/\/www.billia.it\/parchotelbillia\/fr\/services\/"]}]},{"@type":"BreadcrumbList","@id":"https:\/\/www.billia.it\/parchotelbillia\/fr\/services\/#breadcrumb","itemListElement":[{"@type":"ListItem","position":1,"name":"Home","item":"https:\/\/www.billia.it\/parchotelbillia\/fr\/"},{"@type":"ListItem","position":2,"name":"Services"}]}]}},"_links":{"self":[{"href":"https:\/\/www.billia.it\/parchotelbillia\/fr\/wp-json\/wp\/v2\/pages\/2459"}],"collection":[{"href":"https:\/\/www.billia.it\/parchotelbillia\/fr\/wp-json\/wp\/v2\/pages"}],"about":[{"href":"https:\/\/www.billia.it\/parchotelbillia\/fr\/wp-json\/wp\/v2\/types\/page"}],"author":[{"embeddable":true,"href":"https:\/\/www.billia.it\/parchotelbillia\/fr\/wp-json\/wp\/v2\/users\/1"}],"replies":[{"embeddable":true,"href":"https:\/\/www.billia.it\/parchotelbillia\/fr\/wp-json\/wp\/v2\/comments?post=2459"}],"version-history":[{"count":19,"href":"https:\/\/www.billia.it\/parchotelbillia\/fr\/wp-json\/wp\/v2\/pages\/2459\/revisions"}],"predecessor-version":[{"id":3113,"href":"https:\/\/www.billia.it\/parchotelbillia\/fr\/wp-json\/wp\/v2\/pages\/2459\/revisions\/3113"}],"wp:attachment":[{"href":"https:\/\/www.billia.it\/parchotelbillia\/fr\/wp-json\/wp\/v2\/media?parent=2459"}],"curies":[{"name":"wp","href":"https:\/\/api.w.org\/{rel}","templated":true}]}}