{"id":2487,"date":"2016-09-20T09:06:03","date_gmt":"2016-09-20T07:06:03","guid":{"rendered":"http:\/\/www.billia.it\/parchotelbillia\/fr\/?page_id=2487"},"modified":"2016-09-20T09:06:03","modified_gmt":"2016-09-20T07:06:03","slug":"fetes-en-valle-d-aoste","status":"publish","type":"page","link":"https:\/\/www.billia.it\/parchotelbillia\/fr\/fetes-en-valle-d-aoste\/","title":{"rendered":"F\u00eates et \u00e9v\u00e9nements en Vall\u00e9e d&rsquo;Aoste"},"content":{"rendered":"[vc_row][vc_column][vc_single_image image=\u00a0\u00bb2479&Prime; img_size=\u00a0\u00bblarge\u00a0\u00bb alignment=\u00a0\u00bbcenter\u00a0\u00bb style=\u00a0\u00bbvc_box_shadow_border\u00a0\u00bb css_animation=\u00a0\u00bbbottom-to-top\u00a0\u00bb css=\u00a0\u00bb.vc_custom_1474354584907{padding-bottom: 4% !important;}\u00a0\u00bb][vc_column_text]<strong>22 &#8211; 25 septembre 2016, Chambave &#8211; F\u00eate du Raisin<\/strong><br \/>\nDans cette localit\u00e9 de moyenne montagne, on produit des vins de qualit\u00e9 depuis plusieurs si\u00e8cles (le fameux muscat est d\u00e9j\u00e0 cit\u00e9 dans des documents du XIV\u00e8me si\u00e8cle). Citons, par ailleurs, les \u201cCrotte dou Bor\u201d, un itin\u00e9raire dans les diff\u00e9rentes caves du village et, bien entendu, de l\u2019exposition sur le raisin, dans des paniers qui peuvent \u00eatre garnis de fa\u00e7on artistique, en s\u2019inspirant du th\u00e8me de la culture des vignes.<\/p>\n<p><strong>22 septembre 2016, Valtournenche<\/strong><br \/>\nTel un rideau qui descend sur la sc\u00e8ne, la D\u00e9sarpa cl\u00f4ture en beaut\u00e9 la saison estivale de Breuil-Cervinia Valtournenche \u00e0 la fin du mois de septembre ; c\u2019est un rite qui c\u00e9l\u00e8bre le retour des alpages dans la vall\u00e9e, o\u00f9 les vaches paissent pendant les mois les plus chauds de l\u2019ann\u00e9e.<br \/>\nLa vache est en fait l\u2019unique et v\u00e9ritable protagoniste de la D\u00e9sarpa, et afin de retourner dans la vall\u00e9e, elle est soigneusement bross\u00e9e et d\u00e9cor\u00e9e d\u2019ornements multicolores.<br \/>\nC\u2019est un vrai d\u00e9fil\u00e9 de sc\u00e8ne accompagn\u00e9 de la m\u00e9lodie des sonnailles en l\u2019honneur de la vraie star du moment : la vache vald\u00f4taine aux t\u00e2ches rousses.<\/p>\n<p><strong>1-2 Octobre 2016, Cogne &#8211; La \u00ab Dev\u00e9t\u00e9ya \u00bb<\/strong><br \/>\nC\u2019est la descente de la montagne, le traditionnel retour des vaches des alpages d\u2019\u00e9t\u00e9. Les troupeaux d\u00e9filent dans les rues du village par\u00e9es pour la f\u00eate.<br \/>\nLa Foire de Cogne : foire aux bestiaux typique et march\u00e9 des produits du terroir et artisanaux.<br \/>\n<strong>08 &#8211; 09 octobre 2016, Antey-Saint-Andr\u00e9 &#8211;\u00a0Mele Vall\u00e9e &#8211; Foire-exposition sur les pommes<\/strong><br \/>\nLa manifestation commence par l\u2019am\u00e9nagement de la foire-exposition sur les pommes dans le charmant centre historique d\u2019Antey : fruits, arbres fruitiers ou d\u2019ornement, produits d\u00e9riv\u00e9s (gel\u00e9es de fruits, confitures jus, pommes s\u00e9ch\u00e9es, vinaigre, sauces, desserts, cidre, calvados,&#8230;), possibilit\u00e9 de d\u00e9couvrir, d\u00e9guster, acheter,&#8230;<br \/>\nVous poursuivrez avec un repas typique \u00e0 base de pommes qui sera suivi par un programme d\u2019animations et de divertissements qui s\u2019ach\u00e8vera par un d\u00e9licieux go\u00fbter et par la remise du prix du meilleur stand et du concours de photographies.<\/p>\n<p><strong>09 octobre 2016, Bourg de Bard &#8211; March\u00e9 au Fort &#8211; Exposition \u0153nogastronomique<\/strong><br \/>\nA la mi-octobre, dans le cadre \u00e9vocateur du bourg m\u00e9di\u00e9val de Bard, aux pieds du Fort historique, le rendez-vous avec le \u201cMarch\u00e9 au Fort\u201d se renouvelle, c\u2019est la plus importante et la plus large exposition \u0153nogastronomique consacr\u00e9e \u00e0 la d\u00e9gustation et \u00e0 la vente de produits typiques de la Vall\u00e9e d\u2019Aoste.<\/p>\n<p><strong>16 octobre 2016, Pont-Saint-Martin Loc. Ivery &#8211; 17\u00e8me F\u00eate de la Ch\u00e2taigne<\/strong><br \/>\nCette f\u00eate traditionnelle de la ch\u00e2taigne est synonyme d\u2019atmosph\u00e8re de f\u00eate, dans la joie et la bonne humeur. Un d\u00e9jeuner \u00e0 base de produits du terroir sera organis\u00e9, l\u2019apr\u00e8s-midi sera ensuite consacr\u00e9 \u00e0 la cuisson et la distribution des ch\u00e2taignes grill\u00e9es.<\/p>\n<p><strong>29 &#8211; 30 octobre 2016, Ch\u00e2tillon &#8211;\u00a0F\u00eate du Miel et des produits d\u00e9riv\u00e9s<\/strong><br \/>\nLe dernier weekend d\u2019octobre, le bourg de Ch\u00e2tillon, devient la capitale vald\u00f4taine du miel et accueille une f\u00eate d\u00e9di\u00e9e \u00e0 ce produit naturel et \u00e0 ses d\u00e9riv\u00e9s. La manifestation attire chaque ann\u00e9e de nombreux visiteurs et se tient en m\u00eame temps que le concours r\u00e9gional des miels vald\u00f4tains. La salle int\u00e9rieure de l\u2019ancien h\u00f4tel Londres accueille, quant \u00e0 elle, une exposition consacr\u00e9e au mat\u00e9riel utilis\u00e9 par les apiculteurs.<\/p>\n<p><strong>Jusqu&rsquo;au 13 Novembre 2016, Fort Bard<\/strong><br \/>\nLe parcours d\u2019exposition doit son nom et tourne autour de l\u2019\u0153uvre La vie, exceptionnellement pr\u00eat\u00e9e par la Fondation Marguerite et Aim\u00e9 Maeght de Saint-Paul-de-Vence, qui a particip\u00e9 \u00e0 l\u2019organisation de l\u2019exposition avec le Mus\u00e9e Picasso de M\u00fcnster et le Comit\u00e9 Chagall de Paris. Cette majestueuse huile sur toile r\u00e9alis\u00e9e en 1964 rassemble la plupart des th\u00e8mes qui caract\u00e9risent la production artistique de Marc Chagall, un artiste qui a crois\u00e9 tous les courants de la peinture moderne et a exp\u00e9riment\u00e9 tous les genres et toutes les techniques.<br \/>\nL\u2019exposition propose aux visiteurs une s\u00e9lection de peintures, aquarelles, gouaches, lithographies, c\u00e9ramiques et tapisseries ainsi qu\u2019une approche sensorielle li\u00e9e au plaisir des formes, des couleurs et de la po\u00e9sie, dans l\u2019objectif de faire d\u00e9couvrir au public la vision artistique de Chagall, celle d\u2019un univers r\u00e9concili\u00e9 gr\u00e2ce \u00e0 la vie, \u00e0 l\u2019amour et \u00e0 l\u2019art.<\/p>\n<p><strong>Jusqu&rsquo;au 13 Novembre 2016, Fort Bard<\/strong><br \/>\nR\u00e9alis\u00e9e avec la collaboration de Magnum Photos International-Paris, l\u2019exposition est d\u00e9di\u00e9e \u00e0 l\u2019immense \u0153uvre photographique d\u2019*Elliott Erwitt*, l\u2019un des plus grands photographes de notre temps, n\u00e9 \u00e0 Paris en 1928, qui a grandi en Italie et v\u00e9cu aux \u00c9tats-Unis.<br \/>\nLes images ont \u00e9t\u00e9 s\u00e9lectionn\u00e9es parmi les plus significatives et iconiques de son immense production et embrassent une p\u00e9riode allant de 1948 \u00e0 2005. Les visiteurs pourront admirer des clich\u00e9s en noir et blanc qui racontent d\u2019un point de vue journalistique les soixante derni\u00e8res ann\u00e9es de l\u2019histoire et du monde contemporain, saisissant les aspects les plus tragiques et les plus heureux de la vie, qui sont pass\u00e9s devant l\u2019objectif de ce grand artiste de la photographie qui, depuis 1953, appartient \u00e0 la c\u00e9l\u00e8bre agence Magnum.<\/p>\n<p><strong>Jusqu&rsquo;au 6 Janvier 2017, Fort Bard &#8211; Avengers: Age of Ultron. L&rsquo;exposition.<\/strong> Fort Bard a \u00e9t\u00e9 choisie en 2014 pour accueillir une partie du tournage de Avengers de Marvel: Age of Ultron &#8211; le film \u00e9pique produit par Marvel Studios et distribu\u00e9 par The Walt Disney Studios, devenant l&rsquo;une des ic\u00f4nes de cin\u00e9ma.<br \/>\nL&rsquo;exposition, ouverte du 29 mai 2016 au 6 Janvier 2017, propose un voyage passionnant \u00e0 travers le hors-sc\u00e8ne. Le Marvel Cinematic Universe est repr\u00e9sent\u00e9 par des costumes et des accessoires originaux. Unreleased backstage images tourn\u00e9es dans l&rsquo;ensemble des emplacements Vall\u00e9e d&rsquo;Aoste permet aux visiteurs de d\u00e9couvrir ce qui se passe sur le plateau de production d&rsquo;un film complexe et futuriste.<br \/>\nSite m\u00e9galithique de Saint-Martin-de-Corl\u00e9ans &#8211; mus\u00e9e et parc arch\u00e9ologique, Aoste<br \/>\nMis au jour en 1969, le site arch\u00e9ologique, qui s\u2019\u00e9tend sur une surface d\u2019environ un hectare, est l\u2019un plus int\u00e9ressants d\u2019Europe : presque cinq mill\u00e9naires d\u2019histoire se d\u00e9nouent de fa\u00e7on \u00e9vocatrice sous les yeux des visiteurs, de la fin du n\u00e9olithique \u00e0 nos jours.[\/vc_column_text][\/vc_column][\/vc_row]\n","protected":false},"excerpt":{"rendered":"<p>[vc_row][vc_column][vc_single_image image=\u00a0\u00bb2479&Prime; img_size=\u00a0\u00bblarge\u00a0\u00bb alignment=\u00a0\u00bbcenter\u00a0\u00bb style=\u00a0\u00bbvc_box_shadow_border\u00a0\u00bb css_animation=\u00a0\u00bbbottom-to-top\u00a0\u00bb css=\u00a0\u00bb.vc_custom_1474354584907{padding-bottom: 4% !important;}\u00a0\u00bb][vc_column_text]22 &#8211; 25 septembre 2016, Chambave &#8211; F\u00eate du Raisin Dans cette localit\u00e9 de moyenne montagne, on produit des vins de qualit\u00e9 depuis plusieurs si\u00e8cles (le fameux muscat est d\u00e9j\u00e0 cit\u00e9 dans des documents du XIV\u00e8me si\u00e8cle). Citons, par ailleurs, les \u201cCrotte dou Bor\u201d, un itin\u00e9raire dans [&hellip;]<\/p>\n","protected":false},"author":1,"featured_media":2479,"parent":0,"menu_order":0,"comment_status":"closed","ping_status":"closed","template":"","meta":[],"yoast_head":"<!-- This site is optimized with the Yoast SEO plugin v18.2 - https:\/\/yoast.com\/wordpress\/plugins\/seo\/ -->\n<title>F\u00eates et \u00e9v\u00e9nements en Vall\u00e9e d&#039;Aoste - Parc Hotel Billia<\/title>\n<meta name=\"robots\" content=\"index, follow, max-snippet:-1, max-image-preview:large, max-video-preview:-1\" \/>\n<link rel=\"canonical\" href=\"https:\/\/www.billia.it\/parchotelbillia\/fr\/fetes-en-valle-d-aoste\/\" \/>\n<meta property=\"og:locale\" content=\"fr_FR\" \/>\n<meta property=\"og:type\" content=\"article\" \/>\n<meta property=\"og:title\" content=\"F\u00eates et \u00e9v\u00e9nements en Vall\u00e9e d&#039;Aoste - Parc Hotel Billia\" \/>\n<meta property=\"og:description\" content=\"[vc_row][vc_column][vc_single_image image=\u00a0\u00bb2479&Prime; img_size=\u00a0\u00bblarge\u00a0\u00bb alignment=\u00a0\u00bbcenter\u00a0\u00bb style=\u00a0\u00bbvc_box_shadow_border\u00a0\u00bb css_animation=\u00a0\u00bbbottom-to-top\u00a0\u00bb css=\u00a0\u00bb.vc_custom_1474354584907{padding-bottom: 4% !important;}\u00a0\u00bb][vc_column_text]22 &#8211; 25 septembre 2016, Chambave &#8211; F\u00eate du Raisin Dans cette localit\u00e9 de moyenne montagne, on produit des vins de qualit\u00e9 depuis plusieurs si\u00e8cles (le fameux muscat est d\u00e9j\u00e0 cit\u00e9 dans des documents du XIV\u00e8me si\u00e8cle). Citons, par ailleurs, les \u201cCrotte dou Bor\u201d, un itin\u00e9raire dans [&hellip;]\" \/>\n<meta property=\"og:url\" content=\"https:\/\/www.billia.it\/parchotelbillia\/fr\/fetes-en-valle-d-aoste\/\" \/>\n<meta property=\"og:site_name\" content=\"Parc Hotel Billia\" \/>\n<meta property=\"og:image\" content=\"https:\/\/www.billia.it\/parchotelbillia\/wp-content\/uploads\/sites\/3\/2016\/09\/sagre-valledaosta.jpg\" \/>\n\t<meta property=\"og:image:width\" content=\"1600\" \/>\n\t<meta property=\"og:image:height\" content=\"680\" \/>\n\t<meta property=\"og:image:type\" content=\"image\/jpeg\" \/>\n<meta name=\"twitter:card\" content=\"summary\" \/>\n<meta name=\"twitter:label1\" content=\"Dur\u00e9e de lecture estim\u00e9e\" \/>\n\t<meta name=\"twitter:data1\" content=\"6 minutes\" \/>\n<script type=\"application\/ld+json\" class=\"yoast-schema-graph\">{\"@context\":\"https:\/\/schema.org\",\"@graph\":[{\"@type\":\"WebSite\",\"@id\":\"https:\/\/www.billia.it\/parchotelbillia\/#website\",\"url\":\"https:\/\/www.billia.it\/parchotelbillia\/\",\"name\":\"Parc Hotel Billia\",\"description\":\"Parc Hotel Billia di Saint-Vincent, Valle d&#039;Aosta\",\"potentialAction\":[{\"@type\":\"SearchAction\",\"target\":{\"@type\":\"EntryPoint\",\"urlTemplate\":\"https:\/\/www.billia.it\/parchotelbillia\/?s={search_term_string}\"},\"query-input\":\"required name=search_term_string\"}],\"inLanguage\":\"fr-FR\"},{\"@type\":\"ImageObject\",\"@id\":\"https:\/\/www.billia.it\/parchotelbillia\/fr\/fetes-en-valle-d-aoste\/#primaryimage\",\"inLanguage\":\"fr-FR\",\"url\":\"https:\/\/www.billia.it\/parchotelbillia\/wp-content\/uploads\/sites\/3\/2016\/09\/sagre-valledaosta.jpg\",\"contentUrl\":\"https:\/\/www.billia.it\/parchotelbillia\/wp-content\/uploads\/sites\/3\/2016\/09\/sagre-valledaosta.jpg\",\"width\":1600,\"height\":680,\"caption\":\"Sagre in Valle d'Aosta\"},{\"@type\":\"WebPage\",\"@id\":\"https:\/\/www.billia.it\/parchotelbillia\/fr\/fetes-en-valle-d-aoste\/#webpage\",\"url\":\"https:\/\/www.billia.it\/parchotelbillia\/fr\/fetes-en-valle-d-aoste\/\",\"name\":\"F\u00eates et \u00e9v\u00e9nements en Vall\u00e9e d'Aoste - Parc Hotel Billia\",\"isPartOf\":{\"@id\":\"https:\/\/www.billia.it\/parchotelbillia\/#website\"},\"primaryImageOfPage\":{\"@id\":\"https:\/\/www.billia.it\/parchotelbillia\/fr\/fetes-en-valle-d-aoste\/#primaryimage\"},\"datePublished\":\"2016-09-20T07:06:03+00:00\",\"dateModified\":\"2016-09-20T07:06:03+00:00\",\"breadcrumb\":{\"@id\":\"https:\/\/www.billia.it\/parchotelbillia\/fr\/fetes-en-valle-d-aoste\/#breadcrumb\"},\"inLanguage\":\"fr-FR\",\"potentialAction\":[{\"@type\":\"ReadAction\",\"target\":[\"https:\/\/www.billia.it\/parchotelbillia\/fr\/fetes-en-valle-d-aoste\/\"]}]},{\"@type\":\"BreadcrumbList\",\"@id\":\"https:\/\/www.billia.it\/parchotelbillia\/fr\/fetes-en-valle-d-aoste\/#breadcrumb\",\"itemListElement\":[{\"@type\":\"ListItem\",\"position\":1,\"name\":\"Home\",\"item\":\"https:\/\/www.billia.it\/parchotelbillia\/fr\/\"},{\"@type\":\"ListItem\",\"position\":2,\"name\":\"F\u00eates et \u00e9v\u00e9nements en Vall\u00e9e d&#8217;Aoste\"}]}]}<\/script>\n<!-- \/ Yoast SEO plugin. -->","yoast_head_json":{"title":"F\u00eates et \u00e9v\u00e9nements en Vall\u00e9e d'Aoste - Parc Hotel Billia","robots":{"index":"index","follow":"follow","max-snippet":"max-snippet:-1","max-image-preview":"max-image-preview:large","max-video-preview":"max-video-preview:-1"},"canonical":"https:\/\/www.billia.it\/parchotelbillia\/fr\/fetes-en-valle-d-aoste\/","og_locale":"fr_FR","og_type":"article","og_title":"F\u00eates et \u00e9v\u00e9nements en Vall\u00e9e d'Aoste - Parc Hotel Billia","og_description":"[vc_row][vc_column][vc_single_image image=\u00a0\u00bb2479&Prime; img_size=\u00a0\u00bblarge\u00a0\u00bb alignment=\u00a0\u00bbcenter\u00a0\u00bb style=\u00a0\u00bbvc_box_shadow_border\u00a0\u00bb css_animation=\u00a0\u00bbbottom-to-top\u00a0\u00bb css=\u00a0\u00bb.vc_custom_1474354584907{padding-bottom: 4% !important;}\u00a0\u00bb][vc_column_text]22 &#8211; 25 septembre 2016, Chambave &#8211; F\u00eate du Raisin Dans cette localit\u00e9 de moyenne montagne, on produit des vins de qualit\u00e9 depuis plusieurs si\u00e8cles (le fameux muscat est d\u00e9j\u00e0 cit\u00e9 dans des documents du XIV\u00e8me si\u00e8cle). Citons, par ailleurs, les \u201cCrotte dou Bor\u201d, un itin\u00e9raire dans [&hellip;]","og_url":"https:\/\/www.billia.it\/parchotelbillia\/fr\/fetes-en-valle-d-aoste\/","og_site_name":"Parc Hotel Billia","og_image":[{"width":1600,"height":680,"url":"https:\/\/www.billia.it\/parchotelbillia\/wp-content\/uploads\/sites\/3\/2016\/09\/sagre-valledaosta.jpg","type":"image\/jpeg"}],"twitter_card":"summary","twitter_misc":{"Dur\u00e9e de lecture estim\u00e9e":"6 minutes"},"schema":{"@context":"https:\/\/schema.org","@graph":[{"@type":"WebSite","@id":"https:\/\/www.billia.it\/parchotelbillia\/#website","url":"https:\/\/www.billia.it\/parchotelbillia\/","name":"Parc Hotel Billia","description":"Parc Hotel Billia di Saint-Vincent, Valle d&#039;Aosta","potentialAction":[{"@type":"SearchAction","target":{"@type":"EntryPoint","urlTemplate":"https:\/\/www.billia.it\/parchotelbillia\/?s={search_term_string}"},"query-input":"required name=search_term_string"}],"inLanguage":"fr-FR"},{"@type":"ImageObject","@id":"https:\/\/www.billia.it\/parchotelbillia\/fr\/fetes-en-valle-d-aoste\/#primaryimage","inLanguage":"fr-FR","url":"https:\/\/www.billia.it\/parchotelbillia\/wp-content\/uploads\/sites\/3\/2016\/09\/sagre-valledaosta.jpg","contentUrl":"https:\/\/www.billia.it\/parchotelbillia\/wp-content\/uploads\/sites\/3\/2016\/09\/sagre-valledaosta.jpg","width":1600,"height":680,"caption":"Sagre in Valle d'Aosta"},{"@type":"WebPage","@id":"https:\/\/www.billia.it\/parchotelbillia\/fr\/fetes-en-valle-d-aoste\/#webpage","url":"https:\/\/www.billia.it\/parchotelbillia\/fr\/fetes-en-valle-d-aoste\/","name":"F\u00eates et \u00e9v\u00e9nements en Vall\u00e9e d'Aoste - Parc Hotel Billia","isPartOf":{"@id":"https:\/\/www.billia.it\/parchotelbillia\/#website"},"primaryImageOfPage":{"@id":"https:\/\/www.billia.it\/parchotelbillia\/fr\/fetes-en-valle-d-aoste\/#primaryimage"},"datePublished":"2016-09-20T07:06:03+00:00","dateModified":"2016-09-20T07:06:03+00:00","breadcrumb":{"@id":"https:\/\/www.billia.it\/parchotelbillia\/fr\/fetes-en-valle-d-aoste\/#breadcrumb"},"inLanguage":"fr-FR","potentialAction":[{"@type":"ReadAction","target":["https:\/\/www.billia.it\/parchotelbillia\/fr\/fetes-en-valle-d-aoste\/"]}]},{"@type":"BreadcrumbList","@id":"https:\/\/www.billia.it\/parchotelbillia\/fr\/fetes-en-valle-d-aoste\/#breadcrumb","itemListElement":[{"@type":"ListItem","position":1,"name":"Home","item":"https:\/\/www.billia.it\/parchotelbillia\/fr\/"},{"@type":"ListItem","position":2,"name":"F\u00eates et \u00e9v\u00e9nements en Vall\u00e9e d&#8217;Aoste"}]}]}},"_links":{"self":[{"href":"https:\/\/www.billia.it\/parchotelbillia\/fr\/wp-json\/wp\/v2\/pages\/2487"}],"collection":[{"href":"https:\/\/www.billia.it\/parchotelbillia\/fr\/wp-json\/wp\/v2\/pages"}],"about":[{"href":"https:\/\/www.billia.it\/parchotelbillia\/fr\/wp-json\/wp\/v2\/types\/page"}],"author":[{"embeddable":true,"href":"https:\/\/www.billia.it\/parchotelbillia\/fr\/wp-json\/wp\/v2\/users\/1"}],"replies":[{"embeddable":true,"href":"https:\/\/www.billia.it\/parchotelbillia\/fr\/wp-json\/wp\/v2\/comments?post=2487"}],"version-history":[{"count":1,"href":"https:\/\/www.billia.it\/parchotelbillia\/fr\/wp-json\/wp\/v2\/pages\/2487\/revisions"}],"predecessor-version":[{"id":2488,"href":"https:\/\/www.billia.it\/parchotelbillia\/fr\/wp-json\/wp\/v2\/pages\/2487\/revisions\/2488"}],"wp:featuredmedia":[{"embeddable":true,"href":"https:\/\/www.billia.it\/parchotelbillia\/fr\/wp-json\/wp\/v2\/media\/2479"}],"wp:attachment":[{"href":"https:\/\/www.billia.it\/parchotelbillia\/fr\/wp-json\/wp\/v2\/media?parent=2487"}],"curies":[{"name":"wp","href":"https:\/\/api.w.org\/{rel}","templated":true}]}}