{"id":2593,"date":"2018-02-01T16:59:31","date_gmt":"2018-02-01T15:59:31","guid":{"rendered":"http:\/\/www.billia.it\/parchotelbillia\/?page_id=2593"},"modified":"2018-02-01T17:11:10","modified_gmt":"2018-02-01T16:11:10","slug":"commentaires-parc-hotel-billia","status":"publish","type":"page","link":"https:\/\/www.billia.it\/parchotelbillia\/fr\/commentaires-parc-hotel-billia\/","title":{"rendered":"commentaires sur le Parc H\u00f4tel Billia"},"content":{"rendered":"[vc_row css_animation=\u00a0\u00bbappear\u00a0\u00bb css=\u00a0\u00bb.vc_custom_1517500040239{padding-top: 5% !important;padding-bottom: 5% !important;}\u00a0\u00bb][vc_column]<h2 class=\"calluna-heading calluna-heading-none text-align-center \" ><span>Les commentaires de nos clients sont notre meilleure carte de visite ...<\/span><\/h2>[\/vc_column][\/vc_row][vc_row css=\u00a0\u00bb.vc_custom_1517499551977{margin-bottom: 2% !important;}\u00a0\u00bb][vc_column width=\u00a0\u00bb1\/3&Prime;]<div class=\"calluna-testimonial  \"><div class=\"calluna-testimonial-author-image\"><img width=\"300\" height=\"300\" src=\"https:\/\/www.billia.it\/parchotelbillia\/wp-content\/uploads\/sites\/3\/2018\/02\/booking.jpg\" class=\"attachment-thumbnail size-thumbnail\" alt=\"\" loading=\"lazy\" \/><\/div><div class=\"calluna-testimonial-content calluna-clearfix\"><p>Nous avons beaucoup aim\u00e9 le spa qui est tres reposant<\/p>\n<div class=\"calluna-testimonial-author\">Samia<span>, Booking.com<\/span><\/div><\/div><\/div>[\/vc_column][vc_column width=\u00a0\u00bb1\/3&Prime;]<div class=\"calluna-testimonial  calluna-fadein\"><div class=\"calluna-testimonial-author-image\"><img width=\"300\" height=\"300\" src=\"https:\/\/www.billia.it\/parchotelbillia\/wp-content\/uploads\/sites\/3\/2018\/02\/booking.jpg\" class=\"attachment-thumbnail size-thumbnail\" alt=\"\" loading=\"lazy\" \/><\/div><div class=\"calluna-testimonial-content calluna-clearfix\"><p>Un super buffet au petit d\u00e9jeuner<\/p>\n<div class=\"calluna-testimonial-author\">jean-ren\u00e9<span>, Booking.com<\/span><\/div><\/div><\/div>[\/vc_column][vc_column width=\u00a0\u00bb1\/3&Prime;]<div class=\"calluna-testimonial  \"><div class=\"calluna-testimonial-author-image\"><img width=\"300\" height=\"300\" src=\"https:\/\/www.billia.it\/parchotelbillia\/wp-content\/uploads\/sites\/3\/2018\/02\/trip.jpg\" class=\"attachment-thumbnail size-thumbnail\" alt=\"\" loading=\"lazy\" \/><\/div><div class=\"calluna-testimonial-content calluna-clearfix\"><div class=\"or-review\">\n<div class=\"body\">\n<div class=\"body-text\">Accueil excellent! Personnel toujours souriant! Chambres confortables! Spa tr\u00e8s agr\u00e9able et reposant! Et le casino juste \u00e0 c\u00f4t\u00e9! Bref, un s\u00e9jour parfait! Nous reviendrons pour profiter de cette magnifique infrastructure.<\/div>\n<\/div>\n<\/div>\n<div class=\"or-response\">\n<div class=\"or-review-response-header\"><\/div>\n<\/div>\n<div class=\"calluna-testimonial-author\">rnwitch<span>, TripAdvisor<\/span><\/div><\/div><\/div>[\/vc_column][\/vc_row][vc_row css=\u00a0\u00bb.vc_custom_1517499716776{margin-bottom: 2% !important;}\u00a0\u00bb][vc_column width=\u00a0\u00bb1\/3&Prime;]<div class=\"calluna-testimonial  \"><div class=\"calluna-testimonial-author-image\"><img width=\"300\" height=\"300\" src=\"https:\/\/www.billia.it\/parchotelbillia\/wp-content\/uploads\/sites\/3\/2018\/02\/trip.jpg\" class=\"attachment-thumbnail size-thumbnail\" alt=\"\" loading=\"lazy\" \/><\/div><div class=\"calluna-testimonial-content calluna-clearfix\"><div class=\"or-review\">\n<div class=\"body\">\n<div class=\"body-text\">Cet endroit est sublime, une deco magnifique, un spa extraordinaire et une atmosph\u00e8re chaleureuse. Nous avons fait escale une nuit mais nous avons pu profiter de tout et nous y retournerons pour un plus long s\u00e9jour car \u00e7a en vaut vraiment la peine. Rien \u00e0 dire niveau qualit\u00e9 prix, accueil et services. Tout est au rendez vous!!<\/div>\n<\/div>\n<\/div>\n<div class=\"or-response\">\n<div class=\"or-review-response-header\"><\/div>\n<\/div>\n<div class=\"calluna-testimonial-author\">claudejanwilliam<span>, TripAdvisor<\/span><\/div><\/div><\/div>[\/vc_column][vc_column width=\u00a0\u00bb1\/3&Prime;]<div class=\"calluna-testimonial  calluna-fadein\"><div class=\"calluna-testimonial-author-image\"><img width=\"300\" height=\"300\" src=\"https:\/\/www.billia.it\/parchotelbillia\/wp-content\/uploads\/sites\/3\/2018\/02\/trip.jpg\" class=\"attachment-thumbnail size-thumbnail\" alt=\"\" loading=\"lazy\" \/><\/div><div class=\"calluna-testimonial-content calluna-clearfix\"><p>Chambre moderne, d\u00e9coration sympa. Personnel sympathique. Salle du petit d\u00e9jeuner magnifique et super service. Une tr\u00e8s bonne adresse. Dommage que la piscine ne soit ouverte que jusqu\u2019a 16:00 pour les enfants.<\/p>\n<div class=\"calluna-testimonial-author\">Jkalamba<span>, TripAdvisor<\/span><\/div><\/div><\/div>[\/vc_column][vc_column width=\u00a0\u00bb1\/3&Prime;]<div class=\"calluna-testimonial  \"><div class=\"calluna-testimonial-author-image\"><img width=\"300\" height=\"300\" src=\"https:\/\/www.billia.it\/parchotelbillia\/wp-content\/uploads\/sites\/3\/2018\/02\/booking.jpg\" class=\"attachment-thumbnail size-thumbnail\" alt=\"\" loading=\"lazy\" \/><\/div><div class=\"calluna-testimonial-content calluna-clearfix\"><p>Le Spa avec vue sur les montagnes. Petit d\u00e9jeuner excellent<\/p>\n<div class=\"calluna-testimonial-author\">Thomas <span>, Booking.com<\/span><\/div><\/div><\/div>[\/vc_column][\/vc_row][vc_row][vc_column width=\u00a0\u00bb1\/3&Prime;]<div class=\"calluna-testimonial  \"><div class=\"calluna-testimonial-author-image\"><img width=\"300\" height=\"300\" src=\"https:\/\/www.billia.it\/parchotelbillia\/wp-content\/uploads\/sites\/3\/2018\/02\/trip.jpg\" class=\"attachment-thumbnail size-thumbnail\" alt=\"\" loading=\"lazy\" \/><\/div><div class=\"calluna-testimonial-content calluna-clearfix\"><p>Rien \u00e0 redire sur cette h\u00f4tel , le service est parfait, les employ\u00e9s sont toujours souriants et disponibles, les chambres sont spacieuses confortables et d\u00e9cor\u00e9es avec go\u00fbt. Le rapport qualit\u00e9 prix est imbattable.<\/p>\n<div class=\"calluna-testimonial-author\">Montesano<span>, Booking.com<\/span><\/div><\/div><\/div>[\/vc_column][vc_column width=\u00a0\u00bb1\/3&Prime;]<div class=\"calluna-testimonial  calluna-fadein\"><div class=\"calluna-testimonial-author-image\"><img width=\"300\" height=\"300\" src=\"https:\/\/www.billia.it\/parchotelbillia\/wp-content\/uploads\/sites\/3\/2018\/02\/trip.jpg\" class=\"attachment-thumbnail size-thumbnail\" alt=\"\" loading=\"lazy\" \/><\/div><div class=\"calluna-testimonial-content calluna-clearfix\"><div class=\"or-review\">\n<div class=\"body\">\n<div class=\"body-text\">Superbe h\u00f4tel \u00e0 la d\u00e9coration style renaissance impressionnante, chambres propres et spacieuses et service impeccable. Le restaurant est \u00e9galement sur le m\u00eame niveau de qualit\u00e9 et la liaison avec le casino est un plus.<\/div>\n<\/div>\n<\/div>\n<div class=\"or-response\">\n<div class=\"or-review-response-header\"><\/div>\n<\/div>\n<div class=\"calluna-testimonial-author\">Christian<span>, Booking.com<\/span><\/div><\/div><\/div>[\/vc_column][vc_column width=\u00a0\u00bb1\/3&Prime;]<div class=\"calluna-testimonial  \"><div class=\"calluna-testimonial-author-image\"><img width=\"300\" height=\"300\" src=\"https:\/\/www.billia.it\/parchotelbillia\/wp-content\/uploads\/sites\/3\/2018\/02\/trip.jpg\" class=\"attachment-thumbnail size-thumbnail\" alt=\"\" loading=\"lazy\" \/><\/div><div class=\"calluna-testimonial-content calluna-clearfix\"><div class=\"or-review\">\n<div class=\"body\">\n<div class=\"body-text\">Magnifique s\u00e9jour, bel \u00e9tablissement et restaurant tr\u00e8s bon. La d\u00e9coration est tr\u00e8s jolie. Les employ\u00e9s sont tr\u00e8s gentils. Les chambres sont tr\u00e8s bien. Le spa est correct. L\u2019acc\u00e8s au casino tr\u00e8s pratique. H\u00f4tel \u00e0 recommander<\/div>\n<\/div>\n<\/div>\n<div class=\"calluna-testimonial-author\">steven-kevin93<span>, TripAdvisor<\/span><\/div><\/div><\/div>[\/vc_column][\/vc_row]\n","protected":false},"excerpt":{"rendered":"<p>[vc_row css_animation=\u00a0\u00bbappear\u00a0\u00bb css=\u00a0\u00bb.vc_custom_1517500040239{padding-top: 5% !important;padding-bottom: 5% !important;}\u00a0\u00bb][vc_column][\/vc_column][\/vc_row][vc_row css=\u00a0\u00bb.vc_custom_1517499551977{margin-bottom: 2% !important;}\u00a0\u00bb][vc_column width=\u00a0\u00bb1\/3&Prime;][\/vc_column][vc_column width=\u00a0\u00bb1\/3&Prime;][\/vc_column][vc_column width=\u00a0\u00bb1\/3&Prime;][\/vc_column][\/vc_row][vc_row css=\u00a0\u00bb.vc_custom_1517499716776{margin-bottom: 2% !important;}\u00a0\u00bb][vc_column width=\u00a0\u00bb1\/3&Prime;][\/vc_column][vc_column width=\u00a0\u00bb1\/3&Prime;][\/vc_column][vc_column width=\u00a0\u00bb1\/3&Prime;][\/vc_column][\/vc_row][vc_row][vc_column width=\u00a0\u00bb1\/3&Prime;][\/vc_column][vc_column width=\u00a0\u00bb1\/3&Prime;][\/vc_column][vc_column width=\u00a0\u00bb1\/3&Prime;][\/vc_column][\/vc_row]<\/p>\n","protected":false},"author":1,"featured_media":0,"parent":0,"menu_order":0,"comment_status":"closed","ping_status":"closed","template":"","meta":[],"yoast_head":"<!-- This site is optimized with the Yoast SEO plugin v18.2 - https:\/\/yoast.com\/wordpress\/plugins\/seo\/ -->\n<title>commentaires sur le Parc H\u00f4tel Billia - Parc Hotel Billia<\/title>\n<meta name=\"robots\" content=\"index, follow, max-snippet:-1, max-image-preview:large, max-video-preview:-1\" \/>\n<link rel=\"canonical\" href=\"https:\/\/www.billia.it\/parchotelbillia\/fr\/commentaires-parc-hotel-billia\/\" \/>\n<meta property=\"og:locale\" content=\"fr_FR\" \/>\n<meta property=\"og:type\" content=\"article\" \/>\n<meta property=\"og:title\" content=\"commentaires sur le Parc H\u00f4tel Billia - Parc Hotel Billia\" \/>\n<meta property=\"og:description\" content=\"[vc_row css_animation=\u00a0\u00bbappear\u00a0\u00bb css=\u00a0\u00bb.vc_custom_1517500040239{padding-top: 5% !important;padding-bottom: 5% !important;}\u00a0\u00bb][vc_column][\/vc_column][\/vc_row][vc_row css=\u00a0\u00bb.vc_custom_1517499551977{margin-bottom: 2% !important;}\u00a0\u00bb][vc_column width=\u00a0\u00bb1\/3&Prime;][\/vc_column][vc_column width=\u00a0\u00bb1\/3&Prime;][\/vc_column][vc_column width=\u00a0\u00bb1\/3&Prime;][\/vc_column][\/vc_row][vc_row css=\u00a0\u00bb.vc_custom_1517499716776{margin-bottom: 2% !important;}\u00a0\u00bb][vc_column width=\u00a0\u00bb1\/3&Prime;][\/vc_column][vc_column width=\u00a0\u00bb1\/3&Prime;][\/vc_column][vc_column width=\u00a0\u00bb1\/3&Prime;][\/vc_column][\/vc_row][vc_row][vc_column width=\u00a0\u00bb1\/3&Prime;][\/vc_column][vc_column width=\u00a0\u00bb1\/3&Prime;][\/vc_column][vc_column width=\u00a0\u00bb1\/3&Prime;][\/vc_column][\/vc_row]\" \/>\n<meta property=\"og:url\" content=\"https:\/\/www.billia.it\/parchotelbillia\/fr\/commentaires-parc-hotel-billia\/\" \/>\n<meta property=\"og:site_name\" content=\"Parc Hotel Billia\" \/>\n<meta property=\"article:modified_time\" content=\"2018-02-01T16:11:10+00:00\" \/>\n<meta name=\"twitter:card\" content=\"summary\" \/>\n<meta name=\"twitter:label1\" content=\"Dur\u00e9e de lecture estim\u00e9e\" \/>\n\t<meta name=\"twitter:data1\" content=\"2 minutes\" \/>\n<script type=\"application\/ld+json\" class=\"yoast-schema-graph\">{\"@context\":\"https:\/\/schema.org\",\"@graph\":[{\"@type\":\"WebSite\",\"@id\":\"https:\/\/www.billia.it\/parchotelbillia\/#website\",\"url\":\"https:\/\/www.billia.it\/parchotelbillia\/\",\"name\":\"Parc Hotel Billia\",\"description\":\"Parc Hotel Billia di Saint-Vincent, Valle d&#039;Aosta\",\"potentialAction\":[{\"@type\":\"SearchAction\",\"target\":{\"@type\":\"EntryPoint\",\"urlTemplate\":\"https:\/\/www.billia.it\/parchotelbillia\/?s={search_term_string}\"},\"query-input\":\"required name=search_term_string\"}],\"inLanguage\":\"fr-FR\"},{\"@type\":\"WebPage\",\"@id\":\"https:\/\/www.billia.it\/parchotelbillia\/fr\/commentaires-parc-hotel-billia\/#webpage\",\"url\":\"https:\/\/www.billia.it\/parchotelbillia\/fr\/commentaires-parc-hotel-billia\/\",\"name\":\"commentaires sur le Parc H\u00f4tel Billia - Parc Hotel Billia\",\"isPartOf\":{\"@id\":\"https:\/\/www.billia.it\/parchotelbillia\/#website\"},\"datePublished\":\"2018-02-01T15:59:31+00:00\",\"dateModified\":\"2018-02-01T16:11:10+00:00\",\"breadcrumb\":{\"@id\":\"https:\/\/www.billia.it\/parchotelbillia\/fr\/commentaires-parc-hotel-billia\/#breadcrumb\"},\"inLanguage\":\"fr-FR\",\"potentialAction\":[{\"@type\":\"ReadAction\",\"target\":[\"https:\/\/www.billia.it\/parchotelbillia\/fr\/commentaires-parc-hotel-billia\/\"]}]},{\"@type\":\"BreadcrumbList\",\"@id\":\"https:\/\/www.billia.it\/parchotelbillia\/fr\/commentaires-parc-hotel-billia\/#breadcrumb\",\"itemListElement\":[{\"@type\":\"ListItem\",\"position\":1,\"name\":\"Home\",\"item\":\"https:\/\/www.billia.it\/parchotelbillia\/fr\/\"},{\"@type\":\"ListItem\",\"position\":2,\"name\":\"commentaires sur le Parc H\u00f4tel Billia\"}]}]}<\/script>\n<!-- \/ Yoast SEO plugin. -->","yoast_head_json":{"title":"commentaires sur le Parc H\u00f4tel Billia - Parc Hotel Billia","robots":{"index":"index","follow":"follow","max-snippet":"max-snippet:-1","max-image-preview":"max-image-preview:large","max-video-preview":"max-video-preview:-1"},"canonical":"https:\/\/www.billia.it\/parchotelbillia\/fr\/commentaires-parc-hotel-billia\/","og_locale":"fr_FR","og_type":"article","og_title":"commentaires sur le Parc H\u00f4tel Billia - Parc Hotel Billia","og_description":"[vc_row css_animation=\u00a0\u00bbappear\u00a0\u00bb css=\u00a0\u00bb.vc_custom_1517500040239{padding-top: 5% !important;padding-bottom: 5% !important;}\u00a0\u00bb][vc_column][\/vc_column][\/vc_row][vc_row css=\u00a0\u00bb.vc_custom_1517499551977{margin-bottom: 2% !important;}\u00a0\u00bb][vc_column width=\u00a0\u00bb1\/3&Prime;][\/vc_column][vc_column width=\u00a0\u00bb1\/3&Prime;][\/vc_column][vc_column width=\u00a0\u00bb1\/3&Prime;][\/vc_column][\/vc_row][vc_row css=\u00a0\u00bb.vc_custom_1517499716776{margin-bottom: 2% !important;}\u00a0\u00bb][vc_column width=\u00a0\u00bb1\/3&Prime;][\/vc_column][vc_column width=\u00a0\u00bb1\/3&Prime;][\/vc_column][vc_column width=\u00a0\u00bb1\/3&Prime;][\/vc_column][\/vc_row][vc_row][vc_column width=\u00a0\u00bb1\/3&Prime;][\/vc_column][vc_column width=\u00a0\u00bb1\/3&Prime;][\/vc_column][vc_column width=\u00a0\u00bb1\/3&Prime;][\/vc_column][\/vc_row]","og_url":"https:\/\/www.billia.it\/parchotelbillia\/fr\/commentaires-parc-hotel-billia\/","og_site_name":"Parc Hotel Billia","article_modified_time":"2018-02-01T16:11:10+00:00","twitter_card":"summary","twitter_misc":{"Dur\u00e9e de lecture estim\u00e9e":"2 minutes"},"schema":{"@context":"https:\/\/schema.org","@graph":[{"@type":"WebSite","@id":"https:\/\/www.billia.it\/parchotelbillia\/#website","url":"https:\/\/www.billia.it\/parchotelbillia\/","name":"Parc Hotel Billia","description":"Parc Hotel Billia di Saint-Vincent, Valle d&#039;Aosta","potentialAction":[{"@type":"SearchAction","target":{"@type":"EntryPoint","urlTemplate":"https:\/\/www.billia.it\/parchotelbillia\/?s={search_term_string}"},"query-input":"required name=search_term_string"}],"inLanguage":"fr-FR"},{"@type":"WebPage","@id":"https:\/\/www.billia.it\/parchotelbillia\/fr\/commentaires-parc-hotel-billia\/#webpage","url":"https:\/\/www.billia.it\/parchotelbillia\/fr\/commentaires-parc-hotel-billia\/","name":"commentaires sur le Parc H\u00f4tel Billia - Parc Hotel Billia","isPartOf":{"@id":"https:\/\/www.billia.it\/parchotelbillia\/#website"},"datePublished":"2018-02-01T15:59:31+00:00","dateModified":"2018-02-01T16:11:10+00:00","breadcrumb":{"@id":"https:\/\/www.billia.it\/parchotelbillia\/fr\/commentaires-parc-hotel-billia\/#breadcrumb"},"inLanguage":"fr-FR","potentialAction":[{"@type":"ReadAction","target":["https:\/\/www.billia.it\/parchotelbillia\/fr\/commentaires-parc-hotel-billia\/"]}]},{"@type":"BreadcrumbList","@id":"https:\/\/www.billia.it\/parchotelbillia\/fr\/commentaires-parc-hotel-billia\/#breadcrumb","itemListElement":[{"@type":"ListItem","position":1,"name":"Home","item":"https:\/\/www.billia.it\/parchotelbillia\/fr\/"},{"@type":"ListItem","position":2,"name":"commentaires sur le Parc H\u00f4tel Billia"}]}]}},"_links":{"self":[{"href":"https:\/\/www.billia.it\/parchotelbillia\/fr\/wp-json\/wp\/v2\/pages\/2593"}],"collection":[{"href":"https:\/\/www.billia.it\/parchotelbillia\/fr\/wp-json\/wp\/v2\/pages"}],"about":[{"href":"https:\/\/www.billia.it\/parchotelbillia\/fr\/wp-json\/wp\/v2\/types\/page"}],"author":[{"embeddable":true,"href":"https:\/\/www.billia.it\/parchotelbillia\/fr\/wp-json\/wp\/v2\/users\/1"}],"replies":[{"embeddable":true,"href":"https:\/\/www.billia.it\/parchotelbillia\/fr\/wp-json\/wp\/v2\/comments?post=2593"}],"version-history":[{"count":4,"href":"https:\/\/www.billia.it\/parchotelbillia\/fr\/wp-json\/wp\/v2\/pages\/2593\/revisions"}],"predecessor-version":[{"id":2597,"href":"https:\/\/www.billia.it\/parchotelbillia\/fr\/wp-json\/wp\/v2\/pages\/2593\/revisions\/2597"}],"wp:attachment":[{"href":"https:\/\/www.billia.it\/parchotelbillia\/fr\/wp-json\/wp\/v2\/media?parent=2593"}],"curies":[{"name":"wp","href":"https:\/\/api.w.org\/{rel}","templated":true}]}}