		{"id":2866,"date":"2019-05-16T17:17:52","date_gmt":"2019-05-16T15:17:52","guid":{"rendered":"https:\/\/www.billia.it\/parchotelbillia\/?page_id=2866"},"modified":"2022-02-21T17:30:10","modified_gmt":"2022-02-21T16:30:10","slug":"comfort","status":"publish","type":"page","link":"https:\/\/www.billia.it\/parchotelbillia\/fr\/chambres\/comfort\/","title":{"rendered":"Comfort"},"content":{"rendered":"[vc_row css=\u00a0\u00bb.vc_custom_1528365327998{padding-top: 5% !important;padding-bottom: 5% !important;}\u00a0\u00bb][vc_column width=\u00a0\u00bb1\/6&Prime;][\/vc_column][vc_column width=\u00a0\u00bb2\/3&Prime;]<h2 class=\"calluna-heading calluna-heading-single-line text-align-center \" ><span>Description<\/span><\/h2>[vc_column_text]Les chambres \u00abConfort\u00bb, situ\u00e9es aux 3e, 4e et 5e \u00e9tages du Parc H\u00f4tel, offrent, gr\u00e2ce \u00e0 une grande fen\u00eatre avec balcon qui donne sur le jardin, un accueil frais et lumineux.<br \/>\nLeur style moderne et novateur se combine harmonieusement avec les \u00e9l\u00e9ments naturels de la tradition alpine vald\u00f4taine, une superbe association qui rend ces chambres uniques en leur genre.<br \/>\nLe mobilier confortable aux contours design est enrichi d\u2019\u00e9l\u00e9ments en bois et en fer, des touches rustiques d\u2019antan que les couleurs neutres des espaces mettent agr\u00e9ablement en lumi\u00e8re.<br \/>\nLes salles de bains en gr\u00e8s, avec leurs magnifiques d\u00e9corations en bois, sont \u00e9galement un lieu de d\u00e9tente o\u00f9 profiter du confort d\u2019une vaste douche et du plaisir des articles de toilette produits par les entreprises locales.<br \/>\nDans un espace insonoris\u00e9, se plonger dans l\u2019atmosph\u00e8re reposante des Alpes est encore plus surprenant si l\u2019on admire les paysages vald\u00f4tains traditionnels repr\u00e9sent\u00e9s sur les tableaux.<br \/>\nToutes les chambres \u00abConfort\u00bb disposent d\u2019un minibar, d\u2019un coffre-\u00ad\u2010fort, d\u2019une machine \u00e0 th\u00e9\/caf\u00e9, de peignoirs et de pantoufles.[\/vc_column_text][\/vc_column][vc_column width=\u00a0\u00bb1\/6&Prime;][\/vc_column][\/vc_row][vc_row full_width=\u00a0\u00bbstretch_row_content\u00a0\u00bb css=\u00a0\u00bb.vc_custom_1528365422047{background-color: #f2f3f4 !important;}\u00a0\u00bb][vc_column width=\u00a0\u00bb1\/3&Prime;][vc_empty_space height=\u00a0\u00bb52px\u00a0\u00bb]<h2 class=\"calluna-heading calluna-heading-single-line text-align-center \" ><span>Services<\/span><\/h2>[vc_column_text]\n<p style=\"text-align: center;\">wi-fi<\/p>\n<p style=\"text-align: center;\">frigobar<\/p>\n<p style=\"text-align: center;\">Coffre-fort<\/p>\n<p style=\"text-align: center;\">Tea &amp; coffee maker<\/p>\n[\/vc_column_text][\/vc_column][vc_column width=\u00a0\u00bb2\/3&Prime;]        <div class=\"image-gallery\">\n                <div id=\"69d0ab540a9c8-carousel\" class=\"carousel slide\" data-ride=\"carousel\">\n                \t                                        \t<div class=\"carousel-inner\">\n\t\t\t\t\t\t\t\t\t\t\t\t\t\t\t\t\t                                    <div class=\"item active\">\n\t\t\t\t\t\t\t\t\t\t\t\t\t\t\t\t\t\t\t\t\t<!-- Image -->\n\t\t\t\t\t\t\t\t\t\t\t<img width=\"1427\" height=\"884\" src=\"https:\/\/www.billia.it\/parchotelbillia\/wp-content\/uploads\/sites\/3\/2019\/04\/camera-comfort-hotelbillia.jpg\" class=\"attachment-full size-full\" alt=\"\" loading=\"lazy\" srcset=\"https:\/\/www.billia.it\/parchotelbillia\/wp-content\/uploads\/sites\/3\/2019\/04\/camera-comfort-hotelbillia.jpg 1427w, https:\/\/www.billia.it\/parchotelbillia\/wp-content\/uploads\/sites\/3\/2019\/04\/camera-comfort-hotelbillia-300x186.jpg 300w, https:\/\/www.billia.it\/parchotelbillia\/wp-content\/uploads\/sites\/3\/2019\/04\/camera-comfort-hotelbillia-768x476.jpg 768w, https:\/\/www.billia.it\/parchotelbillia\/wp-content\/uploads\/sites\/3\/2019\/04\/camera-comfort-hotelbillia-1024x634.jpg 1024w\" sizes=\"(max-width: 1427px) 100vw, 1427px\" \/>\t\t\t\t\t\t\t\t\t\t\t\t\t\t\t\t\t\t\t\t\t\t\t\t\t\t\t\t\t\t                                    <\/div>\n                                    \n\t\t\t\t\t\t\t\t\t\t\t\t\t\t\t\t\t                                    <div class=\"item \">\n\t\t\t\t\t\t\t\t\t\t\t\t\t\t\t\t\t\t\t\t\t<!-- Image -->\n\t\t\t\t\t\t\t\t\t\t\t<img width=\"1427\" height=\"884\" src=\"https:\/\/www.billia.it\/parchotelbillia\/wp-content\/uploads\/sites\/3\/2019\/04\/camera-comfort-hotelbillia-1.jpg\" class=\"attachment-full size-full\" alt=\"\" loading=\"lazy\" srcset=\"https:\/\/www.billia.it\/parchotelbillia\/wp-content\/uploads\/sites\/3\/2019\/04\/camera-comfort-hotelbillia-1.jpg 1427w, https:\/\/www.billia.it\/parchotelbillia\/wp-content\/uploads\/sites\/3\/2019\/04\/camera-comfort-hotelbillia-1-300x186.jpg 300w, https:\/\/www.billia.it\/parchotelbillia\/wp-content\/uploads\/sites\/3\/2019\/04\/camera-comfort-hotelbillia-1-768x476.jpg 768w, https:\/\/www.billia.it\/parchotelbillia\/wp-content\/uploads\/sites\/3\/2019\/04\/camera-comfort-hotelbillia-1-1024x634.jpg 1024w\" sizes=\"(max-width: 1427px) 100vw, 1427px\" \/>\t\t\t\t\t\t\t\t\t\t\t\t\t\t\t\t\t\t\t\t\t\t\t\t\t\t\t\t\t\t                                    <\/div>\n                                    \n\t\t\t\t\t\t\t\t\t\t\t\t\t\t\t\t\t                                    <div class=\"item \">\n\t\t\t\t\t\t\t\t\t\t\t\t\t\t\t\t\t\t\t\t\t<!-- Image -->\n\t\t\t\t\t\t\t\t\t\t\t<img width=\"1427\" height=\"884\" src=\"https:\/\/www.billia.it\/parchotelbillia\/wp-content\/uploads\/sites\/3\/2019\/04\/camera-comfort-hotelbillia-2.jpg\" class=\"attachment-full size-full\" alt=\"\" loading=\"lazy\" srcset=\"https:\/\/www.billia.it\/parchotelbillia\/wp-content\/uploads\/sites\/3\/2019\/04\/camera-comfort-hotelbillia-2.jpg 1427w, https:\/\/www.billia.it\/parchotelbillia\/wp-content\/uploads\/sites\/3\/2019\/04\/camera-comfort-hotelbillia-2-300x186.jpg 300w, https:\/\/www.billia.it\/parchotelbillia\/wp-content\/uploads\/sites\/3\/2019\/04\/camera-comfort-hotelbillia-2-768x476.jpg 768w, https:\/\/www.billia.it\/parchotelbillia\/wp-content\/uploads\/sites\/3\/2019\/04\/camera-comfort-hotelbillia-2-1024x634.jpg 1024w\" sizes=\"(max-width: 1427px) 100vw, 1427px\" \/>\t\t\t\t\t\t\t\t\t\t\t\t\t\t\t\t\t\t\t\t\t\t\t\t\t\t\t\t\t\t                                    <\/div>\n                                    \n\t\t\t\t\t\t\t\t\t\t\t\t\t\t\t\t                         <\/div>\n                         <div class=\"gallery_button_wrapper\">\n                        <a class=\"left carousel-control\" href=\"#69d0ab540a9c8-carousel\" data-slide=\"prev\">\n                        <span class=\"icon-left\"><\/span>\n                    <\/a>\n                    <\/div>\n                    <div class=\"gallery_button_wrapper\">\n                        <a class=\"right carousel-control\" href=\"#69d0ab540a9c8-carousel\" data-slide=\"next\">\n                        <span class=\"icon-right\"><\/span>\n                    <\/a>\n                    <\/div>\n\t\t\t\t\t\t                    \n               <\/div>\n\t  \t\t  <\/div>\n\t\t\n\t\t[\/vc_column][\/vc_row][vc_row][vc_column]\n\t\t\t<!-- START Hotel Saint Vincent Fra REVOLUTION SLIDER 6.5.16 --><p class=\"rs-p-wp-fix\"><\/p>\n\t\t\t<rs-module-wrap id=\"rev_slider_2_1_wrapper\" data-source=\"gallery\" style=\"visibility:hidden;background:#ffffff;padding:0;margin:0px auto;margin-top:0;margin-bottom:0;\">\n\t\t\t\t<rs-module id=\"rev_slider_2_1\" style=\"\" data-version=\"6.5.16\">\n\t\t\t\t\t<rs-slides>\n\t\t\t\t\t\t<rs-slide style=\"position: absolute;\" data-key=\"rs-5\" data-title=\"Camera comfort\" data-thumb=\"\/\/www.billia.it\/parchotelbillia\/wp-content\/uploads\/sites\/3\/2019\/04\/camera-comfort-hotelbillia-60x60.jpg\" data-link=\"\/parchotelbillia\/fr\/chambres\/comfort\/\" data-tag=\"l\" data-target=\"_self\" data-seoz=\"front\" data-anim=\"ms:2000;\" data-in=\"o:0;sx:0.6;sy:0.6;e:power4.inOut;\" data-out=\"o:0;sx:1.6;sy:1.6;e:power4.inOut;\">\n\t\t\t\t\t\t\t<img src=\"\/\/www.billia.it\/parchotelbillia\/wp-content\/plugins\/revslider\/public\/assets\/assets\/dummy.png\" alt=\"\" title=\"camera-comfort-hotelbillia-2\" width=\"1427\" height=\"884\" class=\"rev-slidebg tp-rs-img rs-lazyload\" data-lazyload=\"\/\/www.billia.it\/parchotelbillia\/wp-content\/uploads\/sites\/3\/2019\/04\/camera-comfort-hotelbillia.jpg\" data-parallax=\"10\" data-panzoom=\"d:10000;ss:100;se:120;os:0\/-500;oe:0\/500;\" data-no-retina>\n<!--\n\t\t\t\t\t\t\t--><rs-layer\n\t\t\t\t\t\t\t\tid=\"slider-2-slide-5-layer-1\" \n\t\t\t\t\t\t\t\tclass=\"NotGeneric-Title\"\n\t\t\t\t\t\t\t\tdata-type=\"text\"\n\t\t\t\t\t\t\t\tdata-color=\"rgba(255, 255, 255, 1)\"\n\t\t\t\t\t\t\t\tdata-rsp_ch=\"on\"\n\t\t\t\t\t\t\t\tdata-xy=\"x:c;y:m;yo:2px,0,0,0;\"\n\t\t\t\t\t\t\t\tdata-text=\"s:70,70,70,45;l:70,70,70,50;\"\n\t\t\t\t\t\t\t\tdata-padding=\"t:10;r:20;b:10;l:20;\"\n\t\t\t\t\t\t\t\tdata-frame_0=\"y:100%;\"\n\t\t\t\t\t\t\t\tdata-frame_0_mask=\"u:t;y:100%;\"\n\t\t\t\t\t\t\t\tdata-frame_0_sfx=\"se:blocktoright;\"\n\t\t\t\t\t\t\t\tdata-frame_1=\"e:power2.inOut;st:1000;sp:2000;sR:1000;\"\n\t\t\t\t\t\t\t\tdata-frame_1_mask=\"u:t;\"\n\t\t\t\t\t\t\t\tdata-frame_1_sfx=\"se:blocktoright;\"\n\t\t\t\t\t\t\t\tdata-frame_999=\"y:100%;e:power2.inOut;st:w;sp:1000;sR:6000;\"\n\t\t\t\t\t\t\t\tdata-frame_999_mask=\"u:t;\"\n\t\t\t\t\t\t\t\tstyle=\"z-index:5;font-family:'Lato';text-shadow:5px 5px 20px rgba(0,0,0,0.5);\"\n\t\t\t\t\t\t\t>CHAMBRE COMFORT \n\t\t\t\t\t\t\t<\/rs-layer><!--\n-->\t\t\t\t\t\t<\/rs-slide>\n\t\t\t\t\t\t<rs-slide style=\"position: absolute;\" data-key=\"rs-6\" data-title=\"Camera executive\" data-thumb=\"\/\/www.billia.it\/parchotelbillia\/wp-content\/uploads\/sites\/3\/2019\/04\/executive-saintvincent-1-60x60.jpg\" data-link=\"\/parchotelbillia\/fr\/chambres\/executive\/\" data-tag=\"l\" data-target=\"_self\" data-seoz=\"front\" data-anim=\"ms:2000;\" data-in=\"o:0;sx:0.6;sy:0.6;e:power4.inOut;\" data-out=\"o:0;sx:1.6;sy:1.6;e:power4.inOut;\">\n\t\t\t\t\t\t\t<img src=\"\/\/www.billia.it\/parchotelbillia\/wp-content\/plugins\/revslider\/public\/assets\/assets\/dummy.png\" alt=\"\" title=\"camera-comfort-hotelbillia-2\" width=\"1427\" height=\"884\" class=\"rev-slidebg tp-rs-img rs-lazyload\" data-lazyload=\"\/\/www.billia.it\/parchotelbillia\/wp-content\/uploads\/sites\/3\/2019\/04\/executive-saintvincent-1.jpg\" data-parallax=\"10\" data-panzoom=\"d:10000;ss:100;se:120;os:0\/-500;oe:0\/500;\" data-no-retina>\n<!--\n\t\t\t\t\t\t\t--><rs-layer\n\t\t\t\t\t\t\t\tid=\"slider-2-slide-6-layer-1\" \n\t\t\t\t\t\t\t\tclass=\"NotGeneric-Title\"\n\t\t\t\t\t\t\t\tdata-type=\"text\"\n\t\t\t\t\t\t\t\tdata-color=\"rgba(255, 255, 255, 1)\"\n\t\t\t\t\t\t\t\tdata-rsp_ch=\"on\"\n\t\t\t\t\t\t\t\tdata-xy=\"x:c;xo:1px,0,0,0;y:m;\"\n\t\t\t\t\t\t\t\tdata-text=\"s:70,70,70,45;l:70,70,70,50;\"\n\t\t\t\t\t\t\t\tdata-padding=\"t:10;r:20;b:10;l:20;\"\n\t\t\t\t\t\t\t\tdata-frame_0=\"y:100%;\"\n\t\t\t\t\t\t\t\tdata-frame_0_mask=\"u:t;y:100%;\"\n\t\t\t\t\t\t\t\tdata-frame_0_sfx=\"se:blocktoright;\"\n\t\t\t\t\t\t\t\tdata-frame_1=\"e:power2.inOut;st:1000;sp:2000;sR:1000;\"\n\t\t\t\t\t\t\t\tdata-frame_1_mask=\"u:t;\"\n\t\t\t\t\t\t\t\tdata-frame_1_sfx=\"se:blocktoright;\"\n\t\t\t\t\t\t\t\tdata-frame_999=\"y:100%;e:power2.inOut;st:w;sp:1000;sR:6000;\"\n\t\t\t\t\t\t\t\tdata-frame_999_mask=\"u:t;\"\n\t\t\t\t\t\t\t\tstyle=\"z-index:5;font-family:'Lato';text-shadow:5px 5px 20px rgba(0,0,0,0.5);\"\n\t\t\t\t\t\t\t>CHAMBRE EXECUTIVE \n\t\t\t\t\t\t\t<\/rs-layer><!--\n-->\t\t\t\t\t\t<\/rs-slide>\n\t\t\t\t\t\t<rs-slide style=\"position: absolute;\" data-key=\"rs-7\" data-title=\"Camera studio\" data-thumb=\"\/\/www.billia.it\/parchotelbillia\/wp-content\/uploads\/sites\/3\/2019\/04\/studio-saintvincent-60x60.jpg\" data-link=\"\/parchotelbillia\/fr\/chambres\/studio\/\" data-tag=\"l\" data-target=\"_self\" data-seoz=\"front\" data-anim=\"ms:2000;\" data-in=\"o:0;sx:0.6;sy:0.6;e:power4.inOut;\" data-out=\"o:0;sx:1.6;sy:1.6;e:power4.inOut;\">\n\t\t\t\t\t\t\t<img src=\"\/\/www.billia.it\/parchotelbillia\/wp-content\/plugins\/revslider\/public\/assets\/assets\/dummy.png\" alt=\"\" title=\"camera-comfort-hotelbillia-2\" width=\"1427\" height=\"884\" class=\"rev-slidebg tp-rs-img rs-lazyload\" data-lazyload=\"\/\/www.billia.it\/parchotelbillia\/wp-content\/uploads\/sites\/3\/2019\/04\/studio-saintvincent.jpg\" data-parallax=\"10\" data-panzoom=\"d:10000;ss:100;se:120;os:0\/-500;oe:0\/500;\" data-no-retina>\n<!--\n\t\t\t\t\t\t\t--><rs-layer\n\t\t\t\t\t\t\t\tid=\"slider-2-slide-7-layer-1\" \n\t\t\t\t\t\t\t\tclass=\"NotGeneric-Title\"\n\t\t\t\t\t\t\t\tdata-type=\"text\"\n\t\t\t\t\t\t\t\tdata-color=\"rgba(255, 255, 255, 1)\"\n\t\t\t\t\t\t\t\tdata-rsp_ch=\"on\"\n\t\t\t\t\t\t\t\tdata-xy=\"x:c;y:m;\"\n\t\t\t\t\t\t\t\tdata-text=\"s:70,70,70,45;l:70,70,70,50;\"\n\t\t\t\t\t\t\t\tdata-padding=\"t:10;r:20;b:10;l:20;\"\n\t\t\t\t\t\t\t\tdata-frame_0=\"y:100%;\"\n\t\t\t\t\t\t\t\tdata-frame_0_mask=\"u:t;y:100%;\"\n\t\t\t\t\t\t\t\tdata-frame_0_sfx=\"se:blocktoright;\"\n\t\t\t\t\t\t\t\tdata-frame_1=\"e:power2.inOut;st:1000;sp:2000;sR:1000;\"\n\t\t\t\t\t\t\t\tdata-frame_1_mask=\"u:t;\"\n\t\t\t\t\t\t\t\tdata-frame_1_sfx=\"se:blocktoright;\"\n\t\t\t\t\t\t\t\tdata-frame_999=\"y:100%;e:power2.inOut;st:w;sp:1000;sR:6000;\"\n\t\t\t\t\t\t\t\tdata-frame_999_mask=\"u:t;\"\n\t\t\t\t\t\t\t\tstyle=\"z-index:5;font-family:'Lato';text-shadow:5px 5px 20px rgba(0,0,0,0.5);\"\n\t\t\t\t\t\t\t>CHAMBRE STUDIO \n\t\t\t\t\t\t\t<\/rs-layer><!--\n-->\t\t\t\t\t\t<\/rs-slide>\n\t\t\t\t\t\t<rs-slide style=\"position: absolute;\" data-key=\"rs-8\" data-title=\"Camera family\" data-thumb=\"\/\/www.billia.it\/parchotelbillia\/wp-content\/uploads\/sites\/3\/2019\/04\/suite-saintvincent-1-60x60.jpg\" data-link=\"\/parchotelbillia\/fr\/chambres\/family\/\" data-tag=\"l\" data-target=\"_self\" data-seoz=\"front\" data-anim=\"ms:2000;\" data-in=\"o:0;sx:0.6;sy:0.6;e:power4.inOut;\" data-out=\"o:0;sx:1.6;sy:1.6;e:power4.inOut;\">\n\t\t\t\t\t\t\t<img src=\"\/\/www.billia.it\/parchotelbillia\/wp-content\/plugins\/revslider\/public\/assets\/assets\/dummy.png\" alt=\"\" title=\"camera-comfort-hotelbillia-2\" width=\"1427\" height=\"884\" class=\"rev-slidebg tp-rs-img rs-lazyload\" data-lazyload=\"\/\/www.billia.it\/parchotelbillia\/wp-content\/uploads\/sites\/3\/2019\/04\/suite-saintvincent-1.jpg\" data-parallax=\"10\" data-panzoom=\"d:10000;ss:100;se:120;os:0\/-500;oe:0\/500;\" data-no-retina>\n<!--\n\t\t\t\t\t\t\t--><rs-layer\n\t\t\t\t\t\t\t\tid=\"slider-2-slide-8-layer-1\" \n\t\t\t\t\t\t\t\tclass=\"NotGeneric-Title\"\n\t\t\t\t\t\t\t\tdata-type=\"text\"\n\t\t\t\t\t\t\t\tdata-color=\"rgba(255, 255, 255, 1)\"\n\t\t\t\t\t\t\t\tdata-rsp_ch=\"on\"\n\t\t\t\t\t\t\t\tdata-xy=\"x:c;y:m;\"\n\t\t\t\t\t\t\t\tdata-text=\"s:70,70,70,45;l:70,70,70,50;\"\n\t\t\t\t\t\t\t\tdata-padding=\"t:10;r:20;b:10;l:20;\"\n\t\t\t\t\t\t\t\tdata-frame_0=\"y:100%;\"\n\t\t\t\t\t\t\t\tdata-frame_0_mask=\"u:t;y:100%;\"\n\t\t\t\t\t\t\t\tdata-frame_0_sfx=\"se:blocktoright;\"\n\t\t\t\t\t\t\t\tdata-frame_1=\"e:power2.inOut;st:1000;sp:2000;sR:1000;\"\n\t\t\t\t\t\t\t\tdata-frame_1_mask=\"u:t;\"\n\t\t\t\t\t\t\t\tdata-frame_1_sfx=\"se:blocktoright;\"\n\t\t\t\t\t\t\t\tdata-frame_999=\"y:100%;e:power2.inOut;st:w;sp:1000;sR:6000;\"\n\t\t\t\t\t\t\t\tdata-frame_999_mask=\"u:t;\"\n\t\t\t\t\t\t\t\tstyle=\"z-index:5;font-family:'Lato';text-shadow:5px 5px 20px rgba(0,0,0,0.5);\"\n\t\t\t\t\t\t\t>CHAMBRE FAMILY \n\t\t\t\t\t\t\t<\/rs-layer><!--\n-->\t\t\t\t\t\t<\/rs-slide>\n\t\t\t\t\t<\/rs-slides>\n\t\t\t\t<\/rs-module>\n\t\t\t\t<script>\n\t\t\t\t\tsetREVStartSize({c: 'rev_slider_2_1',rl:[1240,1024,778,480],el:[600,600,500,400],gw:[1240,1024,778,480],gh:[600,600,500,400],type:'carousel',justify:'',layout:'fullwidth',mh:\"0\"});if (window.RS_MODULES!==undefined && window.RS_MODULES.modules!==undefined && window.RS_MODULES.modules[\"revslider21\"]!==undefined) {window.RS_MODULES.modules[\"revslider21\"].once = false;window.revapi2 = undefined;if (window.RS_MODULES.checkMinimal!==undefined) window.RS_MODULES.checkMinimal()}\n\t\t\t\t<\/script>\n\t\t\t<\/rs-module-wrap>\n\t\t\t<!-- END REVOLUTION SLIDER -->\n[\/vc_column][\/vc_row]\n","protected":false},"excerpt":{"rendered":"<p>[vc_row css=\u00a0\u00bb.vc_custom_1528365327998{padding-top: 5% !important;padding-bottom: 5% !important;}\u00a0\u00bb][vc_column width=\u00a0\u00bb1\/6&Prime;][\/vc_column][vc_column width=\u00a0\u00bb2\/3&Prime;][vc_column_text]Les chambres \u00abConfort\u00bb, situ\u00e9es aux 3e, 4e et 5e \u00e9tages du Parc H\u00f4tel, offrent, gr\u00e2ce \u00e0 une grande fen\u00eatre avec balcon qui donne sur le jardin, un accueil frais et lumineux. Leur style moderne et novateur se combine harmonieusement avec les \u00e9l\u00e9ments naturels de la tradition alpine vald\u00f4taine, [&hellip;]<\/p>\n","protected":false},"author":1,"featured_media":0,"parent":2456,"menu_order":0,"comment_status":"closed","ping_status":"closed","template":"","meta":[],"yoast_head":"<!-- This site is optimized with the Yoast SEO plugin v18.2 - https:\/\/yoast.com\/wordpress\/plugins\/seo\/ -->\n<title>Comfort - Parc Hotel Billia<\/title>\n<meta name=\"robots\" content=\"index, follow, max-snippet:-1, max-image-preview:large, max-video-preview:-1\" \/>\n<link rel=\"canonical\" href=\"https:\/\/www.billia.it\/parchotelbillia\/fr\/chambres\/comfort\/\" \/>\n<meta property=\"og:locale\" content=\"fr_FR\" \/>\n<meta property=\"og:type\" content=\"article\" \/>\n<meta property=\"og:title\" content=\"Comfort - Parc Hotel Billia\" \/>\n<meta property=\"og:description\" content=\"[vc_row css=\u00a0\u00bb.vc_custom_1528365327998{padding-top: 5% !important;padding-bottom: 5% !important;}\u00a0\u00bb][vc_column width=\u00a0\u00bb1\/6&Prime;][\/vc_column][vc_column width=\u00a0\u00bb2\/3&Prime;][vc_column_text]Les chambres \u00abConfort\u00bb, situ\u00e9es aux 3e, 4e et 5e \u00e9tages du Parc H\u00f4tel, offrent, gr\u00e2ce \u00e0 une grande fen\u00eatre avec balcon qui donne sur le jardin, un accueil frais et lumineux. Leur style moderne et novateur se combine harmonieusement avec les \u00e9l\u00e9ments naturels de la tradition alpine vald\u00f4taine, [&hellip;]\" \/>\n<meta property=\"og:url\" content=\"https:\/\/www.billia.it\/parchotelbillia\/fr\/chambres\/comfort\/\" \/>\n<meta property=\"og:site_name\" content=\"Parc Hotel Billia\" \/>\n<meta property=\"article:modified_time\" content=\"2022-02-21T16:30:10+00:00\" \/>\n<meta name=\"twitter:card\" content=\"summary\" \/>\n<meta name=\"twitter:label1\" content=\"Dur\u00e9e de lecture estim\u00e9e\" \/>\n\t<meta name=\"twitter:data1\" content=\"2 minutes\" \/>\n<script type=\"application\/ld+json\" class=\"yoast-schema-graph\">{\"@context\":\"https:\/\/schema.org\",\"@graph\":[{\"@type\":\"WebSite\",\"@id\":\"https:\/\/www.billia.it\/parchotelbillia\/#website\",\"url\":\"https:\/\/www.billia.it\/parchotelbillia\/\",\"name\":\"Parc Hotel Billia\",\"description\":\"Parc Hotel Billia di Saint-Vincent, Valle d&#039;Aosta\",\"potentialAction\":[{\"@type\":\"SearchAction\",\"target\":{\"@type\":\"EntryPoint\",\"urlTemplate\":\"https:\/\/www.billia.it\/parchotelbillia\/?s={search_term_string}\"},\"query-input\":\"required name=search_term_string\"}],\"inLanguage\":\"fr-FR\"},{\"@type\":\"WebPage\",\"@id\":\"https:\/\/www.billia.it\/parchotelbillia\/fr\/chambres\/comfort\/#webpage\",\"url\":\"https:\/\/www.billia.it\/parchotelbillia\/fr\/chambres\/comfort\/\",\"name\":\"Comfort - Parc Hotel Billia\",\"isPartOf\":{\"@id\":\"https:\/\/www.billia.it\/parchotelbillia\/#website\"},\"datePublished\":\"2019-05-16T15:17:52+00:00\",\"dateModified\":\"2022-02-21T16:30:10+00:00\",\"breadcrumb\":{\"@id\":\"https:\/\/www.billia.it\/parchotelbillia\/fr\/chambres\/comfort\/#breadcrumb\"},\"inLanguage\":\"fr-FR\",\"potentialAction\":[{\"@type\":\"ReadAction\",\"target\":[\"https:\/\/www.billia.it\/parchotelbillia\/fr\/chambres\/comfort\/\"]}]},{\"@type\":\"BreadcrumbList\",\"@id\":\"https:\/\/www.billia.it\/parchotelbillia\/fr\/chambres\/comfort\/#breadcrumb\",\"itemListElement\":[{\"@type\":\"ListItem\",\"position\":1,\"name\":\"Home\",\"item\":\"https:\/\/www.billia.it\/parchotelbillia\/fr\/\"},{\"@type\":\"ListItem\",\"position\":2,\"name\":\"Chambres\",\"item\":\"https:\/\/www.billia.it\/parchotelbillia\/fr\/chambres\/\"},{\"@type\":\"ListItem\",\"position\":3,\"name\":\"Comfort\"}]}]}<\/script>\n<!-- \/ Yoast SEO plugin. -->","yoast_head_json":{"title":"Comfort - Parc Hotel Billia","robots":{"index":"index","follow":"follow","max-snippet":"max-snippet:-1","max-image-preview":"max-image-preview:large","max-video-preview":"max-video-preview:-1"},"canonical":"https:\/\/www.billia.it\/parchotelbillia\/fr\/chambres\/comfort\/","og_locale":"fr_FR","og_type":"article","og_title":"Comfort - Parc Hotel Billia","og_description":"[vc_row css=\u00a0\u00bb.vc_custom_1528365327998{padding-top: 5% !important;padding-bottom: 5% !important;}\u00a0\u00bb][vc_column width=\u00a0\u00bb1\/6&Prime;][\/vc_column][vc_column width=\u00a0\u00bb2\/3&Prime;][vc_column_text]Les chambres \u00abConfort\u00bb, situ\u00e9es aux 3e, 4e et 5e \u00e9tages du Parc H\u00f4tel, offrent, gr\u00e2ce \u00e0 une grande fen\u00eatre avec balcon qui donne sur le jardin, un accueil frais et lumineux. Leur style moderne et novateur se combine harmonieusement avec les \u00e9l\u00e9ments naturels de la tradition alpine vald\u00f4taine, [&hellip;]","og_url":"https:\/\/www.billia.it\/parchotelbillia\/fr\/chambres\/comfort\/","og_site_name":"Parc Hotel Billia","article_modified_time":"2022-02-21T16:30:10+00:00","twitter_card":"summary","twitter_misc":{"Dur\u00e9e de lecture estim\u00e9e":"2 minutes"},"schema":{"@context":"https:\/\/schema.org","@graph":[{"@type":"WebSite","@id":"https:\/\/www.billia.it\/parchotelbillia\/#website","url":"https:\/\/www.billia.it\/parchotelbillia\/","name":"Parc Hotel Billia","description":"Parc Hotel Billia di Saint-Vincent, Valle d&#039;Aosta","potentialAction":[{"@type":"SearchAction","target":{"@type":"EntryPoint","urlTemplate":"https:\/\/www.billia.it\/parchotelbillia\/?s={search_term_string}"},"query-input":"required name=search_term_string"}],"inLanguage":"fr-FR"},{"@type":"WebPage","@id":"https:\/\/www.billia.it\/parchotelbillia\/fr\/chambres\/comfort\/#webpage","url":"https:\/\/www.billia.it\/parchotelbillia\/fr\/chambres\/comfort\/","name":"Comfort - Parc Hotel Billia","isPartOf":{"@id":"https:\/\/www.billia.it\/parchotelbillia\/#website"},"datePublished":"2019-05-16T15:17:52+00:00","dateModified":"2022-02-21T16:30:10+00:00","breadcrumb":{"@id":"https:\/\/www.billia.it\/parchotelbillia\/fr\/chambres\/comfort\/#breadcrumb"},"inLanguage":"fr-FR","potentialAction":[{"@type":"ReadAction","target":["https:\/\/www.billia.it\/parchotelbillia\/fr\/chambres\/comfort\/"]}]},{"@type":"BreadcrumbList","@id":"https:\/\/www.billia.it\/parchotelbillia\/fr\/chambres\/comfort\/#breadcrumb","itemListElement":[{"@type":"ListItem","position":1,"name":"Home","item":"https:\/\/www.billia.it\/parchotelbillia\/fr\/"},{"@type":"ListItem","position":2,"name":"Chambres","item":"https:\/\/www.billia.it\/parchotelbillia\/fr\/chambres\/"},{"@type":"ListItem","position":3,"name":"Comfort"}]}]}},"_links":{"self":[{"href":"https:\/\/www.billia.it\/parchotelbillia\/fr\/wp-json\/wp\/v2\/pages\/2866"}],"collection":[{"href":"https:\/\/www.billia.it\/parchotelbillia\/fr\/wp-json\/wp\/v2\/pages"}],"about":[{"href":"https:\/\/www.billia.it\/parchotelbillia\/fr\/wp-json\/wp\/v2\/types\/page"}],"author":[{"embeddable":true,"href":"https:\/\/www.billia.it\/parchotelbillia\/fr\/wp-json\/wp\/v2\/users\/1"}],"replies":[{"embeddable":true,"href":"https:\/\/www.billia.it\/parchotelbillia\/fr\/wp-json\/wp\/v2\/comments?post=2866"}],"version-history":[{"count":5,"href":"https:\/\/www.billia.it\/parchotelbillia\/fr\/wp-json\/wp\/v2\/pages\/2866\/revisions"}],"predecessor-version":[{"id":2956,"href":"https:\/\/www.billia.it\/parchotelbillia\/fr\/wp-json\/wp\/v2\/pages\/2866\/revisions\/2956"}],"up":[{"embeddable":true,"href":"https:\/\/www.billia.it\/parchotelbillia\/fr\/wp-json\/wp\/v2\/pages\/2456"}],"wp:attachment":[{"href":"https:\/\/www.billia.it\/parchotelbillia\/fr\/wp-json\/wp\/v2\/media?parent=2866"}],"curies":[{"name":"wp","href":"https:\/\/api.w.org\/{rel}","templated":true}]}}