{"id":2573,"date":"2018-02-01T16:32:21","date_gmt":"2018-02-01T15:32:21","guid":{"rendered":"http:\/\/www.billia.it\/parchotelbillia\/?page_id=2573"},"modified":"2018-02-01T16:47:25","modified_gmt":"2018-02-01T15:47:25","slug":"recensioni","status":"publish","type":"page","link":"https:\/\/www.billia.it\/parchotelbillia\/recensioni\/","title":{"rendered":"recensioni sul Parc Hotel Billia"},"content":{"rendered":"[vc_row css_animation=&#8221;appear&#8221; css=&#8221;.vc_custom_1517500040239{padding-top: 5% !important;padding-bottom: 5% !important;}&#8221;][vc_column]<h2 class=\"calluna-heading calluna-heading-none text-align-center \" ><span>Le recensioni dei nostri Ospiti sono il nostro miglior biglietto da visita...<\/span><\/h2>[\/vc_column][\/vc_row][vc_row css=&#8221;.vc_custom_1517499551977{margin-bottom: 2% !important;}&#8221;][vc_column width=&#8221;1\/3&#8243;]<div class=\"calluna-testimonial  \"><div class=\"calluna-testimonial-author-image\"><img width=\"300\" height=\"300\" src=\"https:\/\/www.billia.it\/parchotelbillia\/wp-content\/uploads\/sites\/3\/2018\/02\/booking.jpg\" class=\"attachment-thumbnail size-thumbnail\" alt=\"\" loading=\"lazy\" \/><\/div><div class=\"calluna-testimonial-content calluna-clearfix\"><p>Area benessere meravigliosa e pulitissima, personale gentile ed efficiente, in particolare quelli presenti a colazione e il signore della spa.<\/p>\n<div class=\"calluna-testimonial-author\">Chiara <span>, Booking.com<\/span><\/div><\/div><\/div>[\/vc_column][vc_column width=&#8221;1\/3&#8243;]<div class=\"calluna-testimonial  calluna-fadein\"><div class=\"calluna-testimonial-author-image\"><img width=\"300\" height=\"300\" src=\"https:\/\/www.billia.it\/parchotelbillia\/wp-content\/uploads\/sites\/3\/2018\/02\/booking.jpg\" class=\"attachment-thumbnail size-thumbnail\" alt=\"\" loading=\"lazy\" \/><\/div><div class=\"calluna-testimonial-content calluna-clearfix\"><p>La stanza molto bella e confortevole. Tutto pulito. Mi ha colpito molto la gentilezza dello staff<\/p>\n<div class=\"calluna-testimonial-author\">Cristina<span>, Booking.com<\/span><\/div><\/div><\/div>[\/vc_column][vc_column width=&#8221;1\/3&#8243;]<div class=\"calluna-testimonial  \"><div class=\"calluna-testimonial-author-image\"><img width=\"300\" height=\"300\" src=\"https:\/\/www.billia.it\/parchotelbillia\/wp-content\/uploads\/sites\/3\/2018\/02\/trip.jpg\" class=\"attachment-thumbnail size-thumbnail\" alt=\"\" loading=\"lazy\" \/><\/div><div class=\"calluna-testimonial-content calluna-clearfix\"><p>Ottimo hotel adiacente al Casin\u00f2, elegantissimo e modernissimo. Stanze molto comode, ottimamente e finemente arredate. Molto buono anche il buffet della colazione, consumato in una sala con spettacolari vetrate sulla valle.<\/p>\n<div class=\"calluna-testimonial-author\">R1k1g<span>, TripAdvisor<\/span><\/div><\/div><\/div>[\/vc_column][\/vc_row][vc_row css=&#8221;.vc_custom_1517499716776{margin-bottom: 2% !important;}&#8221;][vc_column width=&#8221;1\/3&#8243;]<div class=\"calluna-testimonial  \"><div class=\"calluna-testimonial-author-image\"><img width=\"300\" height=\"300\" src=\"https:\/\/www.billia.it\/parchotelbillia\/wp-content\/uploads\/sites\/3\/2018\/02\/trip.jpg\" class=\"attachment-thumbnail size-thumbnail\" alt=\"\" loading=\"lazy\" \/><\/div><div class=\"calluna-testimonial-content calluna-clearfix\"><p>Mi sono trovato ad alloggiare per lavoro in questa splendida struttura veramente enorme ma assolutamente funzionale e dotata di tutti i comfort, davvero molto bello anche il casin\u00f2 e la spa. Camere arredate con gusto, bagni spaziosi e con la possibilit\u00e0 di avere diverse possibilit\u00e0 di luce.<\/p>\n<div class=\"calluna-testimonial-author\">Chiara <span>, TripAdvisor<\/span><\/div><\/div><\/div>[\/vc_column][vc_column width=&#8221;1\/3&#8243;]<div class=\"calluna-testimonial  calluna-fadein\"><div class=\"calluna-testimonial-author-image\"><img width=\"300\" height=\"300\" src=\"https:\/\/www.billia.it\/parchotelbillia\/wp-content\/uploads\/sites\/3\/2018\/02\/trip.jpg\" class=\"attachment-thumbnail size-thumbnail\" alt=\"\" loading=\"lazy\" \/><\/div><div class=\"calluna-testimonial-content calluna-clearfix\"><p>Camere spaziose e molto confortevoli, ottima la colazione con una vasta scelta di cibi per ogni esigenza. La vinoteca \u00e8 una bella novit\u00e0 che propone vini e cibi locali di alta qualit\u00e0. Grandi spazi e il panorama eccezionale fruibile dalle grandi vetrate e terrazze.<\/p>\n<div class=\"calluna-testimonial-author\">Stefano<span>, TripAdvisor<\/span><\/div><\/div><\/div>[\/vc_column][vc_column width=&#8221;1\/3&#8243;]<div class=\"calluna-testimonial  \"><div class=\"calluna-testimonial-author-image\"><img width=\"300\" height=\"300\" src=\"https:\/\/www.billia.it\/parchotelbillia\/wp-content\/uploads\/sites\/3\/2018\/02\/booking.jpg\" class=\"attachment-thumbnail size-thumbnail\" alt=\"\" loading=\"lazy\" \/><\/div><div class=\"calluna-testimonial-content calluna-clearfix\"><p>\u00c8 un hotel fantastico. Non vedo l&#8217;ora di tornarci d&#8217;estate per usufruire della piscina esterna.<\/p>\n<div class=\"calluna-testimonial-author\">Alessandro<span>, Booking.com<\/span><\/div><\/div><\/div>[\/vc_column][\/vc_row][vc_row][vc_column width=&#8221;1\/3&#8243;]<div class=\"calluna-testimonial  \"><div class=\"calluna-testimonial-author-image\"><img width=\"300\" height=\"300\" src=\"https:\/\/www.billia.it\/parchotelbillia\/wp-content\/uploads\/sites\/3\/2018\/02\/booking.jpg\" class=\"attachment-thumbnail size-thumbnail\" alt=\"\" loading=\"lazy\" \/><\/div><div class=\"calluna-testimonial-content calluna-clearfix\"><p>Il centro benessere \u00e8 stupendo<\/p>\n<div class=\"calluna-testimonial-author\">Elisa<span>, Booking.com<\/span><\/div><\/div><\/div>[\/vc_column][vc_column width=&#8221;1\/3&#8243;]<div class=\"calluna-testimonial  calluna-fadein\"><div class=\"calluna-testimonial-author-image\"><img width=\"300\" height=\"300\" src=\"https:\/\/www.billia.it\/parchotelbillia\/wp-content\/uploads\/sites\/3\/2018\/02\/booking.jpg\" class=\"attachment-thumbnail size-thumbnail\" alt=\"\" loading=\"lazy\" \/><\/div><div class=\"calluna-testimonial-content calluna-clearfix\"><p>Tutto speciale!! Colazione abbondantissima e per ogni palato, sia dolce sia salata! La camera accogliente e moderna, molto pulita!<\/p>\n<div class=\"calluna-testimonial-author\">Eleonora<span>, Booking.com<\/span><\/div><\/div><\/div>[\/vc_column][vc_column width=&#8221;1\/3&#8243;]<div class=\"calluna-testimonial  \"><div class=\"calluna-testimonial-author-image\"><img width=\"300\" height=\"300\" src=\"https:\/\/www.billia.it\/parchotelbillia\/wp-content\/uploads\/sites\/3\/2018\/02\/trip.jpg\" class=\"attachment-thumbnail size-thumbnail\" alt=\"\" loading=\"lazy\" \/><\/div><div class=\"calluna-testimonial-content calluna-clearfix\"><p>Ambiente molto raffinato,personale disponibile \u00e8 molto gentile!! Pulizia massima e location da film!!! Spa pulita accogliente con vari servizi a disposizioni e con un ricco buffet di frutta e tisane all interno!! Colazione stellare !!Servizio parcheggio auto!!! Consiglio vivamente di andarci!!!<\/p>\n<div class=\"calluna-testimonial-author\">Rosario<span>, TripAdvisor<\/span><\/div><\/div><\/div>[\/vc_column][\/vc_row]\n","protected":false},"excerpt":{"rendered":"<p>[vc_row css_animation=&#8221;appear&#8221; css=&#8221;.vc_custom_1517500040239{padding-top: 5% !important;padding-bottom: 5% !important;}&#8221;][vc_column][\/vc_column][\/vc_row][vc_row css=&#8221;.vc_custom_1517499551977{margin-bottom: 2% !important;}&#8221;][vc_column width=&#8221;1\/3&#8243;][\/vc_column][vc_column width=&#8221;1\/3&#8243;][\/vc_column][vc_column width=&#8221;1\/3&#8243;][\/vc_column][\/vc_row][vc_row css=&#8221;.vc_custom_1517499716776{margin-bottom: 2% !important;}&#8221;][vc_column width=&#8221;1\/3&#8243;][\/vc_column][vc_column width=&#8221;1\/3&#8243;][\/vc_column][vc_column width=&#8221;1\/3&#8243;][\/vc_column][\/vc_row][vc_row][vc_column width=&#8221;1\/3&#8243;][\/vc_column][vc_column width=&#8221;1\/3&#8243;][\/vc_column][vc_column width=&#8221;1\/3&#8243;][\/vc_column][\/vc_row]<\/p>\n","protected":false},"author":1,"featured_media":0,"parent":0,"menu_order":0,"comment_status":"closed","ping_status":"closed","template":"","meta":[],"yoast_head":"<!-- This site is optimized with the Yoast SEO plugin v18.2 - https:\/\/yoast.com\/wordpress\/plugins\/seo\/ -->\n<title>Recensioni Parc Hotel Billia<\/title>\n<meta name=\"description\" content=\"Recensioni sul Parc Hotel Billia, leggi le recensioni che i clienti hanno lasciato sul Parc Hotel Billia, clicca qui\" \/>\n<meta name=\"robots\" content=\"index, follow, max-snippet:-1, max-image-preview:large, max-video-preview:-1\" \/>\n<link rel=\"canonical\" href=\"https:\/\/www.billia.it\/parchotelbillia\/recensioni\/\" \/>\n<meta property=\"og:locale\" content=\"it_IT\" \/>\n<meta property=\"og:type\" content=\"article\" \/>\n<meta property=\"og:title\" content=\"Recensioni Parc Hotel Billia\" \/>\n<meta property=\"og:description\" content=\"Recensioni sul Parc Hotel Billia, leggi le recensioni che i clienti hanno lasciato sul Parc Hotel Billia, clicca qui\" \/>\n<meta property=\"og:url\" content=\"https:\/\/www.billia.it\/parchotelbillia\/recensioni\/\" \/>\n<meta property=\"og:site_name\" content=\"Parc Hotel Billia\" \/>\n<meta property=\"article:modified_time\" content=\"2018-02-01T15:47:25+00:00\" \/>\n<meta name=\"twitter:card\" content=\"summary\" \/>\n<meta name=\"twitter:label1\" content=\"Tempo di lettura stimato\" \/>\n\t<meta name=\"twitter:data1\" content=\"2 minuti\" \/>\n<script type=\"application\/ld+json\" class=\"yoast-schema-graph\">{\"@context\":\"https:\/\/schema.org\",\"@graph\":[{\"@type\":\"WebSite\",\"@id\":\"https:\/\/www.billia.it\/parchotelbillia\/#website\",\"url\":\"https:\/\/www.billia.it\/parchotelbillia\/\",\"name\":\"Parc Hotel Billia\",\"description\":\"Hotel 4 stelle con spa a Saint-Vincent, Valle d&#039;Aosta\",\"potentialAction\":[{\"@type\":\"SearchAction\",\"target\":{\"@type\":\"EntryPoint\",\"urlTemplate\":\"https:\/\/www.billia.it\/parchotelbillia\/?s={search_term_string}\"},\"query-input\":\"required name=search_term_string\"}],\"inLanguage\":\"it-IT\"},{\"@type\":\"WebPage\",\"@id\":\"https:\/\/www.billia.it\/parchotelbillia\/recensioni\/#webpage\",\"url\":\"https:\/\/www.billia.it\/parchotelbillia\/recensioni\/\",\"name\":\"Recensioni Parc Hotel Billia\",\"isPartOf\":{\"@id\":\"https:\/\/www.billia.it\/parchotelbillia\/#website\"},\"datePublished\":\"2018-02-01T15:32:21+00:00\",\"dateModified\":\"2018-02-01T15:47:25+00:00\",\"description\":\"Recensioni sul Parc Hotel Billia, leggi le recensioni che i clienti hanno lasciato sul Parc Hotel Billia, clicca qui\",\"breadcrumb\":{\"@id\":\"https:\/\/www.billia.it\/parchotelbillia\/recensioni\/#breadcrumb\"},\"inLanguage\":\"it-IT\",\"potentialAction\":[{\"@type\":\"ReadAction\",\"target\":[\"https:\/\/www.billia.it\/parchotelbillia\/recensioni\/\"]}]},{\"@type\":\"BreadcrumbList\",\"@id\":\"https:\/\/www.billia.it\/parchotelbillia\/recensioni\/#breadcrumb\",\"itemListElement\":[{\"@type\":\"ListItem\",\"position\":1,\"name\":\"Home\",\"item\":\"https:\/\/www.billia.it\/parchotelbillia\/\"},{\"@type\":\"ListItem\",\"position\":2,\"name\":\"recensioni sul Parc Hotel Billia\"}]}]}<\/script>\n<!-- \/ Yoast SEO plugin. -->","yoast_head_json":{"title":"Recensioni Parc Hotel Billia","description":"Recensioni sul Parc Hotel Billia, leggi le recensioni che i clienti hanno lasciato sul Parc Hotel Billia, clicca qui","robots":{"index":"index","follow":"follow","max-snippet":"max-snippet:-1","max-image-preview":"max-image-preview:large","max-video-preview":"max-video-preview:-1"},"canonical":"https:\/\/www.billia.it\/parchotelbillia\/recensioni\/","og_locale":"it_IT","og_type":"article","og_title":"Recensioni Parc Hotel Billia","og_description":"Recensioni sul Parc Hotel Billia, leggi le recensioni che i clienti hanno lasciato sul Parc Hotel Billia, clicca qui","og_url":"https:\/\/www.billia.it\/parchotelbillia\/recensioni\/","og_site_name":"Parc Hotel Billia","article_modified_time":"2018-02-01T15:47:25+00:00","twitter_card":"summary","twitter_misc":{"Tempo di lettura stimato":"2 minuti"},"schema":{"@context":"https:\/\/schema.org","@graph":[{"@type":"WebSite","@id":"https:\/\/www.billia.it\/parchotelbillia\/#website","url":"https:\/\/www.billia.it\/parchotelbillia\/","name":"Parc Hotel Billia","description":"Hotel 4 stelle con spa a Saint-Vincent, Valle d&#039;Aosta","potentialAction":[{"@type":"SearchAction","target":{"@type":"EntryPoint","urlTemplate":"https:\/\/www.billia.it\/parchotelbillia\/?s={search_term_string}"},"query-input":"required name=search_term_string"}],"inLanguage":"it-IT"},{"@type":"WebPage","@id":"https:\/\/www.billia.it\/parchotelbillia\/recensioni\/#webpage","url":"https:\/\/www.billia.it\/parchotelbillia\/recensioni\/","name":"Recensioni Parc Hotel Billia","isPartOf":{"@id":"https:\/\/www.billia.it\/parchotelbillia\/#website"},"datePublished":"2018-02-01T15:32:21+00:00","dateModified":"2018-02-01T15:47:25+00:00","description":"Recensioni sul Parc Hotel Billia, leggi le recensioni che i clienti hanno lasciato sul Parc Hotel Billia, clicca qui","breadcrumb":{"@id":"https:\/\/www.billia.it\/parchotelbillia\/recensioni\/#breadcrumb"},"inLanguage":"it-IT","potentialAction":[{"@type":"ReadAction","target":["https:\/\/www.billia.it\/parchotelbillia\/recensioni\/"]}]},{"@type":"BreadcrumbList","@id":"https:\/\/www.billia.it\/parchotelbillia\/recensioni\/#breadcrumb","itemListElement":[{"@type":"ListItem","position":1,"name":"Home","item":"https:\/\/www.billia.it\/parchotelbillia\/"},{"@type":"ListItem","position":2,"name":"recensioni sul Parc Hotel Billia"}]}]}},"_links":{"self":[{"href":"https:\/\/www.billia.it\/parchotelbillia\/wp-json\/wp\/v2\/pages\/2573"}],"collection":[{"href":"https:\/\/www.billia.it\/parchotelbillia\/wp-json\/wp\/v2\/pages"}],"about":[{"href":"https:\/\/www.billia.it\/parchotelbillia\/wp-json\/wp\/v2\/types\/page"}],"author":[{"embeddable":true,"href":"https:\/\/www.billia.it\/parchotelbillia\/wp-json\/wp\/v2\/users\/1"}],"replies":[{"embeddable":true,"href":"https:\/\/www.billia.it\/parchotelbillia\/wp-json\/wp\/v2\/comments?post=2573"}],"version-history":[{"count":14,"href":"https:\/\/www.billia.it\/parchotelbillia\/wp-json\/wp\/v2\/pages\/2573\/revisions"}],"predecessor-version":[{"id":2589,"href":"https:\/\/www.billia.it\/parchotelbillia\/wp-json\/wp\/v2\/pages\/2573\/revisions\/2589"}],"wp:attachment":[{"href":"https:\/\/www.billia.it\/parchotelbillia\/wp-json\/wp\/v2\/media?parent=2573"}],"curies":[{"name":"wp","href":"https:\/\/api.w.org\/{rel}","templated":true}]}}