{"id":622,"date":"2022-02-24T11:02:56","date_gmt":"2022-02-24T10:02:56","guid":{"rendered":"https:\/\/www.billia.it\/spa\/?page_id=622"},"modified":"2022-02-25T08:12:54","modified_gmt":"2022-02-25T07:12:54","slug":"offerte-speciali","status":"publish","type":"page","link":"https:\/\/www.billia.it\/spa\/fr\/offerte-speciali\/","title":{"rendered":"Offres sp\u00e9ciales"},"content":{"rendered":"[vc_row css=\u00a0\u00bb.vc_custom_1645693296547{padding-top: 111px !important;padding-bottom: 111px !important;}\u00a0\u00bb][vc_column width=\u00a0\u00bb1\/2&Prime; offset=\u00a0\u00bbvc_hidden-md vc_hidden-sm\u00a0\u00bb]<div class=\"ult-new-ib ult-ib-effect-style4  ult-ib-resp  \" data-min-width=\"768\" data-max-width=\"900\" style=\"\" data-opacity=\"1\" data-hover-opacity=\"1\" ><img class=\"ult-new-ib-img\" style=\"opacity:1;\" alt=\"null\" src=\"https:\/\/www.billia.it\/spa\/wp-content\/uploads\/sites\/5\/2020\/10\/hotel-saintvincent-1024x576-1.jpg\"   \/><div id=\"interactive-banner-wrap-6122\" class=\"ult-new-ib-desc\" style=\"\"><p class=\"ult-new-ib-title ult-responsive\"  data-ultimate-target='#interactive-banner-wrap-6122 .ult-new-ib-title'  data-responsive-json-new='{\"font-size\":\"desktop:33px;\",\"line-height\":\"desktop:33px;\"}'  style=\"font-weight:normal;color:#1eabe2;\">ENTR\u00c9ES HEBDOMADAIRES<\/p><div class=\"ult-new-ib-content ult-responsive\"  data-ultimate-target='#interactive-banner-wrap-6122 .ult-new-ib-content'  data-responsive-json-new='{\"font-size\":\"\",\"line-height\":\"\"}'  style=\"font-weight:normal;\"><p>Cette offre est destin\u00e9e \u00e0 ceux qui souhaitent se d\u00e9tendre et profiter de notre merveilleux centre de bien-\u00eatre en milieu de semaine.<\/p><\/div><\/div><a class=\"ult-new-ib-link\" href=\"https:\/\/www.billia.it\/spa\/fr\/ingressi-settimanali\/\"  ><\/a><\/div>[\/vc_column][vc_column width=\u00a0\u00bb1\/2&Prime; offset=\u00a0\u00bbvc_hidden-md vc_hidden-sm\u00a0\u00bb]<div class=\"ult-new-ib ult-ib-effect-style4  ult-ib-resp  \" data-min-width=\"768\" data-max-width=\"900\" style=\"\" data-opacity=\"1\" data-hover-opacity=\"1\" ><img class=\"ult-new-ib-img\" style=\"opacity:1;\" alt=\"null\" src=\"https:\/\/www.billia.it\/spa\/wp-content\/uploads\/sites\/5\/2020\/10\/hotel-saintvincent-1024x576-1.jpg\"   \/><div id=\"interactive-banner-wrap-3199\" class=\"ult-new-ib-desc\" style=\"\"><p class=\"ult-new-ib-title ult-responsive\"  data-ultimate-target='#interactive-banner-wrap-3199 .ult-new-ib-title'  data-responsive-json-new='{\"font-size\":\"desktop:33px;\",\"line-height\":\"desktop:33px;\"}'  style=\"font-weight:normal;color:#1eabe2;\">PRIVATE SPA<\/p><div class=\"ult-new-ib-content ult-responsive\"  data-ultimate-target='#interactive-banner-wrap-3199 .ult-new-ib-content'  data-responsive-json-new='{\"font-size\":\"\",\"line-height\":\"\"}'  style=\"font-weight:normal;\"><p>Cette offre s'adresse \u00e0 ceux qui souhaitent faire un usage exclusif de notre centre de bien-\u00eatre.<\/p><\/div><\/div><a class=\"ult-new-ib-link\" href=\"https:\/\/www.billia.it\/spa\/fr\/private-spa\/\"  ><\/a><\/div>[\/vc_column][\/vc_row][vc_row css=\u00a0\u00bb.vc_custom_1645773145783{padding-top: 0px !important;padding-bottom: 111px !important;}\u00a0\u00bb][vc_column offset=\u00a0\u00bbvc_hidden-lg vc_hidden-xs\u00a0\u00bb]<div class=\"ult-new-ib ult-ib-effect-style4  ult-ib-resp  \" data-min-width=\"768\" data-max-width=\"900\" style=\"\" data-opacity=\"1\" data-hover-opacity=\"1\" ><img class=\"ult-new-ib-img\" style=\"opacity:1;\" alt=\"null\" src=\"https:\/\/www.billia.it\/spa\/wp-content\/uploads\/sites\/5\/2020\/10\/hotel-saintvincent-1024x576-1.jpg\"   \/><div id=\"interactive-banner-wrap-5125\" class=\"ult-new-ib-desc\" style=\"\"><p class=\"ult-new-ib-title ult-responsive\"  data-ultimate-target='#interactive-banner-wrap-5125 .ult-new-ib-title'  data-responsive-json-new='{\"font-size\":\"desktop:33px;\",\"line-height\":\"desktop:33px;\"}'  style=\"font-weight:normal;color:#1eabe2;\">ENTR\u00c9ES HEBDOMADAIRES<\/p><div class=\"ult-new-ib-content ult-responsive\"  data-ultimate-target='#interactive-banner-wrap-5125 .ult-new-ib-content'  data-responsive-json-new='{\"font-size\":\"\",\"line-height\":\"\"}'  style=\"font-weight:normal;\"><p>Cette offre est destin\u00e9e \u00e0 ceux qui souhaitent se d\u00e9tendre et profiter de notre merveilleux centre de bien-\u00eatre en milieu de semaine.<\/p><\/div><\/div><a class=\"ult-new-ib-link\" href=\"https:\/\/www.billia.it\/spa\/fr\/ingressi-settimanali\/\"  ><\/a><\/div><div class=\"ult-new-ib ult-ib-effect-style4  ult-ib-resp  \" data-min-width=\"768\" data-max-width=\"900\" style=\"\" data-opacity=\"1\" data-hover-opacity=\"1\" ><img class=\"ult-new-ib-img\" style=\"opacity:1;\" alt=\"null\" src=\"https:\/\/www.billia.it\/spa\/wp-content\/uploads\/sites\/5\/2020\/10\/hotel-saintvincent-1024x576-1.jpg\"   \/><div id=\"interactive-banner-wrap-9229\" class=\"ult-new-ib-desc\" style=\"\"><p class=\"ult-new-ib-title ult-responsive\"  data-ultimate-target='#interactive-banner-wrap-9229 .ult-new-ib-title'  data-responsive-json-new='{\"font-size\":\"desktop:33px;\",\"line-height\":\"desktop:33px;\"}'  style=\"font-weight:normal;color:#1eabe2;\">PRIVATE SPA<\/p><div class=\"ult-new-ib-content ult-responsive\"  data-ultimate-target='#interactive-banner-wrap-9229 .ult-new-ib-content'  data-responsive-json-new='{\"font-size\":\"\",\"line-height\":\"\"}'  style=\"font-weight:normal;\"><p>Cette offre s'adresse \u00e0 ceux qui souhaitent faire un usage exclusif de notre centre de bien-\u00eatre.<\/p><\/div><\/div><a class=\"ult-new-ib-link\" href=\"https:\/\/www.billia.it\/spa\/fr\/private-spa\/\"  ><\/a><\/div>[\/vc_column][\/vc_row]\n","protected":false},"excerpt":{"rendered":"<p>[vc_row css=\u00a0\u00bb.vc_custom_1645693296547{padding-top: 111px !important;padding-bottom: 111px !important;}\u00a0\u00bb][vc_column width=\u00a0\u00bb1\/2&Prime; offset=\u00a0\u00bbvc_hidden-md vc_hidden-sm\u00a0\u00bb][\/vc_column][vc_column width=\u00a0\u00bb1\/2&Prime; offset=\u00a0\u00bbvc_hidden-md vc_hidden-sm\u00a0\u00bb][\/vc_column][\/vc_row][vc_row css=\u00a0\u00bb.vc_custom_1645773145783{padding-top: 0px !important;padding-bottom: 111px !important;}\u00a0\u00bb][vc_column offset=\u00a0\u00bbvc_hidden-lg vc_hidden-xs\u00a0\u00bb][\/vc_column][\/vc_row]<\/p>\n","protected":false},"author":1,"featured_media":0,"parent":0,"menu_order":0,"comment_status":"closed","ping_status":"closed","template":"","meta":[],"yoast_head":"<!-- This site is optimized with the Yoast SEO plugin v18.2 - https:\/\/yoast.com\/wordpress\/plugins\/seo\/ -->\n<title>Offres sp\u00e9ciales - Centro benessere l&#039;EVE<\/title>\n<meta name=\"robots\" content=\"index, follow, max-snippet:-1, max-image-preview:large, max-video-preview:-1\" \/>\n<link rel=\"canonical\" href=\"https:\/\/www.billia.it\/spa\/fr\/offerte-speciali\/\" \/>\n<meta property=\"og:locale\" content=\"fr_FR\" \/>\n<meta property=\"og:type\" content=\"article\" \/>\n<meta property=\"og:title\" content=\"Offres sp\u00e9ciales - Centro benessere l&#039;EVE\" \/>\n<meta property=\"og:description\" content=\"[vc_row css=\u00a0\u00bb.vc_custom_1645693296547{padding-top: 111px !important;padding-bottom: 111px !important;}\u00a0\u00bb][vc_column width=\u00a0\u00bb1\/2&Prime; offset=\u00a0\u00bbvc_hidden-md vc_hidden-sm\u00a0\u00bb][\/vc_column][vc_column width=\u00a0\u00bb1\/2&Prime; offset=\u00a0\u00bbvc_hidden-md vc_hidden-sm\u00a0\u00bb][\/vc_column][\/vc_row][vc_row css=\u00a0\u00bb.vc_custom_1645773145783{padding-top: 0px !important;padding-bottom: 111px !important;}\u00a0\u00bb][vc_column offset=\u00a0\u00bbvc_hidden-lg vc_hidden-xs\u00a0\u00bb][\/vc_column][\/vc_row]\" \/>\n<meta property=\"og:url\" content=\"https:\/\/www.billia.it\/spa\/fr\/offerte-speciali\/\" \/>\n<meta property=\"og:site_name\" content=\"Centro benessere l&#039;EVE\" \/>\n<meta property=\"article:modified_time\" content=\"2022-02-25T07:12:54+00:00\" \/>\n<meta name=\"twitter:card\" content=\"summary\" \/>\n<meta name=\"twitter:label1\" content=\"Dur\u00e9e de lecture estim\u00e9e\" \/>\n\t<meta name=\"twitter:data1\" content=\"1 minute\" \/>\n<script type=\"application\/ld+json\" class=\"yoast-schema-graph\">{\"@context\":\"https:\/\/schema.org\",\"@graph\":[{\"@type\":\"WebSite\",\"@id\":\"https:\/\/www.billia.it\/spa\/#website\",\"url\":\"https:\/\/www.billia.it\/spa\/\",\"name\":\"Centro benessere l&#039;EVE\",\"description\":\"Centro benessere a Saint-Vincent, Valle d&#039;Aosta\",\"potentialAction\":[{\"@type\":\"SearchAction\",\"target\":{\"@type\":\"EntryPoint\",\"urlTemplate\":\"https:\/\/www.billia.it\/spa\/?s={search_term_string}\"},\"query-input\":\"required name=search_term_string\"}],\"inLanguage\":\"fr-FR\"},{\"@type\":\"WebPage\",\"@id\":\"https:\/\/www.billia.it\/spa\/fr\/offerte-speciali\/#webpage\",\"url\":\"https:\/\/www.billia.it\/spa\/fr\/offerte-speciali\/\",\"name\":\"Offres sp\u00e9ciales - Centro benessere l&#039;EVE\",\"isPartOf\":{\"@id\":\"https:\/\/www.billia.it\/spa\/#website\"},\"datePublished\":\"2022-02-24T10:02:56+00:00\",\"dateModified\":\"2022-02-25T07:12:54+00:00\",\"breadcrumb\":{\"@id\":\"https:\/\/www.billia.it\/spa\/fr\/offerte-speciali\/#breadcrumb\"},\"inLanguage\":\"fr-FR\",\"potentialAction\":[{\"@type\":\"ReadAction\",\"target\":[\"https:\/\/www.billia.it\/spa\/fr\/offerte-speciali\/\"]}]},{\"@type\":\"BreadcrumbList\",\"@id\":\"https:\/\/www.billia.it\/spa\/fr\/offerte-speciali\/#breadcrumb\",\"itemListElement\":[{\"@type\":\"ListItem\",\"position\":1,\"name\":\"Home\",\"item\":\"https:\/\/www.billia.it\/spa\/fr\/\"},{\"@type\":\"ListItem\",\"position\":2,\"name\":\"Offres sp\u00e9ciales\"}]}]}<\/script>\n<!-- \/ Yoast SEO plugin. -->","yoast_head_json":{"title":"Offres sp\u00e9ciales - Centro benessere l&#039;EVE","robots":{"index":"index","follow":"follow","max-snippet":"max-snippet:-1","max-image-preview":"max-image-preview:large","max-video-preview":"max-video-preview:-1"},"canonical":"https:\/\/www.billia.it\/spa\/fr\/offerte-speciali\/","og_locale":"fr_FR","og_type":"article","og_title":"Offres sp\u00e9ciales - Centro benessere l&#039;EVE","og_description":"[vc_row css=\u00a0\u00bb.vc_custom_1645693296547{padding-top: 111px !important;padding-bottom: 111px !important;}\u00a0\u00bb][vc_column width=\u00a0\u00bb1\/2&Prime; offset=\u00a0\u00bbvc_hidden-md vc_hidden-sm\u00a0\u00bb][\/vc_column][vc_column width=\u00a0\u00bb1\/2&Prime; offset=\u00a0\u00bbvc_hidden-md vc_hidden-sm\u00a0\u00bb][\/vc_column][\/vc_row][vc_row css=\u00a0\u00bb.vc_custom_1645773145783{padding-top: 0px !important;padding-bottom: 111px !important;}\u00a0\u00bb][vc_column offset=\u00a0\u00bbvc_hidden-lg vc_hidden-xs\u00a0\u00bb][\/vc_column][\/vc_row]","og_url":"https:\/\/www.billia.it\/spa\/fr\/offerte-speciali\/","og_site_name":"Centro benessere l&#039;EVE","article_modified_time":"2022-02-25T07:12:54+00:00","twitter_card":"summary","twitter_misc":{"Dur\u00e9e de lecture estim\u00e9e":"1 minute"},"schema":{"@context":"https:\/\/schema.org","@graph":[{"@type":"WebSite","@id":"https:\/\/www.billia.it\/spa\/#website","url":"https:\/\/www.billia.it\/spa\/","name":"Centro benessere l&#039;EVE","description":"Centro benessere a Saint-Vincent, Valle d&#039;Aosta","potentialAction":[{"@type":"SearchAction","target":{"@type":"EntryPoint","urlTemplate":"https:\/\/www.billia.it\/spa\/?s={search_term_string}"},"query-input":"required name=search_term_string"}],"inLanguage":"fr-FR"},{"@type":"WebPage","@id":"https:\/\/www.billia.it\/spa\/fr\/offerte-speciali\/#webpage","url":"https:\/\/www.billia.it\/spa\/fr\/offerte-speciali\/","name":"Offres sp\u00e9ciales - Centro benessere l&#039;EVE","isPartOf":{"@id":"https:\/\/www.billia.it\/spa\/#website"},"datePublished":"2022-02-24T10:02:56+00:00","dateModified":"2022-02-25T07:12:54+00:00","breadcrumb":{"@id":"https:\/\/www.billia.it\/spa\/fr\/offerte-speciali\/#breadcrumb"},"inLanguage":"fr-FR","potentialAction":[{"@type":"ReadAction","target":["https:\/\/www.billia.it\/spa\/fr\/offerte-speciali\/"]}]},{"@type":"BreadcrumbList","@id":"https:\/\/www.billia.it\/spa\/fr\/offerte-speciali\/#breadcrumb","itemListElement":[{"@type":"ListItem","position":1,"name":"Home","item":"https:\/\/www.billia.it\/spa\/fr\/"},{"@type":"ListItem","position":2,"name":"Offres sp\u00e9ciales"}]}]}},"_links":{"self":[{"href":"https:\/\/www.billia.it\/spa\/fr\/wp-json\/wp\/v2\/pages\/622"}],"collection":[{"href":"https:\/\/www.billia.it\/spa\/fr\/wp-json\/wp\/v2\/pages"}],"about":[{"href":"https:\/\/www.billia.it\/spa\/fr\/wp-json\/wp\/v2\/types\/page"}],"author":[{"embeddable":true,"href":"https:\/\/www.billia.it\/spa\/fr\/wp-json\/wp\/v2\/users\/1"}],"replies":[{"embeddable":true,"href":"https:\/\/www.billia.it\/spa\/fr\/wp-json\/wp\/v2\/comments?post=622"}],"version-history":[{"count":3,"href":"https:\/\/www.billia.it\/spa\/fr\/wp-json\/wp\/v2\/pages\/622\/revisions"}],"predecessor-version":[{"id":639,"href":"https:\/\/www.billia.it\/spa\/fr\/wp-json\/wp\/v2\/pages\/622\/revisions\/639"}],"wp:attachment":[{"href":"https:\/\/www.billia.it\/spa\/fr\/wp-json\/wp\/v2\/media?parent=622"}],"curies":[{"name":"wp","href":"https:\/\/api.w.org\/{rel}","templated":true}]}}