{"id":734,"date":"2023-02-01T14:16:45","date_gmt":"2023-02-01T13:16:45","guid":{"rendered":"https:\/\/www.billia.it\/spa\/?page_id=734"},"modified":"2025-10-23T12:53:22","modified_gmt":"2025-10-23T10:53:22","slug":"trattamenti-estetici","status":"publish","type":"page","link":"https:\/\/www.billia.it\/spa\/fr\/trattamenti-estetici\/","title":{"rendered":"Massages et soins de beaut\u00e9"},"content":{"rendered":"[vc_row][vc_column el_class=\u00a0\u00bbfr-format\u00a0\u00bb][vc_column_text]<em>\u201cLe corps est le d\u00e9but\u2026 le sueil. Le corps est votre v\u00e9rit\u00e9 fondamental\u2026 tes racines.<\/em><br \/>\n<em>Le corps est ton temple. C\u2019est le corps que l\u2019univers t\u2019a donn\u00e9.<\/em><br \/>\n<em>Utilisez-le avec joie. Et si tu commences \u00e0 l\u2019aimer, tu verras qu\u2019il change et s\u2019harmonise\u2026<\/em><br \/>\n<em>Le massage est un outil puissant qui touche les couches les plus profondes de l\u2019\u00eatre, apportant la gu\u00e9rison\u201d<\/em><br \/>\n<em>(Osho)<\/em><\/p>\n<h2>SOINS DU VISAGE<\/h2>\n<h3>Mei ROSA PERSIANA \u2013 peaux sensibles<\/h3>\n<p>avec Calendula et \u00e0 la Rose de Perse, <strong>50 min \u20ac120<\/strong><\/p>\n<h3>Mei DETOX \u2013 peaux mixtes<\/h3>\n<p>avec Quebracho, <strong>50 min \u20ac120<\/strong><\/p>\n<h3>Mei NUTRITIVE \u2013 peaux d\u00e9shydrat\u00e9es<\/h3>\n<p>\u00e0 l\u2019huile essentielle de Tamanu et Macadamia,<strong> 50 min \u20ac130<\/strong><\/p>\n<h3>Mei ANTI-AGE &#8211; r\u00e9g\u00e9n\u00e9rant<\/h3>\n<p>\u00e0 l\u2019Acid Hyaluronique v\u00e9g\u00e9tal, <strong>50 min \u20ac140<\/strong><\/p>\n<h3>Mei LIFTING RITUAL &#8211; liftant<\/h3>\n<p>\u00e0 l\u2019Argent Collo\u00efdal, <strong>50 min \u20ac150<\/strong><\/p>\n<h3>Mei YEUX RADIEUX<\/h3>\n<p><strong>30 min \u20ac70<\/strong><\/p>\n<h2>ESTETICA<\/h2>\n<h3>Manucure esth\u00e9tique<\/h3>\n<p><strong>50 min \u20ac70<\/strong><br \/>\n+ vernis \u00e0 ongle <strong>\u20ac10<\/strong><\/p>\n<h3>P\u00e9dicure esth\u00e9tique<\/h3>\n<p><strong>60 min \u20ac70<\/strong><\/p>\n<h3>P\u00e9dicure curative<\/h3>\n<p><strong>80 min \u20ac90<\/strong><\/p>\n<h3>Manucure + Semi-permanent OPI<\/h3>\n<p><strong>60 min \u20ac130<\/strong><\/p>\n<h3>Seulement Semi-permanent OPI sans manucure<\/h3>\n<p><strong>30 min \u20ac60<\/strong><\/p>\n<h3>Pedicure + Semi-permanent OPI<\/h3>\n<p><strong>60 min \u20ac130<\/strong><\/p>\n<h3>Seulement Semi-permanent OPI sans p\u00e9dicure<\/h3>\n<p><strong>30 min \u20ac60<\/strong><\/p>\n<h3>Epilation<\/h3>\n<p>Cire froide &#8211; Cire Br\u00e9silienne (+ 20% au prix courant)<\/p>\n<p>Moustache <strong>\u20ac15<\/strong><br \/>\nSourcils <strong>\u20ac20<\/strong><br \/>\nBras <strong>\u20ac25<\/strong><br \/>\nAisselles <strong>\u20ac20<\/strong><br \/>\nJambe enti\u00e8re &#8211; Maillot <strong>\u20ac 50 \/ 55<\/strong><br \/>\nDemi &#8211; Jambe <strong>\u20ac35<\/strong><br \/>\nMaillot <strong>\u20ac 25 \/ 35<\/strong><br \/>\nDos + Abdomen <strong>\u20ac65<\/strong><\/p>\n<h2>SOINS DU CORPS<\/h2>\n<h3>PERSIAN ROSE Body &amp; Face<\/h3>\n<p>Rituel corps et visage \u00e0 base d\u2019huile essentielle de Rose de Perse, <strong>80 min \u20ac200<\/strong><\/p>\n<h3>Mei SPA SOTTO SALE<\/h3>\n<p>Rituel corps detox aux extraits de Menthe, Th\u00e9 Vert et Ginseng, <strong>50 min \u20ac150<\/strong><\/p>\n<h3>Mei SPA DOLCE VITA<\/h3>\n<p>Rituel corps hydratant et compactant aux extraits d\u2019Orange Douce et de Carotte, <strong>50 min \u20ac150<\/strong><\/p>\n<h3>Mei BOTANICAL<\/h3>\n<p>Rituel \u00e9lastifiant et d\u00e9toxifiant aux extraits de Pr\u00eale et Argile Verte, <strong>50 min \u20ac150<\/strong><\/p>\n<h3>Mei START UP<\/h3>\n<p>Soin anti-cellulite et drainant aux extraits de Curcuma et de Gingembre<br \/>\nJambes &#8211; Abdomen, <strong>50 min \u20ac150<\/strong><br \/>\nTotal Body, <strong>80 min \u20ac200<\/strong><\/p>\n<h2>MASSAGES DU CORPS<\/h2>\n<h3>DESTRESS<\/h3>\n<p>Relaxant, <strong>50 min \u20ac130<\/strong><\/p>\n<h3>WELLNESS<\/h3>\n<p>D\u00e9contracturant, <strong>50 min \u20ac130<\/strong><\/p>\n<h3>DRAIN<\/h3>\n<p>Drainant, <strong>50 min \u20ac130<\/strong><\/p>\n<h3>MATERNITY<\/h3>\n<p><strong>50 min \u20ac130<\/strong><\/p>\n<h3>CANDLE<\/h3>\n<p>Relaxant &#8211; D\u00e9contracturant &#8211; Drainant, <strong>50 min \u20ac140<\/strong><\/p>\n<h3>PINDA Mei<\/h3>\n<p>Relaxant \u2013 Stimulant, <strong>50 min \u20ac150<\/strong><\/p>\n<h3>PINDA Mei + white purity<\/h3>\n<p>Relaxant \u2013 Stimulant, <strong>80 min \u20ac200<\/strong><\/p>\n<h3>Demi &#8211; Massage<\/h3>\n<p>Jambes o Dos, <strong>30 min \u20ac70<\/strong><\/p>\n<h3>Rituel de couple (Destress \u2013 Wellness \u2013 Drain)<\/h3>\n<p><strong>50 min \u20ac260<\/strong><br \/>\n<strong>80 min \u20ac360<\/strong><\/p>\n<p>&nbsp;<\/p>\n<h4><a href=\"https:\/\/www.billia.it\/spa\/wp-content\/uploads\/sites\/5\/2025\/10\/billia-centro-benessere-listino-A4_FR_251023.pdf\" target=\"_blank\" rel=\"noopener\">T\u00e9l\u00e9chargez le d\u00e9pliant ici<\/a><\/h4>\n<h3>POUR INFORMATIONS ET R\u00c9SERVATIONS:<\/h3>\n<p>Tel. 0166.523536 \u2013 <a href=\"mailto:centro.benessere@svrc.it\">centro.benessere@svrc.it<\/a><\/p>\n<h3>CANCELLATION POLICY:<\/h3>\n<p>Annulation gratuite jusqu\u2019\u00e0 19h30 du jour pr\u00e9c\u00e9dent, pass\u00e9 ce d\u00e9lai, frais du 100% ; ainsi qu\u2019en cas de non-pr\u00e9sentation ou d\u2019annulation tardive[\/vc_column_text][\/vc_column][\/vc_row][vc_row disable_element=\u00a0\u00bbyes\u00a0\u00bb][vc_column][vc_column_text]\u201c<em>Le corps est le d\u00e9but\u2026 le sueil. Le corps est votre v\u00e9rit\u00e9 fondamental\u2026 tes racines.<\/em><br \/>\n<em>Le corps est ton temple. C\u2019est le corps que l\u2019univers t\u2019a donn\u00e9.<\/em><br \/>\n<em>Utilisez-le avec joie. Et si tu commences \u00e0 l\u2019aimer, tu verras qu\u2019il change et s\u2019harmonise\u2026<\/em><br \/>\n<em>Le massage est un outil puissant qui touche les couches les plus profondes de l\u2019\u00eatre, apportant la gu\u00e9rison<\/em>\u201d<br \/>\n(Osho)<\/p>\n<p><strong>SOINS DU VISAGE<\/strong><br \/>\nMei ROSA PERSIANA \u2013 peaux sensibles<br \/>\navec Calendula et \u00e0 la Rose de Perse, 50 min \u20ac120<\/p>\n<p>Mei DETOX \u2013 peaux mixtes<br \/>\navec Quebracho, 50 min \u20ac120<\/p>\n<p>Mei NUTRITIVE \u2013 peaux d\u00e9shydrat\u00e9es<br \/>\n\u00e0 l\u2019huile essentielle de Tamanu et Macadamia, 50 min \u20ac130<\/p>\n<p>Mei ANTI-AGE &#8211; r\u00e9g\u00e9n\u00e9rant<br \/>\n\u00e0 l\u2019Acid Hyaluronique v\u00e9g\u00e9tal, 50 min \u20ac140<\/p>\n<p>Mei LIFTING RITUAL &#8211; liftant<br \/>\n\u00e0 l\u2019Argent Collo\u00efdal, 50 min \u20ac150<\/p>\n<p>Mei YEUX RADIEUX, 30 min \u20ac70<\/p>\n<p><strong>ESTETICA<\/strong><\/p>\n<p>Manucure esth\u00e9tique, 50 min \u20ac70<br \/>\n+ vernis \u00e0 ongle \u20ac10<\/p>\n<p>P\u00e9dicure esth\u00e9tique, 60 min \u20ac70<\/p>\n<p>P\u00e9dicure curative, 80 min \u20ac90<\/p>\n<p>Manucure + Semi-permanent OPI, 60 min \u20ac130<\/p>\n<p>Seulement Semi-permanent OPI sans manucure, 30 min \u20ac60<\/p>\n<p>Pedicure + Semi-permanent OPI, 60 min \u20ac130<\/p>\n<p>Seulement Semi-permanent OPI sans p\u00e9dicure, 30 min \u20ac60<\/p>\n<p><strong>Epilation<\/strong><br \/>\nCire froide &#8211; Cire Br\u00e9silienne (+ 20% au prix courant)<br \/>\nMoustache \u20ac15<br \/>\nSourcils \u20ac20<br \/>\nBras \u20ac25<br \/>\nAisselles \u20ac20<br \/>\nJambe enti\u00e8re &#8211; Maillot \u20ac 50 \/ 55<br \/>\nDemi &#8211; Jambe \u20ac35<br \/>\nMaillot \u20ac 25 \/ 35<br \/>\nDos + Abdomen \u20ac65<\/p>\n<p><strong>SOINS DU CORPS<\/strong><\/p>\n<p>PERSIAN ROSE Body &amp; Face<br \/>\nRituel corps et visage \u00e0 base d\u2019huile essentielle de Rose de Perse, 80 min \u20ac200<\/p>\n<p>Mei SPA SOTTO SALE<br \/>\nRituel corps detox aux extraits de Menthe, Th\u00e9 Vert et Ginseng, 50 min \u20ac150<\/p>\n<p>Mei SPA DOLCE VITA<br \/>\nRituel corps hydratant et compactant aux extraits d\u2019Orange Douce et de Carotte, 50 min \u20ac150<\/p>\n<p>Mei BOTANICAL<br \/>\nRituel \u00e9lastifiant et d\u00e9toxifiant aux extraits de Pr\u00eale et Argile Verte, 50 min \u20ac150<\/p>\n<p>Mei START UP<br \/>\nSoin anti-cellulite et drainant aux extraits de Curcuma et de Gingembre<br \/>\nJambes &#8211; Abdomen, 50 min \u20ac150<br \/>\nTotal Body, 80 min \u20ac200<\/p>\n<p><strong>MASSAGES DU CORPS<\/strong><\/p>\n<p>DESTRESS<br \/>\nRelaxant, 50 min \u20ac130<\/p>\n<p>WELLNESS<br \/>\nD\u00e9contracturant, 50 min \u20ac130<\/p>\n<p>DRAIN<br \/>\nDrainant, 50 min \u20ac130<\/p>\n<p>MATERNITY<br \/>\n50 min \u20ac130<\/p>\n<p>CANDLE<br \/>\nRelaxant &#8211; D\u00e9contracturant &#8211; Drainant, 50 min \u20ac140<\/p>\n<p>PINDA Mei<br \/>\nRelaxant \u2013 Stimulant, 50 min \u20ac150<\/p>\n<p>PINDA Mei + white purity<br \/>\nRelaxant \u2013 Stimulant, 80 min \u20ac200<\/p>\n<p>THAI<br \/>\n50 min \u20ac140<br \/>\n60 min \u20ac150<br \/>\n80 min \u20ac200<\/p>\n<p>Demi &#8211; Massage<br \/>\nJambes o Dos, 30 min \u20ac70<\/p>\n<p>Rituel de couple (Destress \u2013 Wellness \u2013 Drain)<br \/>\n50 min \u20ac260<br \/>\n80 min \u20ac360<\/p>\n<p><a href=\"https:\/\/www.billia.it\/spa\/wp-content\/uploads\/sites\/5\/2023\/06\/billia-spa-listino-A4-FR-23-06-20_WEB.pdf\" target=\"_blank\" rel=\"noopener\">T\u00e9l\u00e9chargez le d\u00e9pliant ici (pdf), 100KB<\/a><\/p>\n<p style=\"font-weight: 400\"><strong>CANCELLATION POLICY:<\/strong><br \/>\nAnnulation gratuite jusqu\u2019\u00e0 19h30 du jour pr\u00e9c\u00e9dent, pass\u00e9 ce d\u00e9lai, frais du 100% ; ainsi qu\u2019en cas de non-pr\u00e9sentation ou d\u2019annulation tardive<\/p>\n[\/vc_column_text][\/vc_column][\/vc_row]\n","protected":false},"excerpt":{"rendered":"<p>[vc_row][vc_column el_class=\u00a0\u00bbfr-format\u00a0\u00bb][vc_column_text]\u201cLe corps est le d\u00e9but\u2026 le sueil. Le corps est votre v\u00e9rit\u00e9 fondamental\u2026 tes racines. Le corps est ton temple. C\u2019est le corps que l\u2019univers t\u2019a donn\u00e9. Utilisez-le avec joie. Et si tu commences \u00e0 l\u2019aimer, tu verras qu\u2019il change et s\u2019harmonise\u2026 Le massage est un outil puissant qui touche les couches les plus [&hellip;]<\/p>\n","protected":false},"author":3,"featured_media":0,"parent":0,"menu_order":0,"comment_status":"closed","ping_status":"closed","template":"","meta":[],"yoast_head":"<!-- This site is optimized with the Yoast SEO plugin v18.2 - https:\/\/yoast.com\/wordpress\/plugins\/seo\/ -->\n<title>Massages et soins de beaut\u00e9 - Centro benessere l&#039;EVE<\/title>\n<meta name=\"robots\" content=\"index, follow, max-snippet:-1, max-image-preview:large, max-video-preview:-1\" \/>\n<link rel=\"canonical\" href=\"https:\/\/www.billia.it\/spa\/fr\/trattamenti-estetici\/\" \/>\n<meta property=\"og:locale\" content=\"fr_FR\" \/>\n<meta property=\"og:type\" content=\"article\" \/>\n<meta property=\"og:title\" content=\"Massages et soins de beaut\u00e9 - Centro benessere l&#039;EVE\" \/>\n<meta property=\"og:description\" content=\"[vc_row][vc_column el_class=\u00a0\u00bbfr-format\u00a0\u00bb][vc_column_text]\u201cLe corps est le d\u00e9but\u2026 le sueil. Le corps est votre v\u00e9rit\u00e9 fondamental\u2026 tes racines. Le corps est ton temple. C\u2019est le corps que l\u2019univers t\u2019a donn\u00e9. Utilisez-le avec joie. Et si tu commences \u00e0 l\u2019aimer, tu verras qu\u2019il change et s\u2019harmonise\u2026 Le massage est un outil puissant qui touche les couches les plus [&hellip;]\" \/>\n<meta property=\"og:url\" content=\"https:\/\/www.billia.it\/spa\/fr\/trattamenti-estetici\/\" \/>\n<meta property=\"og:site_name\" content=\"Centro benessere l&#039;EVE\" \/>\n<meta property=\"article:modified_time\" content=\"2025-10-23T10:53:22+00:00\" \/>\n<meta name=\"twitter:card\" content=\"summary\" \/>\n<meta name=\"twitter:label1\" content=\"Dur\u00e9e de lecture estim\u00e9e\" \/>\n\t<meta name=\"twitter:data1\" content=\"1 minute\" \/>\n<script type=\"application\/ld+json\" class=\"yoast-schema-graph\">{\"@context\":\"https:\/\/schema.org\",\"@graph\":[{\"@type\":\"WebSite\",\"@id\":\"https:\/\/www.billia.it\/spa\/#website\",\"url\":\"https:\/\/www.billia.it\/spa\/\",\"name\":\"Centro benessere l&#039;EVE\",\"description\":\"Centro benessere a Saint-Vincent, Valle d&#039;Aosta\",\"potentialAction\":[{\"@type\":\"SearchAction\",\"target\":{\"@type\":\"EntryPoint\",\"urlTemplate\":\"https:\/\/www.billia.it\/spa\/?s={search_term_string}\"},\"query-input\":\"required name=search_term_string\"}],\"inLanguage\":\"fr-FR\"},{\"@type\":\"WebPage\",\"@id\":\"https:\/\/www.billia.it\/spa\/fr\/trattamenti-estetici\/#webpage\",\"url\":\"https:\/\/www.billia.it\/spa\/fr\/trattamenti-estetici\/\",\"name\":\"Massages et soins de beaut\u00e9 - Centro benessere l&#039;EVE\",\"isPartOf\":{\"@id\":\"https:\/\/www.billia.it\/spa\/#website\"},\"datePublished\":\"2023-02-01T13:16:45+00:00\",\"dateModified\":\"2025-10-23T10:53:22+00:00\",\"breadcrumb\":{\"@id\":\"https:\/\/www.billia.it\/spa\/fr\/trattamenti-estetici\/#breadcrumb\"},\"inLanguage\":\"fr-FR\",\"potentialAction\":[{\"@type\":\"ReadAction\",\"target\":[\"https:\/\/www.billia.it\/spa\/fr\/trattamenti-estetici\/\"]}]},{\"@type\":\"BreadcrumbList\",\"@id\":\"https:\/\/www.billia.it\/spa\/fr\/trattamenti-estetici\/#breadcrumb\",\"itemListElement\":[{\"@type\":\"ListItem\",\"position\":1,\"name\":\"Home\",\"item\":\"https:\/\/www.billia.it\/spa\/fr\/\"},{\"@type\":\"ListItem\",\"position\":2,\"name\":\"Massages et soins de beaut\u00e9\"}]}]}<\/script>\n<!-- \/ Yoast SEO plugin. -->","yoast_head_json":{"title":"Massages et soins de beaut\u00e9 - Centro benessere l&#039;EVE","robots":{"index":"index","follow":"follow","max-snippet":"max-snippet:-1","max-image-preview":"max-image-preview:large","max-video-preview":"max-video-preview:-1"},"canonical":"https:\/\/www.billia.it\/spa\/fr\/trattamenti-estetici\/","og_locale":"fr_FR","og_type":"article","og_title":"Massages et soins de beaut\u00e9 - Centro benessere l&#039;EVE","og_description":"[vc_row][vc_column el_class=\u00a0\u00bbfr-format\u00a0\u00bb][vc_column_text]\u201cLe corps est le d\u00e9but\u2026 le sueil. Le corps est votre v\u00e9rit\u00e9 fondamental\u2026 tes racines. Le corps est ton temple. C\u2019est le corps que l\u2019univers t\u2019a donn\u00e9. Utilisez-le avec joie. Et si tu commences \u00e0 l\u2019aimer, tu verras qu\u2019il change et s\u2019harmonise\u2026 Le massage est un outil puissant qui touche les couches les plus [&hellip;]","og_url":"https:\/\/www.billia.it\/spa\/fr\/trattamenti-estetici\/","og_site_name":"Centro benessere l&#039;EVE","article_modified_time":"2025-10-23T10:53:22+00:00","twitter_card":"summary","twitter_misc":{"Dur\u00e9e de lecture estim\u00e9e":"1 minute"},"schema":{"@context":"https:\/\/schema.org","@graph":[{"@type":"WebSite","@id":"https:\/\/www.billia.it\/spa\/#website","url":"https:\/\/www.billia.it\/spa\/","name":"Centro benessere l&#039;EVE","description":"Centro benessere a Saint-Vincent, Valle d&#039;Aosta","potentialAction":[{"@type":"SearchAction","target":{"@type":"EntryPoint","urlTemplate":"https:\/\/www.billia.it\/spa\/?s={search_term_string}"},"query-input":"required name=search_term_string"}],"inLanguage":"fr-FR"},{"@type":"WebPage","@id":"https:\/\/www.billia.it\/spa\/fr\/trattamenti-estetici\/#webpage","url":"https:\/\/www.billia.it\/spa\/fr\/trattamenti-estetici\/","name":"Massages et soins de beaut\u00e9 - Centro benessere l&#039;EVE","isPartOf":{"@id":"https:\/\/www.billia.it\/spa\/#website"},"datePublished":"2023-02-01T13:16:45+00:00","dateModified":"2025-10-23T10:53:22+00:00","breadcrumb":{"@id":"https:\/\/www.billia.it\/spa\/fr\/trattamenti-estetici\/#breadcrumb"},"inLanguage":"fr-FR","potentialAction":[{"@type":"ReadAction","target":["https:\/\/www.billia.it\/spa\/fr\/trattamenti-estetici\/"]}]},{"@type":"BreadcrumbList","@id":"https:\/\/www.billia.it\/spa\/fr\/trattamenti-estetici\/#breadcrumb","itemListElement":[{"@type":"ListItem","position":1,"name":"Home","item":"https:\/\/www.billia.it\/spa\/fr\/"},{"@type":"ListItem","position":2,"name":"Massages et soins de beaut\u00e9"}]}]}},"_links":{"self":[{"href":"https:\/\/www.billia.it\/spa\/fr\/wp-json\/wp\/v2\/pages\/734"}],"collection":[{"href":"https:\/\/www.billia.it\/spa\/fr\/wp-json\/wp\/v2\/pages"}],"about":[{"href":"https:\/\/www.billia.it\/spa\/fr\/wp-json\/wp\/v2\/types\/page"}],"author":[{"embeddable":true,"href":"https:\/\/www.billia.it\/spa\/fr\/wp-json\/wp\/v2\/users\/3"}],"replies":[{"embeddable":true,"href":"https:\/\/www.billia.it\/spa\/fr\/wp-json\/wp\/v2\/comments?post=734"}],"version-history":[{"count":14,"href":"https:\/\/www.billia.it\/spa\/fr\/wp-json\/wp\/v2\/pages\/734\/revisions"}],"predecessor-version":[{"id":897,"href":"https:\/\/www.billia.it\/spa\/fr\/wp-json\/wp\/v2\/pages\/734\/revisions\/897"}],"wp:attachment":[{"href":"https:\/\/www.billia.it\/spa\/fr\/wp-json\/wp\/v2\/media?parent=734"}],"curies":[{"name":"wp","href":"https:\/\/api.w.org\/{rel}","templated":true}]}}